{"id":2226,"date":"2015-08-22T11:40:51","date_gmt":"2015-08-22T10:40:51","guid":{"rendered":"https:\/\/irenepublishing.com\/writers-residence\/"},"modified":"2025-02-09T20:11:13","modified_gmt":"2025-02-09T19:11:13","slug":"skrivarlya","status":"publish","type":"page","link":"https:\/\/irenepublishing.com\/sv\/skrivarlya\/","title":{"rendered":"Skrivarlya"},"content":{"rendered":"\t\t<div data-elementor-type=\"wp-page\" data-elementor-id=\"2226\" class=\"elementor elementor-2226\" data-elementor-post-type=\"page\">\n\t\t\t\t\t\t<section class=\"elementor-section elementor-top-section elementor-element elementor-element-cef03ff elementor-section-full_width elementor-section-stretched elementor-section-height-default elementor-section-height-default\" data-id=\"cef03ff\" data-element_type=\"section\" data-settings=\"{&quot;stretch_section&quot;:&quot;section-stretched&quot;,&quot;background_background&quot;:&quot;classic&quot;}\">\n\t\t\t\t\t\t<div class=\"elementor-container elementor-column-gap-default\">\n\t\t\t\t\t<div class=\"elementor-column elementor-col-100 elementor-top-column elementor-element elementor-element-9d056cb\" data-id=\"9d056cb\" data-element_type=\"column\">\n\t\t\t<div class=\"elementor-widget-wrap elementor-element-populated\">\n\t\t\t\t\t\t<div class=\"elementor-element elementor-element-7a71ac6 elementor-widget elementor-widget-spacer\" data-id=\"7a71ac6\" data-element_type=\"widget\" data-widget_type=\"spacer.default\">\n\t\t\t\t<div class=\"elementor-widget-container\">\n\t\t\t\t\t\t\t<div class=\"elementor-spacer\">\n\t\t\t<div class=\"elementor-spacer-inner\"><\/div>\n\t\t<\/div>\n\t\t\t\t\t\t<\/div>\n\t\t\t\t<\/div>\n\t\t\t\t<div class=\"elementor-element elementor-element-25a9542 elementor-widget elementor-widget-spacer\" data-id=\"25a9542\" data-element_type=\"widget\" data-widget_type=\"spacer.default\">\n\t\t\t\t<div class=\"elementor-widget-container\">\n\t\t\t\t\t\t\t<div class=\"elementor-spacer\">\n\t\t\t<div class=\"elementor-spacer-inner\"><\/div>\n\t\t<\/div>\n\t\t\t\t\t\t<\/div>\n\t\t\t\t<\/div>\n\t\t\t\t\t<\/div>\n\t\t<\/div>\n\t\t\t\t\t<\/div>\n\t\t<\/section>\n\t\t\t\t<section class=\"elementor-section elementor-top-section elementor-element elementor-element-4123d746 elementor-section-boxed elementor-section-height-default elementor-section-height-default\" data-id=\"4123d746\" data-element_type=\"section\">\n\t\t\t\t\t\t<div class=\"elementor-container elementor-column-gap-default\">\n\t\t\t\t\t<div class=\"elementor-column elementor-col-100 elementor-top-column elementor-element elementor-element-437ded68\" data-id=\"437ded68\" data-element_type=\"column\">\n\t\t\t<div class=\"elementor-widget-wrap elementor-element-populated\">\n\t\t\t\t\t\t<div class=\"elementor-element elementor-element-45a9990 elementor-widget elementor-widget-spacer\" data-id=\"45a9990\" data-element_type=\"widget\" data-widget_type=\"spacer.default\">\n\t\t\t\t<div class=\"elementor-widget-container\">\n\t\t\t\t\t\t\t<div class=\"elementor-spacer\">\n\t\t\t<div class=\"elementor-spacer-inner\"><\/div>\n\t\t<\/div>\n\t\t\t\t\t\t<\/div>\n\t\t\t\t<\/div>\n\t\t\t\t<div class=\"elementor-element elementor-element-3e7f8c14 elementor-widget elementor-widget-text-editor\" data-id=\"3e7f8c14\" data-element_type=\"widget\" data-widget_type=\"text-editor.default\">\n\t\t\t\t<div class=\"elementor-widget-container\">\n\t\t\t\t\t\t\t\t\t<figure id=\"attachment_578\" aria-describedby=\"caption-attachment-578\" style=\"width: 232px\" class=\"wp-caption alignleft\"><a href=\"https:\/\/irenepublishing.com\/wp-content\/uploads\/2015\/08\/2015-01-30-11.37.38.jpg\"><img decoding=\"async\" class=\"wp-image-578\" src=\"https:\/\/irenepublishing.com\/wp-content\/uploads\/2015\/08\/2015-01-30-11.37.38-440x330.jpg\" alt=\"2015-01-30 11.37.38\" width=\"232\" height=\"174\" srcset=\"https:\/\/irenepublishing.com\/wp-content\/uploads\/2015\/08\/2015-01-30-11.37.38-440x330.jpg 440w, https:\/\/irenepublishing.com\/wp-content\/uploads\/2015\/08\/2015-01-30-11.37.38-scaled-1000x750.jpg 1000w, https:\/\/irenepublishing.com\/wp-content\/uploads\/2015\/08\/2015-01-30-11.37.38-620x465.jpg 620w, https:\/\/irenepublishing.com\/wp-content\/uploads\/2015\/08\/2015-01-30-11.37.38-768x576.jpg 768w, https:\/\/irenepublishing.com\/wp-content\/uploads\/2015\/08\/2015-01-30-11.37.38-1536x1152.jpg 1536w, https:\/\/irenepublishing.com\/wp-content\/uploads\/2015\/08\/2015-01-30-11.37.38-2048x1536.jpg 2048w\" sizes=\"(max-width: 232px) 100vw, 232px\" \/><\/a><figcaption id=\"caption-attachment-578\" class=\"wp-caption-text\">Vintervy \u00f6ver skrivarlyan<\/figcaption><\/figure><p><em>Irene Publishing&#8217;s skrivarlya<\/em> \u00e4r en lugn och tyst plats f\u00f6r dig som vill fokusera p\u00e5 ditt skrivande i ett par veckor eller m\u00e5nader. Det drivs av J\u00f8rgen Johansen och Dr. Majken Jul S\u00f8rensen p\u00e5 en vacker plats i den svenska skogen n\u00e4ra sj\u00f6n Stora Lee. Irene Publishing \u00e4r engagerade i att arbeta f\u00f6r fred genom fredliga medel. Vi tror att m\u00e4nniskor kan skapa en b\u00e4ttre v\u00e4rld utan v\u00e5ld, men att detta kr\u00e4ver kunskap, f\u00e4rdigheter och analys Att erbjuda en plats d\u00e4r m\u00e4nniskor kan reflektera genom l\u00e4sning och skrivande om ickev\u00e5ld eller dokumentera sina aktivistiska erfarenheter \u00e4r ett s\u00e4tt vi bidrar till att utveckla mer kunskap. Vi har ett omfattande bibliotek med flera tusen relevanta b\u00f6cker f\u00f6r v\u00e5ra omr\u00e5den och som v\u00e4rd erbjuder vi kommentarer p\u00e5 dina utkast. Vi har b\u00e5da akademisk bakgrund samt internationell erfarenhet av praktiskt och politiskt arbete.<\/p><h3>Vem \u00e4r v\u00e4lkommen?<\/h3><p>Ir<em><a href=\"https:\/\/irenepublishing.com\/wp-content\/uploads\/2015\/08\/a-corner-for-writing.jpg\"><img decoding=\"async\" class=\"alignleft wp-image-690\" src=\"https:\/\/irenepublishing.com\/wp-content\/uploads\/2015\/08\/a-corner-for-writing-330x440.jpg\" alt=\"Skrivh\u00f6rna\" width=\"177\" height=\"236\" srcset=\"https:\/\/irenepublishing.com\/wp-content\/uploads\/2015\/08\/a-corner-for-writing-330x440.jpg 330w, https:\/\/irenepublishing.com\/wp-content\/uploads\/2015\/08\/a-corner-for-writing-scaled-1000x1333.jpg 1000w, https:\/\/irenepublishing.com\/wp-content\/uploads\/2015\/08\/a-corner-for-writing-465x620.jpg 465w, https:\/\/irenepublishing.com\/wp-content\/uploads\/2015\/08\/a-corner-for-writing-768x1024.jpg 768w, https:\/\/irenepublishing.com\/wp-content\/uploads\/2015\/08\/a-corner-for-writing-1152x1536.jpg 1152w, https:\/\/irenepublishing.com\/wp-content\/uploads\/2015\/08\/a-corner-for-writing-1536x2048.jpg 1536w, https:\/\/irenepublishing.com\/wp-content\/uploads\/2015\/08\/a-corner-for-writing-scaled.jpg 1920w\" sizes=\"(max-width: 177px) 100vw, 177px\" \/><\/a><\/em>Irene Publishings skrivarlya \u00e4r en tj\u00e4nst f\u00f6r alla som skriver om \u00e4mnen relaterade till ickev\u00e5ldsmotst\u00e5nd, fred, konflikthantering, civil olydnad, politisk aktivism etc. Du beh\u00f6ver inte publicera dina texter via oss f\u00f6r att f\u00e5 bes\u00f6ka oss. Skrivarlyan \u00e4r en plats f\u00f6r aktivister, akademiker, unders\u00f6kande journalister och andra som beh\u00f6ver en lugn plats f\u00f6r att fokusera p\u00e5 sitt skrivande. Det kan vara f\u00f6r att skriva en artikel eller rapport om dina personliga erfarenheter, eller avsluta en bok eller avhandling. Om du tror att detta kan vara n\u00e5got f\u00f6r dig, skicka oss tv\u00e5 sidor om dig sj\u00e4lv, varf\u00f6r du beh\u00f6ver lite tid borta hemifr\u00e5n och vad du planerar att skriva medan du \u00e4r h\u00e4r. Kontakta oss p\u00e5 irene.publishing[at]gmail.com!<a href=\"https:\/\/irenepublishing.com\/wp-content\/uploads\/2015\/08\/office2-e1444069628304.jpg\"><img decoding=\"async\" class=\"wp-image-691 alignright\" src=\"https:\/\/irenepublishing.com\/wp-content\/uploads\/2015\/08\/office2-e1444069628304-440x311.jpg\" alt=\"Kontor\" width=\"187\" height=\"133\" srcset=\"https:\/\/irenepublishing.com\/wp-content\/uploads\/2015\/08\/office2-e1444069628304-440x311.jpg 440w, https:\/\/irenepublishing.com\/wp-content\/uploads\/2015\/08\/office2-e1444069628304-1000x707.jpg 1000w, https:\/\/irenepublishing.com\/wp-content\/uploads\/2015\/08\/office2-e1444069628304-620x438.jpg 620w, https:\/\/irenepublishing.com\/wp-content\/uploads\/2015\/08\/office2-e1444069628304-768x543.jpg 768w, https:\/\/irenepublishing.com\/wp-content\/uploads\/2015\/08\/office2-e1444069628304.jpg 1199w\" sizes=\"(max-width: 187px) 100vw, 187px\" \/><\/a><\/p><h3>Vittnesm\u00e5l fr\u00e5n en bes\u00f6kare<\/h3><p style=\"text-align: left;\"><em>I have found moments of silence, looking out over the water or crunching over leaves in the woods, to reflect on how all my wayward threads of interest\u2014youth organizing and peace building and social justice\u2014can be tied together, even when those threads seem tangled tightly into knots.<\/em><\/p><p style=\"text-align: right;\"><em>Sarah Freeman-Woolpert<\/em><\/p><h3>Vad kostar det?<\/h3><p>Priset f\u00f6r att bes\u00f6ka skrivarlyan beror p\u00e5 hur l\u00e4nge du stannar, om du vill ha kommentarer p\u00e5 ditt arbete fr\u00e5n oss och hur sj\u00e4lvg\u00e5ende du \u00e4r med matlagning.<\/p><p>1 person, en vecka, sj\u00e4lvhush\u00e5ll, inklusive transport till och fr\u00e5n j\u00e4rnv\u00e4gsstationen \u2013 3 500 SEK<\/p><p>F\u00f6r st\u00f6rre grupper eller vistelser \u00f6ver en l\u00e4ngre period, inklusive deltagande i seminarier och workshops, v\u00e4nligen kontakta oss.<\/p><figure id=\"attachment_686\" aria-describedby=\"caption-attachment-686\" style=\"width: 230px\" class=\"wp-caption alignright\"><a href=\"https:\/\/irenepublishing.com\/wp-content\/uploads\/2015\/09\/image-1.jpeg\"><img loading=\"lazy\" decoding=\"async\" class=\" wp-image-686\" src=\"https:\/\/irenepublishing.com\/wp-content\/uploads\/2015\/09\/image-1-440x329.jpeg\" alt=\"Rast\" width=\"230\" height=\"172\" srcset=\"https:\/\/irenepublishing.com\/wp-content\/uploads\/2015\/09\/image-1-440x329.jpeg 440w, https:\/\/irenepublishing.com\/wp-content\/uploads\/2015\/09\/image-1-scaled-1000x747.jpeg 1000w, https:\/\/irenepublishing.com\/wp-content\/uploads\/2015\/09\/image-1-620x463.jpeg 620w, https:\/\/irenepublishing.com\/wp-content\/uploads\/2015\/09\/image-1-768x574.jpeg 768w, https:\/\/irenepublishing.com\/wp-content\/uploads\/2015\/09\/image-1-1536x1147.jpeg 1536w, https:\/\/irenepublishing.com\/wp-content\/uploads\/2015\/09\/image-1-2048x1530.jpeg 2048w\" sizes=\"(max-width: 230px) 100vw, 230px\" \/><\/a><figcaption id=\"caption-attachment-686\" class=\"wp-caption-text\">Rast<\/figcaption><\/figure><h3>Praktisk information<\/h3><p>Skrivarlyan ligger i Sparsn\u00e4s i v\u00e4stra Sverige, n\u00e4ra gr\u00e4nsen till Norge. Det \u00e4r en mycket lugn plats mitt i skogen med f\u00e5 distraktioner. N\u00e4rmaste by \u00e4r 4 kilometer bort, n\u00e4rmaste st\u00e4der 35 kilometer. Skrivarlyan har fem rum med s\u00e4ngar och skrivbord, Wi-Fi och g\u00e4sterna delar k\u00f6k och badrum. Du beh\u00f6ver ordna din egen resa antingen till Ed i Sverige eller Halden i Norge d\u00e4r vi kan h\u00e4mta upp dig.<\/p><h3>Vad mer?<\/h3><figure id=\"attachment_580\" aria-describedby=\"caption-attachment-580\" style=\"width: 219px\" class=\"wp-caption alignleft\"><a href=\"https:\/\/irenepublishing.com\/wp-content\/uploads\/2015\/08\/P62900661.jpg\"><img loading=\"lazy\" decoding=\"async\" class=\" wp-image-580\" src=\"https:\/\/irenepublishing.com\/wp-content\/uploads\/2015\/08\/P62900661-330x440.jpg\" alt=\"OLYMPUS DIGITAL CAMERA\" width=\"219\" height=\"292\" srcset=\"https:\/\/irenepublishing.com\/wp-content\/uploads\/2015\/08\/P62900661-330x440.jpg 330w, https:\/\/irenepublishing.com\/wp-content\/uploads\/2015\/08\/P62900661-scaled-1000x1333.jpg 1000w, https:\/\/irenepublishing.com\/wp-content\/uploads\/2015\/08\/P62900661-465x620.jpg 465w, https:\/\/irenepublishing.com\/wp-content\/uploads\/2015\/08\/P62900661-768x1024.jpg 768w, https:\/\/irenepublishing.com\/wp-content\/uploads\/2015\/08\/P62900661-1152x1536.jpg 1152w, https:\/\/irenepublishing.com\/wp-content\/uploads\/2015\/08\/P62900661-1536x2048.jpg 1536w, https:\/\/irenepublishing.com\/wp-content\/uploads\/2015\/08\/P62900661-scaled.jpg 1920w\" sizes=\"(max-width: 219px) 100vw, 219px\" \/><\/a><figcaption id=\"caption-attachment-580\" class=\"wp-caption-text\">Gr\u00f6nsaker i tr\u00e4dg\u00e5rden<\/figcaption><\/figure><p>N\u00e4r du inte skriver kan du ta promenader i skogen, plocka b\u00e4r och svamp (beroende p\u00e5 s\u00e4songen), ro p\u00e5 sj\u00f6n, kanske f\u00e5nga n\u00e5gra fiskar till middag, hj\u00e4lpa oss att underh\u00e5lla biblioteket, m\u00e5la en v\u00e4gg p\u00e5 en av byggnaderna eller hj\u00e4lpa till i den stora gr\u00f6nsaksodlingen. Du kommer att finna unika m\u00f6jligheter att kombinera praktiskt arbete med vila och l\u00e4sning och skrivande.<\/p><p>Om du stors\u00e4der finns det allm\u00e4nna kommunikationsf\u00f6rbindelser till G\u00f6teborg eller Oslo, b\u00e5da ungef\u00e4r 2 \u00bd timmar bort.<\/p><figure id=\"attachment_583\" aria-describedby=\"caption-attachment-583\" style=\"width: 440px\" class=\"wp-caption alignleft\"><a href=\"https:\/\/irenepublishing.com\/wp-content\/uploads\/2015\/08\/P6050054.jpg\"><img loading=\"lazy\" decoding=\"async\" class=\"size-medium wp-image-583\" src=\"https:\/\/irenepublishing.com\/wp-content\/uploads\/2015\/08\/P6050054-440x330.jpg\" alt=\"En skogspromenad\" width=\"440\" height=\"330\" srcset=\"https:\/\/irenepublishing.com\/wp-content\/uploads\/2015\/08\/P6050054-440x330.jpg 440w, https:\/\/irenepublishing.com\/wp-content\/uploads\/2015\/08\/P6050054-scaled-1000x750.jpg 1000w, https:\/\/irenepublishing.com\/wp-content\/uploads\/2015\/08\/P6050054-620x465.jpg 620w, https:\/\/irenepublishing.com\/wp-content\/uploads\/2015\/08\/P6050054-768x576.jpg 768w, https:\/\/irenepublishing.com\/wp-content\/uploads\/2015\/08\/P6050054-1536x1152.jpg 1536w, https:\/\/irenepublishing.com\/wp-content\/uploads\/2015\/08\/P6050054-2048x1536.jpg 2048w\" sizes=\"(max-width: 440px) 100vw, 440px\" \/><\/a><figcaption id=\"caption-attachment-583\" class=\"wp-caption-text\">En skogspromenad<\/figcaption><\/figure><p>Under din vistelse kan det komma fler g\u00e4ster. Vi har ett internationellt n\u00e4tverk av forskare och omr\u00e5desspecialister associerade med Irene som regelbundet bes\u00f6ker, organiserar eller deltar i seminarier. Om du stannar l\u00e4ngre kommer du att kunna ansluta till en bredare gemenskap av sociala f\u00f6r\u00e4ndringsarbetare, och vi kan hj\u00e4lpa dig att arrangera ett seminarium relaterat till dina intressen.<\/p>\t\t\t\t\t\t\t\t<\/div>\n\t\t\t\t<\/div>\n\t\t\t\t\t<\/div>\n\t\t<\/div>\n\t\t\t\t\t<\/div>\n\t\t<\/section>\n\t\t\t\t<\/div>\n\t\t","protected":false},"excerpt":{"rendered":"<p>Irene Publishing&#8217;s skrivarlya \u00e4r en lugn och tyst plats f\u00f6r dig som vill fokusera p\u00e5 ditt skrivande i ett par veckor eller m\u00e5nader. Det drivs av J\u00f8rgen Johansen och Dr. Majken Jul S\u00f8rensen p\u00e5 en vacker plats i den svenska skogen n\u00e4ra sj\u00f6n Stora Lee. Irene Publishing \u00e4r engagerade i att arbeta f\u00f6r fred genom [&hellip;]<\/p>\n","protected":false},"author":3,"featured_media":0,"parent":0,"menu_order":0,"comment_status":"closed","ping_status":"closed","template":"","meta":{"site-sidebar-layout":"default","site-content-layout":"default","ast-site-content-layout":"default","site-content-style":"default","site-sidebar-style":"default","ast-global-header-display":"","ast-banner-title-visibility":"","ast-main-header-display":"","ast-hfb-above-header-display":"","ast-hfb-below-header-display":"","ast-hfb-mobile-header-display":"","site-post-title":"disabled","ast-breadcrumbs-content":"","ast-featured-img":"","footer-sml-layout":"","theme-transparent-header-meta":"default","adv-header-id-meta":"","stick-header-meta":"","header-above-stick-meta":"","header-main-stick-meta":"","header-below-stick-meta":"","astra-migrate-meta-layouts":"set","ast-page-background-enabled":"default","ast-page-background-meta":{"desktop":{"background-color":"var(--ast-global-color-4)","background-image":"","background-repeat":"repeat","background-position":"center center","background-size":"auto","background-attachment":"scroll","background-type":"","background-media":"","overlay-type":"","overlay-color":"","overlay-opacity":"","overlay-gradient":""},"tablet":{"background-color":"","background-image":"","background-repeat":"repeat","background-position":"center center","background-size":"auto","background-attachment":"scroll","background-type":"","background-media":"","overlay-type":"","overlay-color":"","overlay-opacity":"","overlay-gradient":""},"mobile":{"background-color":"","background-image":"","background-repeat":"repeat","background-position":"center center","background-size":"auto","background-attachment":"scroll","background-type":"","background-media":"","overlay-type":"","overlay-color":"","overlay-opacity":"","overlay-gradient":""}},"ast-content-background-meta":{"desktop":{"background-color":"var(--ast-global-color-5)","background-image":"","background-repeat":"repeat","background-position":"center center","background-size":"auto","background-attachment":"scroll","background-type":"","background-media":"","overlay-type":"","overlay-color":"","overlay-opacity":"","overlay-gradient":""},"tablet":{"background-color":"var(--ast-global-color-5)","background-image":"","background-repeat":"repeat","background-position":"center center","background-size":"auto","background-attachment":"scroll","background-type":"","background-media":"","overlay-type":"","overlay-color":"","overlay-opacity":"","overlay-gradient":""},"mobile":{"background-color":"var(--ast-global-color-5)","background-image":"","background-repeat":"repeat","background-position":"center center","background-size":"auto","background-attachment":"scroll","background-type":"","background-media":"","overlay-type":"","overlay-color":"","overlay-opacity":"","overlay-gradient":""}},"footnotes":""},"class_list":["post-2226","page","type-page","status-publish","hentry"],"_links":{"self":[{"href":"https:\/\/irenepublishing.com\/sv\/wp-json\/wp\/v2\/pages\/2226","targetHints":{"allow":["GET"]}}],"collection":[{"href":"https:\/\/irenepublishing.com\/sv\/wp-json\/wp\/v2\/pages"}],"about":[{"href":"https:\/\/irenepublishing.com\/sv\/wp-json\/wp\/v2\/types\/page"}],"author":[{"embeddable":true,"href":"https:\/\/irenepublishing.com\/sv\/wp-json\/wp\/v2\/users\/3"}],"replies":[{"embeddable":true,"href":"https:\/\/irenepublishing.com\/sv\/wp-json\/wp\/v2\/comments?post=2226"}],"version-history":[{"count":11,"href":"https:\/\/irenepublishing.com\/sv\/wp-json\/wp\/v2\/pages\/2226\/revisions"}],"predecessor-version":[{"id":2773,"href":"https:\/\/irenepublishing.com\/sv\/wp-json\/wp\/v2\/pages\/2226\/revisions\/2773"}],"wp:attachment":[{"href":"https:\/\/irenepublishing.com\/sv\/wp-json\/wp\/v2\/media?parent=2226"}],"curies":[{"name":"wp","href":"https:\/\/api.w.org\/{rel}","templated":true}]}}