{"id":2235,"date":"2011-12-08T15:41:48","date_gmt":"2011-12-08T14:41:48","guid":{"rendered":"https:\/\/irenepublishing.com\/om-irene\/"},"modified":"2025-12-21T14:54:49","modified_gmt":"2025-12-21T13:54:49","slug":"om-irene","status":"publish","type":"page","link":"https:\/\/irenepublishing.com\/sv\/om-irene\/","title":{"rendered":"Om Irene"},"content":{"rendered":"\t\t<div data-elementor-type=\"wp-page\" data-elementor-id=\"2235\" class=\"elementor elementor-2235 elementor-91\" data-elementor-post-type=\"page\">\n\t\t\t\t\t\t<section class=\"elementor-section elementor-top-section elementor-element elementor-element-488b6d5 elementor-section-full_width elementor-section-stretched elementor-section-height-default elementor-section-height-default\" data-id=\"488b6d5\" data-element_type=\"section\" data-settings=\"{&quot;stretch_section&quot;:&quot;section-stretched&quot;,&quot;background_background&quot;:&quot;classic&quot;}\">\n\t\t\t\t\t\t<div class=\"elementor-container elementor-column-gap-default\">\n\t\t\t\t\t<div class=\"elementor-column elementor-col-100 elementor-top-column elementor-element elementor-element-0c3467e\" data-id=\"0c3467e\" data-element_type=\"column\">\n\t\t\t<div class=\"elementor-widget-wrap elementor-element-populated\">\n\t\t\t\t\t\t<div class=\"elementor-element elementor-element-d5e7af2 elementor-widget elementor-widget-spacer\" data-id=\"d5e7af2\" data-element_type=\"widget\" data-widget_type=\"spacer.default\">\n\t\t\t\t<div class=\"elementor-widget-container\">\n\t\t\t\t\t\t\t<div class=\"elementor-spacer\">\n\t\t\t<div class=\"elementor-spacer-inner\"><\/div>\n\t\t<\/div>\n\t\t\t\t\t\t<\/div>\n\t\t\t\t<\/div>\n\t\t\t\t<div class=\"elementor-element elementor-element-a9f0fd9 elementor-widget elementor-widget-spacer\" data-id=\"a9f0fd9\" data-element_type=\"widget\" data-widget_type=\"spacer.default\">\n\t\t\t\t<div class=\"elementor-widget-container\">\n\t\t\t\t\t\t\t<div class=\"elementor-spacer\">\n\t\t\t<div class=\"elementor-spacer-inner\"><\/div>\n\t\t<\/div>\n\t\t\t\t\t\t<\/div>\n\t\t\t\t<\/div>\n\t\t\t\t\t<\/div>\n\t\t<\/div>\n\t\t\t\t\t<\/div>\n\t\t<\/section>\n\t\t\t\t<section class=\"elementor-section elementor-top-section elementor-element elementor-element-4a6341f3 elementor-section-boxed elementor-section-height-default elementor-section-height-default\" data-id=\"4a6341f3\" data-element_type=\"section\">\n\t\t\t\t\t\t<div class=\"elementor-container elementor-column-gap-default\">\n\t\t\t\t\t<div class=\"elementor-column elementor-col-100 elementor-top-column elementor-element elementor-element-1d788df4\" data-id=\"1d788df4\" data-element_type=\"column\">\n\t\t\t<div class=\"elementor-widget-wrap elementor-element-populated\">\n\t\t\t\t\t\t<div class=\"elementor-element elementor-element-eca7f8f elementor-widget elementor-widget-spacer\" data-id=\"eca7f8f\" data-element_type=\"widget\" data-widget_type=\"spacer.default\">\n\t\t\t\t<div class=\"elementor-widget-container\">\n\t\t\t\t\t\t\t<div class=\"elementor-spacer\">\n\t\t\t<div class=\"elementor-spacer-inner\"><\/div>\n\t\t<\/div>\n\t\t\t\t\t\t<\/div>\n\t\t\t\t<\/div>\n\t\t\t\t<div class=\"elementor-element elementor-element-7b8e8769 elementor-widget elementor-widget-text-editor\" data-id=\"7b8e8769\" data-element_type=\"widget\" data-widget_type=\"text-editor.default\">\n\t\t\t\t<div class=\"elementor-widget-container\">\n\t\t\t\t\t\t\t\t\t<p data-start=\"0\" data-end=\"373\">P\u00e5 grekiska betyder \u201cIrene\u201d fred, och det \u00e4r d\u00e4rf\u00f6r vi har valt att kalla oss Irene. I v\u00e5r breda f\u00f6rst\u00e5else av begreppet fred ing\u00e5r arbete f\u00f6r demokrati, m\u00e4nskliga r\u00e4ttigheter, social och ekonomisk r\u00e4ttvisa samt respekt f\u00f6r v\u00e5r gemensamma planet. Vi arbetar f\u00f6r fred med fredliga medel genom v\u00e5r bokutgivning och genom att organisera en m\u00f6tesplats och skrivarlya.<\/p><p data-start=\"0\" data-end=\"373\">Som f\u00f6rlag tar vi g\u00e4rna emot manus f\u00f6r bed\u00f6mning. Du \u00e4r v\u00e4lkommen att anv\u00e4nda v\u00e5r M\u00f6tesplats och Skrivarlya \u00e4ven utan att publicera hos oss.<\/p>\n<p data-start=\"375\" data-end=\"797\">M\u00f6tesplatsen och skrivarlyan \u00e4r \u00f6ppna f\u00f6r grupper och individer som arbetar med fr\u00e5gor relaterade till fred, ickev\u00e5ld, civil olydnad, anarkism, konstruktivt motst\u00e5nd, demokrati, m\u00e4nskliga r\u00e4ttigheter, ekonomisk r\u00e4ttvisa, gerillaodling, h\u00e5llbarhet och andra n\u00e4rliggande \u00e4mnen.&nbsp;<\/p>\t\t\t\t\t\t\t\t<\/div>\n\t\t\t\t<\/div>\n\t\t<div class=\"elementor-element elementor-element-186f5cb e-flex e-con-boxed e-con e-parent\" data-id=\"186f5cb\" data-element_type=\"container\">\n\t\t\t\t\t<div class=\"e-con-inner\">\n\t\t<div class=\"elementor-element elementor-element-fd755cc e-con-full e-flex e-con e-child\" data-id=\"fd755cc\" data-element_type=\"container\">\n\t\t\t\t<div class=\"elementor-element elementor-element-64450ff elementor-widget elementor-widget-image\" data-id=\"64450ff\" data-element_type=\"widget\" data-widget_type=\"image.default\">\n\t\t\t\t<div class=\"elementor-widget-container\">\n\t\t\t\t\t\t\t\t\t\t\t\t\t\t\t<img fetchpriority=\"high\" decoding=\"async\" width=\"620\" height=\"465\" src=\"https:\/\/irenepublishing.com\/wp-content\/uploads\/2011\/11\/2015-10-04-13.11.39-620x465.jpg\" class=\"attachment-large size-large wp-image-2015\" alt=\"\" srcset=\"https:\/\/irenepublishing.com\/wp-content\/uploads\/2011\/11\/2015-10-04-13.11.39-620x465.jpg 620w, https:\/\/irenepublishing.com\/wp-content\/uploads\/2011\/11\/2015-10-04-13.11.39-scaled-1000x750.jpg 1000w, https:\/\/irenepublishing.com\/wp-content\/uploads\/2011\/11\/2015-10-04-13.11.39-440x330.jpg 440w, https:\/\/irenepublishing.com\/wp-content\/uploads\/2011\/11\/2015-10-04-13.11.39-768x576.jpg 768w, https:\/\/irenepublishing.com\/wp-content\/uploads\/2011\/11\/2015-10-04-13.11.39-1536x1152.jpg 1536w, https:\/\/irenepublishing.com\/wp-content\/uploads\/2011\/11\/2015-10-04-13.11.39-2048x1536.jpg 2048w\" sizes=\"(max-width: 620px) 100vw, 620px\" \/>\t\t\t\t\t\t\t\t\t\t\t\t\t\t\t<\/div>\n\t\t\t\t<\/div>\n\t\t\t\t<\/div>\n\t\t<div class=\"elementor-element elementor-element-8260675 e-con-full e-flex e-con e-child\" data-id=\"8260675\" data-element_type=\"container\">\n\t\t\t\t<div class=\"elementor-element elementor-element-b871305 elementor-widget elementor-widget-text-editor\" data-id=\"b871305\" data-element_type=\"widget\" data-widget_type=\"text-editor.default\">\n\t\t\t\t<div class=\"elementor-widget-container\">\n\t\t\t\t\t\t\t\t\t<p data-start=\"375\" data-end=\"797\">\u00a0V\u00e4rdar f\u00f6r m\u00f6tesplatsen och skrivarlyan \u00e4r J\u00f8rgen Johansen och professor Majken Jul S\u00f8rensen, b\u00e5da akademiker med aktivistbakgrund med decennier av erfarenhet. Vi tror att m\u00e4nniskor kan skapa en b\u00e4ttre v\u00e4rld utan v\u00e5ld, men att det kr\u00e4ver kunskap, f\u00e4rdigheter och analys. Vi erbjuder v\u00e5r plats som en resurs f\u00f6r alla som arbetar f\u00f6r fred, r\u00e4ttvisa och milj\u00f6m\u00e4ssig h\u00e5llbarhet med fredliga medel och som beh\u00f6ver en lugn plats att skriva eller m\u00f6tas p\u00e5. Vi har ett omfattande bibliotek med \u00f6ver tiotusen b\u00f6cker, tillg\u00e4ngligt f\u00f6r dig under din vistelse.<\/p>\t\t\t\t\t\t\t\t<\/div>\n\t\t\t\t<\/div>\n\t\t\t\t<\/div>\n\t\t\t\t\t<\/div>\n\t\t\t\t<\/div>\n\t\t\t\t<div class=\"elementor-element elementor-element-ce00502 elementor-widget elementor-widget-spacer\" data-id=\"ce00502\" data-element_type=\"widget\" data-widget_type=\"spacer.default\">\n\t\t\t\t<div class=\"elementor-widget-container\">\n\t\t\t\t\t\t\t<div class=\"elementor-spacer\">\n\t\t\t<div class=\"elementor-spacer-inner\"><\/div>\n\t\t<\/div>\n\t\t\t\t\t\t<\/div>\n\t\t\t\t<\/div>\n\t\t\t\t\t<\/div>\n\t\t<\/div>\n\t\t\t\t\t<\/div>\n\t\t<\/section>\n\t\t\t\t<\/div>\n\t\t","protected":false},"excerpt":{"rendered":"<p>P\u00e5 grekiska betyder \u201cIrene\u201d fred, och det \u00e4r d\u00e4rf\u00f6r vi har valt att kalla oss Irene. I v\u00e5r breda f\u00f6rst\u00e5else av begreppet fred ing\u00e5r arbete f\u00f6r demokrati, m\u00e4nskliga r\u00e4ttigheter, social och ekonomisk r\u00e4ttvisa samt respekt f\u00f6r v\u00e5r gemensamma planet. Vi arbetar f\u00f6r fred med fredliga medel genom v\u00e5r bokutgivning och genom att organisera en m\u00f6tesplats [&hellip;]<\/p>\n","protected":false},"author":1,"featured_media":2070,"parent":0,"menu_order":0,"comment_status":"closed","ping_status":"open","template":"","meta":{"site-sidebar-layout":"default","site-content-layout":"default","ast-site-content-layout":"default","site-content-style":"default","site-sidebar-style":"default","ast-global-header-display":"","ast-banner-title-visibility":"","ast-main-header-display":"","ast-hfb-above-header-display":"","ast-hfb-below-header-display":"","ast-hfb-mobile-header-display":"","site-post-title":"disabled","ast-breadcrumbs-content":"","ast-featured-img":"","footer-sml-layout":"","theme-transparent-header-meta":"default","adv-header-id-meta":"","stick-header-meta":"","header-above-stick-meta":"","header-main-stick-meta":"","header-below-stick-meta":"","astra-migrate-meta-layouts":"default","ast-page-background-enabled":"default","ast-page-background-meta":{"desktop":{"background-color":"var(--ast-global-color-4)","background-image":"","background-repeat":"repeat","background-position":"center center","background-size":"auto","background-attachment":"scroll","background-type":"","background-media":"","overlay-type":"","overlay-color":"","overlay-opacity":"","overlay-gradient":""},"tablet":{"background-color":"","background-image":"","background-repeat":"repeat","background-position":"center center","background-size":"auto","background-attachment":"scroll","background-type":"","background-media":"","overlay-type":"","overlay-color":"","overlay-opacity":"","overlay-gradient":""},"mobile":{"background-color":"","background-image":"","background-repeat":"repeat","background-position":"center center","background-size":"auto","background-attachment":"scroll","background-type":"","background-media":"","overlay-type":"","overlay-color":"","overlay-opacity":"","overlay-gradient":""}},"ast-content-background-meta":{"desktop":{"background-color":"var(--ast-global-color-5)","background-image":"","background-repeat":"repeat","background-position":"center center","background-size":"auto","background-attachment":"scroll","background-type":"","background-media":"","overlay-type":"","overlay-color":"","overlay-opacity":"","overlay-gradient":""},"tablet":{"background-color":"var(--ast-global-color-5)","background-image":"","background-repeat":"repeat","background-position":"center center","background-size":"auto","background-attachment":"scroll","background-type":"","background-media":"","overlay-type":"","overlay-color":"","overlay-opacity":"","overlay-gradient":""},"mobile":{"background-color":"var(--ast-global-color-5)","background-image":"","background-repeat":"repeat","background-position":"center center","background-size":"auto","background-attachment":"scroll","background-type":"","background-media":"","overlay-type":"","overlay-color":"","overlay-opacity":"","overlay-gradient":""}},"footnotes":""},"class_list":["post-2235","page","type-page","status-publish","has-post-thumbnail","hentry"],"_links":{"self":[{"href":"https:\/\/irenepublishing.com\/sv\/wp-json\/wp\/v2\/pages\/2235","targetHints":{"allow":["GET"]}}],"collection":[{"href":"https:\/\/irenepublishing.com\/sv\/wp-json\/wp\/v2\/pages"}],"about":[{"href":"https:\/\/irenepublishing.com\/sv\/wp-json\/wp\/v2\/types\/page"}],"author":[{"embeddable":true,"href":"https:\/\/irenepublishing.com\/sv\/wp-json\/wp\/v2\/users\/1"}],"replies":[{"embeddable":true,"href":"https:\/\/irenepublishing.com\/sv\/wp-json\/wp\/v2\/comments?post=2235"}],"version-history":[{"count":7,"href":"https:\/\/irenepublishing.com\/sv\/wp-json\/wp\/v2\/pages\/2235\/revisions"}],"predecessor-version":[{"id":4498,"href":"https:\/\/irenepublishing.com\/sv\/wp-json\/wp\/v2\/pages\/2235\/revisions\/4498"}],"wp:featuredmedia":[{"embeddable":true,"href":"https:\/\/irenepublishing.com\/sv\/wp-json\/wp\/v2\/media\/2070"}],"wp:attachment":[{"href":"https:\/\/irenepublishing.com\/sv\/wp-json\/wp\/v2\/media?parent=2235"}],"curies":[{"name":"wp","href":"https:\/\/api.w.org\/{rel}","templated":true}]}}