{"id":2240,"date":"2011-12-08T15:35:26","date_gmt":"2011-12-08T14:35:26","guid":{"rendered":"https:\/\/irenepublishing.com\/om-irene\/jorgen-johansen\/"},"modified":"2025-10-23T17:49:04","modified_gmt":"2025-10-23T16:49:04","slug":"jorgen-johansen","status":"publish","type":"page","link":"https:\/\/irenepublishing.com\/sv\/om-irene\/jorgen-johansen\/","title":{"rendered":"J\u00f8rgen Johansen"},"content":{"rendered":"\t\t<div data-elementor-type=\"wp-page\" data-elementor-id=\"2240\" class=\"elementor elementor-2240 elementor-74\" data-elementor-post-type=\"page\">\n\t\t\t\t\t\t<section class=\"elementor-section elementor-top-section elementor-element elementor-element-d08d224 elementor-section-boxed elementor-section-height-default elementor-section-height-default\" data-id=\"d08d224\" data-element_type=\"section\">\n\t\t\t\t\t\t<div class=\"elementor-container elementor-column-gap-default\">\n\t\t\t\t\t<div class=\"elementor-column elementor-col-100 elementor-top-column elementor-element elementor-element-9726735\" data-id=\"9726735\" data-element_type=\"column\">\n\t\t\t<div class=\"elementor-widget-wrap elementor-element-populated\">\n\t\t\t\t\t\t<div class=\"elementor-element elementor-element-2e911cd elementor-widget elementor-widget-text-editor\" data-id=\"2e911cd\" data-element_type=\"widget\" data-widget_type=\"text-editor.default\">\n\t\t\t\t<div class=\"elementor-widget-container\">\n\t\t\t\t\t\t\t\t\t<p>J\u00f8rgen har slagit sig ner p\u00e5 den svenska landsbygden efter 50 \u00e5r som frilansande akademiker, f\u00f6rfattare, redakt\u00f6r och utbildare runt om i v\u00e4rlden. Under sina resor utvecklade J\u00f8rgen utbildningar f\u00f6r gr\u00e4srotsorganisationer och undervisade vid m\u00e5nga olika typer av utbildningsinstitutioner, fr\u00e5n gymnasieskolor till universitet. Hans undervisning omfattade \u00e4mnen som icke-v\u00e5ldsamma revolutioner, civil olydnad, konflikthantering, media, fred, krig och m\u00e5nga andra omr\u00e5den.<\/p>\t\t\t\t\t\t\t\t<\/div>\n\t\t\t\t<\/div>\n\t\t<div class=\"elementor-element elementor-element-d67ae4d e-flex e-con-boxed e-con e-parent\" data-id=\"d67ae4d\" data-element_type=\"container\">\n\t\t\t\t\t<div class=\"e-con-inner\">\n\t\t<div class=\"elementor-element elementor-element-fe12f20 e-con-full e-flex e-con e-child\" data-id=\"fe12f20\" data-element_type=\"container\">\n\t\t\t\t<div class=\"elementor-element elementor-element-ba454b2 elementor-widget elementor-widget-image\" data-id=\"ba454b2\" data-element_type=\"widget\" data-widget_type=\"image.default\">\n\t\t\t\t<div class=\"elementor-widget-container\">\n\t\t\t\t\t\t\t\t\t\t\t\t\t\t\t<img fetchpriority=\"high\" decoding=\"async\" width=\"620\" height=\"349\" src=\"https:\/\/irenepublishing.com\/wp-content\/uploads\/2025\/10\/Jorgen-620x349.jpg\" class=\"attachment-large size-large wp-image-3491\" alt=\"\" srcset=\"https:\/\/irenepublishing.com\/wp-content\/uploads\/2025\/10\/Jorgen-620x349.jpg 620w, https:\/\/irenepublishing.com\/wp-content\/uploads\/2025\/10\/Jorgen-440x248.jpg 440w, https:\/\/irenepublishing.com\/wp-content\/uploads\/2025\/10\/Jorgen-170x96.jpg 170w, https:\/\/irenepublishing.com\/wp-content\/uploads\/2025\/10\/Jorgen-768x432.jpg 768w, https:\/\/irenepublishing.com\/wp-content\/uploads\/2025\/10\/Jorgen-1000x563.jpg 1000w, https:\/\/irenepublishing.com\/wp-content\/uploads\/2025\/10\/Jorgen.jpg 1024w\" sizes=\"(max-width: 620px) 100vw, 620px\" \/>\t\t\t\t\t\t\t\t\t\t\t\t\t\t\t<\/div>\n\t\t\t\t<\/div>\n\t\t\t\t<\/div>\n\t\t<div class=\"elementor-element elementor-element-200486c e-con-full e-flex e-con e-child\" data-id=\"200486c\" data-element_type=\"container\">\n\t\t\t\t<div class=\"elementor-element elementor-element-1f9a350 elementor-widget elementor-widget-text-editor\" data-id=\"1f9a350\" data-element_type=\"widget\" data-widget_type=\"text-editor.default\">\n\t\t\t\t<div class=\"elementor-widget-container\">\n\t\t\t\t\t\t\t\t\t<p>J\u00f8rgen har skrivit och redigerat \u00f6ver tio b\u00f6cker och publicerat ett stort antal artiklar och kapitel om icke-v\u00e5ld, demokrati, konflikter, civil olydnad, milj\u00f6fr\u00e5gor, terrorism, globalisering och andra \u00e4mnen. N\u00e5gra av J\u00f8rgens artiklar och bokkapitel finns tillg\u00e4ngliga i fulltext p\u00e5 <a href=\"https:\/\/www.researchgate.net\/profile\/Jorgen-Johansen-6\">Research Gate<\/a>. Han var ordf\u00f6rande f\u00f6r War Resisters\u2019 International mellan 1991 och 1998 och redakt\u00f6r f\u00f6r den vetenskapliga tidskriften <em>Journal of Resistance Studies<\/em> i tio \u00e5r. Idag \u00e4r J\u00f8rgen ansvarig f\u00f6r Irene Publishing, som ger ut 10\u201315 titlar per \u00e5r. F\u00f6rutom att han \u00e4gnar sig \u00e5t praktiskt arbete i tr\u00e4dg\u00e5rden och skogen driver han \u00e4ven ett s\u00e5gverk och en snickeriverkstad.<\/p>\t\t\t\t\t\t\t\t<\/div>\n\t\t\t\t<\/div>\n\t\t\t\t<\/div>\n\t\t\t\t\t<\/div>\n\t\t\t\t<\/div>\n\t\t\t\t<div class=\"elementor-element elementor-element-0b22006 elementor-widget elementor-widget-spacer\" data-id=\"0b22006\" data-element_type=\"widget\" data-widget_type=\"spacer.default\">\n\t\t\t\t<div class=\"elementor-widget-container\">\n\t\t\t\t\t\t\t<div class=\"elementor-spacer\">\n\t\t\t<div class=\"elementor-spacer-inner\"><\/div>\n\t\t<\/div>\n\t\t\t\t\t\t<\/div>\n\t\t\t\t<\/div>\n\t\t\t\t\t<\/div>\n\t\t<\/div>\n\t\t\t\t\t<\/div>\n\t\t<\/section>\n\t\t\t\t<\/div>\n\t\t","protected":false},"excerpt":{"rendered":"<p>J\u00f8rgen har slagit sig ner p\u00e5 den svenska landsbygden efter 50 \u00e5r som frilansande akademiker, f\u00f6rfattare, redakt\u00f6r och utbildare runt om i v\u00e4rlden. Under sina resor utvecklade J\u00f8rgen utbildningar f\u00f6r gr\u00e4srotsorganisationer och undervisade vid m\u00e5nga olika typer av utbildningsinstitutioner, fr\u00e5n gymnasieskolor till universitet. Hans undervisning omfattade \u00e4mnen som icke-v\u00e5ldsamma revolutioner, civil olydnad, konflikthantering, media, fred, [&hellip;]<\/p>\n","protected":false},"author":1,"featured_media":0,"parent":2235,"menu_order":0,"comment_status":"closed","ping_status":"closed","template":"","meta":{"site-sidebar-layout":"default","site-content-layout":"","ast-site-content-layout":"default","site-content-style":"default","site-sidebar-style":"default","ast-global-header-display":"","ast-banner-title-visibility":"","ast-main-header-display":"","ast-hfb-above-header-display":"","ast-hfb-below-header-display":"","ast-hfb-mobile-header-display":"","site-post-title":"","ast-breadcrumbs-content":"","ast-featured-img":"","footer-sml-layout":"","theme-transparent-header-meta":"default","adv-header-id-meta":"","stick-header-meta":"","header-above-stick-meta":"","header-main-stick-meta":"","header-below-stick-meta":"","astra-migrate-meta-layouts":"default","ast-page-background-enabled":"default","ast-page-background-meta":{"desktop":{"background-color":"var(--ast-global-color-4)","background-image":"","background-repeat":"repeat","background-position":"center center","background-size":"auto","background-attachment":"scroll","background-type":"","background-media":"","overlay-type":"","overlay-color":"","overlay-opacity":"","overlay-gradient":""},"tablet":{"background-color":"","background-image":"","background-repeat":"repeat","background-position":"center center","background-size":"auto","background-attachment":"scroll","background-type":"","background-media":"","overlay-type":"","overlay-color":"","overlay-opacity":"","overlay-gradient":""},"mobile":{"background-color":"","background-image":"","background-repeat":"repeat","background-position":"center center","background-size":"auto","background-attachment":"scroll","background-type":"","background-media":"","overlay-type":"","overlay-color":"","overlay-opacity":"","overlay-gradient":""}},"ast-content-background-meta":{"desktop":{"background-color":"var(--ast-global-color-5)","background-image":"","background-repeat":"repeat","background-position":"center center","background-size":"auto","background-attachment":"scroll","background-type":"","background-media":"","overlay-type":"","overlay-color":"","overlay-opacity":"","overlay-gradient":""},"tablet":{"background-color":"var(--ast-global-color-5)","background-image":"","background-repeat":"repeat","background-position":"center center","background-size":"auto","background-attachment":"scroll","background-type":"","background-media":"","overlay-type":"","overlay-color":"","overlay-opacity":"","overlay-gradient":""},"mobile":{"background-color":"var(--ast-global-color-5)","background-image":"","background-repeat":"repeat","background-position":"center center","background-size":"auto","background-attachment":"scroll","background-type":"","background-media":"","overlay-type":"","overlay-color":"","overlay-opacity":"","overlay-gradient":""}},"footnotes":""},"class_list":["post-2240","page","type-page","status-publish","hentry"],"_links":{"self":[{"href":"https:\/\/irenepublishing.com\/sv\/wp-json\/wp\/v2\/pages\/2240","targetHints":{"allow":["GET"]}}],"collection":[{"href":"https:\/\/irenepublishing.com\/sv\/wp-json\/wp\/v2\/pages"}],"about":[{"href":"https:\/\/irenepublishing.com\/sv\/wp-json\/wp\/v2\/types\/page"}],"author":[{"embeddable":true,"href":"https:\/\/irenepublishing.com\/sv\/wp-json\/wp\/v2\/users\/1"}],"replies":[{"embeddable":true,"href":"https:\/\/irenepublishing.com\/sv\/wp-json\/wp\/v2\/comments?post=2240"}],"version-history":[{"count":9,"href":"https:\/\/irenepublishing.com\/sv\/wp-json\/wp\/v2\/pages\/2240\/revisions"}],"predecessor-version":[{"id":4157,"href":"https:\/\/irenepublishing.com\/sv\/wp-json\/wp\/v2\/pages\/2240\/revisions\/4157"}],"up":[{"embeddable":true,"href":"https:\/\/irenepublishing.com\/sv\/wp-json\/wp\/v2\/pages\/2235"}],"wp:attachment":[{"href":"https:\/\/irenepublishing.com\/sv\/wp-json\/wp\/v2\/media?parent=2240"}],"curies":[{"name":"wp","href":"https:\/\/api.w.org\/{rel}","templated":true}]}}