{"id":2242,"date":"2011-11-24T21:26:07","date_gmt":"2011-11-24T20:26:07","guid":{"rendered":"https:\/\/irenepublishing.com\/lankar\/"},"modified":"2011-11-24T21:26:07","modified_gmt":"2011-11-24T20:26:07","slug":"lankar","status":"publish","type":"page","link":"https:\/\/irenepublishing.com\/sv\/lankar\/","title":{"rendered":"L\u00e4nkar"},"content":{"rendered":"<p>H\u00e4r \u00e4r l\u00e4nkar till ett antal webbplatser med information om ickev\u00e5ld:<\/p>\n<p><a title=\"iv\" href=\"http:\/\/ikkevold.no\/\" target=\"_blank\" rel=\"noopener\">Ikkevold.no<\/a> En sida med artiklar om ickev\u00e5ldsaktioner fr\u00e5n hela v\u00e4rlden<\/p>\n<p><a title=\"Blogg from Resistance Studies Network\" href=\"http:\/\/resistancestudies.org\/\" target=\"_blank\" rel=\"noopener\">Resistance Studies Network<\/a> Nyheter om aktioner och forskning om motst\u00e5nd<\/p>\n<p><a title=\"ICNC\" href=\"http:\/\/www.nonviolent-conflict.org\/\" target=\"_blank\" rel=\"noopener\">International Center on Nonviolent Conflict<\/a> M\u00e5nga resurser, artiklar och nyheter<\/p>\n<p><a title=\"WRI\" href=\"http:\/\/wri-irg.org\/\" target=\"_blank\" rel=\"noopener\">War Resisters&#8217; International<\/a> Huvudn\u00e4tverket f\u00f6r sekul\u00e4ra pacifister<\/p>\n<p><a title=\"cr\" href=\"http:\/\/www.civilresistance.info\/\" target=\"_blank\" rel=\"noopener\">Civil Resistance Info<\/a> En omfattande bibliografi om civil motst\u00e5nd och ickev\u00e5ld.<\/p>\n","protected":false},"excerpt":{"rendered":"<p>H\u00e4r \u00e4r l\u00e4nkar till ett antal webbplatser med information om ickev\u00e5ld: Ikkevold.no En sida med artiklar om ickev\u00e5ldsaktioner fr\u00e5n hela v\u00e4rlden Resistance Studies Network Nyheter om aktioner och forskning om motst\u00e5nd International Center on Nonviolent Conflict M\u00e5nga resurser, artiklar och nyheter War Resisters&#8217; International Huvudn\u00e4tverket f\u00f6r sekul\u00e4ra pacifister Civil Resistance Info En omfattande bibliografi om [&hellip;]<\/p>\n","protected":false},"author":2,"featured_media":2070,"parent":0,"menu_order":0,"comment_status":"closed","ping_status":"open","template":"","meta":{"site-sidebar-layout":"default","site-content-layout":"default","ast-site-content-layout":"default","site-content-style":"default","site-sidebar-style":"default","ast-global-header-display":"","ast-banner-title-visibility":"","ast-main-header-display":"","ast-hfb-above-header-display":"","ast-hfb-below-header-display":"","ast-hfb-mobile-header-display":"","site-post-title":"","ast-breadcrumbs-content":"","ast-featured-img":"","footer-sml-layout":"","theme-transparent-header-meta":"default","adv-header-id-meta":"","stick-header-meta":"","header-above-stick-meta":"","header-main-stick-meta":"","header-below-stick-meta":"","astra-migrate-meta-layouts":"default","ast-page-background-enabled":"default","ast-page-background-meta":{"desktop":{"background-color":"var(--ast-global-color-4)","background-image":"","background-repeat":"repeat","background-position":"center center","background-size":"auto","background-attachment":"scroll","background-type":"","background-media":"","overlay-type":"","overlay-color":"","overlay-opacity":"","overlay-gradient":""},"tablet":{"background-color":"","background-image":"","background-repeat":"repeat","background-position":"center center","background-size":"auto","background-attachment":"scroll","background-type":"","background-media":"","overlay-type":"","overlay-color":"","overlay-opacity":"","overlay-gradient":""},"mobile":{"background-color":"","background-image":"","background-repeat":"repeat","background-position":"center center","background-size":"auto","background-attachment":"scroll","background-type":"","background-media":"","overlay-type":"","overlay-color":"","overlay-opacity":"","overlay-gradient":""}},"ast-content-background-meta":{"desktop":{"background-color":"var(--ast-global-color-5)","background-image":"","background-repeat":"repeat","background-position":"center center","background-size":"auto","background-attachment":"scroll","background-type":"","background-media":"","overlay-type":"","overlay-color":"","overlay-opacity":"","overlay-gradient":""},"tablet":{"background-color":"var(--ast-global-color-5)","background-image":"","background-repeat":"repeat","background-position":"center center","background-size":"auto","background-attachment":"scroll","background-type":"","background-media":"","overlay-type":"","overlay-color":"","overlay-opacity":"","overlay-gradient":""},"mobile":{"background-color":"var(--ast-global-color-5)","background-image":"","background-repeat":"repeat","background-position":"center center","background-size":"auto","background-attachment":"scroll","background-type":"","background-media":"","overlay-type":"","overlay-color":"","overlay-opacity":"","overlay-gradient":""}},"footnotes":""},"class_list":["post-2242","page","type-page","status-publish","has-post-thumbnail","hentry"],"_links":{"self":[{"href":"https:\/\/irenepublishing.com\/sv\/wp-json\/wp\/v2\/pages\/2242","targetHints":{"allow":["GET"]}}],"collection":[{"href":"https:\/\/irenepublishing.com\/sv\/wp-json\/wp\/v2\/pages"}],"about":[{"href":"https:\/\/irenepublishing.com\/sv\/wp-json\/wp\/v2\/types\/page"}],"author":[{"embeddable":true,"href":"https:\/\/irenepublishing.com\/sv\/wp-json\/wp\/v2\/users\/2"}],"replies":[{"embeddable":true,"href":"https:\/\/irenepublishing.com\/sv\/wp-json\/wp\/v2\/comments?post=2242"}],"version-history":[{"count":0,"href":"https:\/\/irenepublishing.com\/sv\/wp-json\/wp\/v2\/pages\/2242\/revisions"}],"wp:featuredmedia":[{"embeddable":true,"href":"https:\/\/irenepublishing.com\/sv\/wp-json\/wp\/v2\/media\/2070"}],"wp:attachment":[{"href":"https:\/\/irenepublishing.com\/sv\/wp-json\/wp\/v2\/media?parent=2242"}],"curies":[{"name":"wp","href":"https:\/\/api.w.org\/{rel}","templated":true}]}}