{"id":2246,"date":"2015-05-11T17:43:55","date_gmt":"2015-05-11T16:43:55","guid":{"rendered":"https:\/\/irenepublishing.com\/kontakt\/"},"modified":"2025-10-13T12:43:10","modified_gmt":"2025-10-13T11:43:10","slug":"kontakt","status":"publish","type":"page","link":"https:\/\/irenepublishing.com\/sv\/kontakt\/","title":{"rendered":"Kontakt"},"content":{"rendered":"\t\t<div data-elementor-type=\"wp-page\" data-elementor-id=\"2246\" class=\"elementor elementor-2246 elementor-493\" data-elementor-post-type=\"page\">\n\t\t\t\t<div class=\"elementor-element elementor-element-cd733f4 e-flex e-con-boxed e-con e-parent\" data-id=\"cd733f4\" data-element_type=\"container\">\n\t\t\t\t\t<div class=\"e-con-inner\">\n\t\t\t\t<div class=\"elementor-element elementor-element-28332137 elementor-widget elementor-widget-text-editor\" data-id=\"28332137\" data-element_type=\"widget\" data-widget_type=\"text-editor.default\">\n\t\t\t\t<div class=\"elementor-widget-container\">\n\t\t\t\t\t\t\t\t\tDu kommer enklast i kontakt med oss genom att maila till irene.publishing[at]gmail.com\t\t\t\t\t\t\t\t<\/div>\n\t\t\t\t<\/div>\n\t\t\t\t\t<\/div>\n\t\t\t\t<\/div>\n\t\t<div class=\"elementor-element elementor-element-8c5ef82 e-flex e-con-boxed e-con e-parent\" data-id=\"8c5ef82\" data-element_type=\"container\">\n\t\t\t\t\t<div class=\"e-con-inner\">\n\t\t<div class=\"elementor-element elementor-element-173e718 e-grid e-con-full e-con e-child\" data-id=\"173e718\" data-element_type=\"container\">\n\t\t\t\t<div class=\"elementor-element elementor-element-2b2b476 elementor-widget elementor-widget-heading\" data-id=\"2b2b476\" data-element_type=\"widget\" data-widget_type=\"heading.default\">\n\t\t\t\t<div class=\"elementor-widget-container\">\n\t\t\t\t\t<h2 class=\"elementor-heading-title elementor-size-default\">Kontaktformul\u00e4r<\/h2>\t\t\t\t<\/div>\n\t\t\t\t<\/div>\n\t\t\t\t<div class=\"elementor-element elementor-element-c58ec9f elementor-widget elementor-widget-text-editor\" data-id=\"c58ec9f\" data-element_type=\"widget\" data-widget_type=\"text-editor.default\">\n\t\t\t\t<div class=\"elementor-widget-container\">\n\t\t\t\t\t\t\t\t\t<p class=\"p1\"><div class=\"frm_forms  with_frm_style frm_style_formidable-style\" id=\"frm_form_3_container\" data-token=\"530d89d59d6110008d89760be9b83b92\">\n<form enctype=\"multipart\/form-data\" method=\"post\" class=\"frm-show-form \" id=\"form_kontakta-oss\" data-token=\"530d89d59d6110008d89760be9b83b92\">\n<div class=\"frm_form_fields \">\n<fieldset>\n<legend class=\"frm_screen_reader\">Kontakta oss<\/legend>\r\n\r\n<div class=\"frm_fields_container\">\n<input type=\"hidden\" name=\"frm_action\" value=\"create\" \/>\n<input type=\"hidden\" name=\"form_id\" value=\"3\" \/>\n<input type=\"hidden\" name=\"frm_hide_fields_3\" id=\"frm_hide_fields_3\" value=\"\" \/>\n<input type=\"hidden\" name=\"form_key\" value=\"kontakta-oss\" \/>\n<input type=\"hidden\" name=\"item_meta[0]\" value=\"\" \/>\n<input type=\"hidden\" id=\"frm_submit_entry_3\" name=\"frm_submit_entry_3\" value=\"a5e37ea54f\" \/><input type=\"hidden\" name=\"_wp_http_referer\" value=\"\/sv\/wp-json\/wp\/v2\/pages\/2246\" \/><div id=\"frm_field_20_container\" class=\"frm_form_field form-field  frm_required_field frm_top_container frm6 frm_first\">\r\n\t<label for=\"field_yg626\" id=\"field_yg626_label\" class=\"frm_primary_label\">Namn\r\n\t\t<span class=\"frm_required\" aria-hidden=\"true\">*<\/span>\r\n\t<\/label>\r\n\t<input type=\"text\" id=\"field_yg626\" name=\"item_meta[20]\" value=\"\"  data-reqmsg=\"Namn cannot be blank.\" aria-required=\"true\" data-invmsg=\"Namn is invalid\" aria-invalid=\"false\"  \/>\r\n\t\r\n\t\r\n<\/div>\n<div id=\"frm_field_21_container\" class=\"frm_form_field form-field  frm_required_field frm_top_container frm6 frm_first\">\r\n\t<label for=\"field_ego8l\" id=\"field_ego8l_label\" class=\"frm_primary_label\">Epost\r\n\t\t<span class=\"frm_required\" aria-hidden=\"true\">*<\/span>\r\n\t<\/label>\r\n\t<input type=\"email\" id=\"field_ego8l\" name=\"item_meta[21]\" value=\"\"  data-reqmsg=\"Epost cannot be blank.\" aria-required=\"true\" data-invmsg=\"Epost is invalid\" aria-invalid=\"false\"  \/>\r\n\t\r\n\t\r\n<\/div>\n<div id=\"frm_field_22_container\" class=\"frm_form_field form-field  frm_top_container frm_half frm_first\">\r\n\t<label for=\"field_gma4z\" id=\"field_gma4z_label\" class=\"frm_primary_label\">Jag kontaktar er ang\u00e5ende&#8230;\r\n\t\t<span class=\"frm_required\" aria-hidden=\"true\"><\/span>\r\n\t<\/label>\r\n\t\t\t<select name=\"item_meta[22]\" id=\"field_gma4z\"  data-invmsg=\"Jag kontaktar er ang\u00e5ende... is invalid\" aria-invalid=\"false\"  >\n\t\t<option  value=\"\" selected='selected'> <\/option><option  value=\"Skrivarlya\">Skrivarlya<\/option><option  value=\"M\u00f6tesplats f\u00f6r en grupp\">M\u00f6tesplats f\u00f6r en grupp<\/option><option  value=\"Volont\u00e4r\">Volont\u00e4r<\/option><option  value=\"Bokf\u00f6rlag\">Bokf\u00f6rlag<\/option>\t<\/select>\n\t\r\n\t\r\n\t\r\n<\/div>\n<div id=\"frm_field_23_container\" class=\"frm_form_field form-field  frm_top_container frm_half frm_first\">\r\n\t<label for=\"field_u7hct\" id=\"field_u7hct_label\" class=\"frm_primary_label\">Namn p\u00e5 gruppen\r\n\t\t<span class=\"frm_required\" aria-hidden=\"true\"><\/span>\r\n\t<\/label>\r\n\t<input type=\"text\" id=\"field_u7hct\" name=\"item_meta[23]\" value=\"\"  data-invmsg=\"Namn p\u00e5 gruppen is invalid\" aria-invalid=\"false\"   aria-describedby=\"frm_desc_field_u7hct\"\/>\r\n\t<div class=\"frm_description\" id=\"frm_desc_field_u7hct\">(Om ni \u00e4r en grupp som bes\u00f6ker oss)<\/div>\r\n\t\r\n<\/div>\n<div id=\"frm_field_24_container\" class=\"frm_form_field form-field  frm_top_container\">\r\n\t<label for=\"field_ro0xn\" id=\"field_ro0xn_label\" class=\"frm_primary_label\">Ber\u00e4tta kort om er sj\u00e4lva\r\n\t\t<span class=\"frm_required\" aria-hidden=\"true\"><\/span>\r\n\t<\/label>\r\n\t<textarea name=\"item_meta[24]\" id=\"field_ro0xn\" rows=\"5\"  data-invmsg=\"Ber\u00e4tta kort om er sj\u00e4lva \u00e4r ogiltigt\" aria-invalid=\"false\"  ><\/textarea>\r\n\t\r\n\t\r\n<\/div>\n<div id=\"frm_field_25_container\" class=\"frm_form_field form-field  frm_top_container\">\r\n\t<label for=\"field_pci4a\" id=\"field_pci4a_label\" class=\"frm_primary_label\">Vad skulle ni vilja uppn\u00e5 med ert bes\u00f6k?\r\n\t\t<span class=\"frm_required\" aria-hidden=\"true\"><\/span>\r\n\t<\/label>\r\n\t<textarea name=\"item_meta[25]\" id=\"field_pci4a\" rows=\"5\"  data-invmsg=\"Vad skulle ni vilja uppn\u00e5 med ert bes\u00f6k? \u00e4r ogiltigt\" aria-invalid=\"false\"  ><\/textarea>\r\n\t\r\n\t\r\n<\/div>\n<div id=\"frm_field_26_container\" class=\"frm_form_field form-field  frm_top_container frm6 frm_first\">\r\n\t<label for=\"field_od5au\" id=\"field_od5au_label\" class=\"frm_primary_label\">Vilka datum skulle ni vilja komma p\u00e5 bes\u00f6k?\r\n\t\t<span class=\"frm_required\" aria-hidden=\"true\"><\/span>\r\n\t<\/label>\r\n\t<input type=\"text\" id=\"field_od5au\" name=\"item_meta[26]\" value=\"\"  data-invmsg=\"Vilka datum skulle ni vilja komma p\u00e5 bes\u00f6k? is invalid\" aria-invalid=\"false\"  \/>\r\n\t\r\n\t\r\n<\/div>\n<div id=\"frm_field_27_container\" class=\"frm_form_field form-field  frm_top_container frm_half frm_first\">\r\n\t<label for=\"field_bznu5\" id=\"field_bznu5_label\" class=\"frm_primary_label\">Hur ser er budget ut f\u00f6r bes\u00f6ket?\r\n\t\t<span class=\"frm_required\" aria-hidden=\"true\"><\/span>\r\n\t<\/label>\r\n\t<input type=\"text\" id=\"field_bznu5\" name=\"item_meta[27]\" value=\"\"  data-invmsg=\"Hur ser er budget ut f\u00f6r bes\u00f6ket? is invalid\" aria-invalid=\"false\"  \/>\r\n\t\r\n\t\r\n<\/div>\n<div id=\"frm_field_19_container\" class=\"frm_form_field form-field \">\r\n\t<div class=\"frm_submit frm_flex\">\r\n<button class=\"frm_button_submit\" type=\"submit\"  >Skicka<\/button>\r\n\r\n\r\n\r\n<\/div>\r\n<\/div>\n\t<input type=\"hidden\" name=\"item_key\" value=\"\" \/>\n\t\t\t<div id=\"frm_field_28_container\">\n\t\t\t<label for=\"field_jrplk\" >\n\t\t\t\tOm du \u00e4r m\u00e4nsklig, l\u00e4mna det h\u00e4r f\u00e4ltet tomt.\t\t\t<\/label>\n\t\t\t<input  id=\"field_jrplk\" type=\"text\" class=\"frm_form_field form-field frm_verify\" name=\"item_meta[28]\" value=\"\"  \/>\n\t\t<\/div>\n\t\t<input name=\"frm_state\" type=\"hidden\" value=\"oMLpmqc7G1V8n43ZVe8tJodbZLgglXHBXZfXwtybh4c=\" \/><\/div>\n<\/fieldset>\n<\/div>\n\n<p style=\"display: none !important;\" class=\"akismet-fields-container\" data-prefix=\"ak_\"><label>&#916;<textarea name=\"ak_hp_textarea\" cols=\"45\" rows=\"8\" maxlength=\"100\"><\/textarea><\/label><input type=\"hidden\" id=\"ak_js_1\" name=\"ak_js\" value=\"135\"\/><script>document.getElementById( \"ak_js_1\" ).setAttribute( \"value\", ( new Date() ).getTime() );<\/script><\/p><\/form>\n<\/div>\n<\/p>\t\t\t\t\t\t\t\t<\/div>\n\t\t\t\t<\/div>\n\t\t\t\t<\/div>\n\t\t<div class=\"elementor-element elementor-element-bea1fea e-grid e-con-full e-con e-child\" data-id=\"bea1fea\" data-element_type=\"container\">\n\t\t\t\t<div class=\"elementor-element elementor-element-a77769b elementor-hidden-mobile elementor-widget elementor-widget-html\" data-id=\"a77769b\" data-element_type=\"widget\" data-widget_type=\"html.default\">\n\t\t\t\t<div class=\"elementor-widget-container\">\n\t\t\t\t\t<script src=\"https:\/\/unpkg.com\/@lottiefiles\/dotlottie-wc@0.8.1\/dist\/dotlottie-wc.js\" type=\"module\"><\/script>\n<dotlottie-wc src=\"https:\/\/lottie.host\/b5666da8-fe1e-4a2f-9848-d88b9377eb83\/2qhowAvJnD.lottie\" style=\"width: 300px;height: 300px\" autoplay loop><\/dotlottie-wc>    \t\t\t\t<\/div>\n\t\t\t\t<\/div>\n\t\t\t\t<\/div>\n\t\t\t\t\t<\/div>\n\t\t\t\t<\/div>\n\t\t\t\t<\/div>\n\t\t","protected":false},"excerpt":{"rendered":"<p>Du kommer enklast i kontakt med oss genom att maila till irene.publishing[at]gmail.com Kontaktformul\u00e4r<\/p>\n","protected":false},"author":3,"featured_media":0,"parent":0,"menu_order":0,"comment_status":"closed","ping_status":"open","template":"","meta":{"site-sidebar-layout":"default","site-content-layout":"","ast-site-content-layout":"default","site-content-style":"default","site-sidebar-style":"default","ast-global-header-display":"","ast-banner-title-visibility":"","ast-main-header-display":"","ast-hfb-above-header-display":"","ast-hfb-below-header-display":"","ast-hfb-mobile-header-display":"","site-post-title":"","ast-breadcrumbs-content":"","ast-featured-img":"","footer-sml-layout":"","theme-transparent-header-meta":"","adv-header-id-meta":"","stick-header-meta":"","header-above-stick-meta":"","header-main-stick-meta":"","header-below-stick-meta":"","astra-migrate-meta-layouts":"default","ast-page-background-enabled":"default","ast-page-background-meta":{"desktop":{"background-color":"var(--ast-global-color-4)","background-image":"","background-repeat":"repeat","background-position":"center center","background-size":"auto","background-attachment":"scroll","background-type":"","background-media":"","overlay-type":"","overlay-color":"","overlay-opacity":"","overlay-gradient":""},"tablet":{"background-color":"","background-image":"","background-repeat":"repeat","background-position":"center center","background-size":"auto","background-attachment":"scroll","background-type":"","background-media":"","overlay-type":"","overlay-color":"","overlay-opacity":"","overlay-gradient":""},"mobile":{"background-color":"","background-image":"","background-repeat":"repeat","background-position":"center center","background-size":"auto","background-attachment":"scroll","background-type":"","background-media":"","overlay-type":"","overlay-color":"","overlay-opacity":"","overlay-gradient":""}},"ast-content-background-meta":{"desktop":{"background-color":"var(--ast-global-color-5)","background-image":"","background-repeat":"repeat","background-position":"center center","background-size":"auto","background-attachment":"scroll","background-type":"","background-media":"","overlay-type":"","overlay-color":"","overlay-opacity":"","overlay-gradient":""},"tablet":{"background-color":"var(--ast-global-color-5)","background-image":"","background-repeat":"repeat","background-position":"center center","background-size":"auto","background-attachment":"scroll","background-type":"","background-media":"","overlay-type":"","overlay-color":"","overlay-opacity":"","overlay-gradient":""},"mobile":{"background-color":"var(--ast-global-color-5)","background-image":"","background-repeat":"repeat","background-position":"center center","background-size":"auto","background-attachment":"scroll","background-type":"","background-media":"","overlay-type":"","overlay-color":"","overlay-opacity":"","overlay-gradient":""}},"footnotes":""},"class_list":["post-2246","page","type-page","status-publish","hentry"],"_links":{"self":[{"href":"https:\/\/irenepublishing.com\/sv\/wp-json\/wp\/v2\/pages\/2246","targetHints":{"allow":["GET"]}}],"collection":[{"href":"https:\/\/irenepublishing.com\/sv\/wp-json\/wp\/v2\/pages"}],"about":[{"href":"https:\/\/irenepublishing.com\/sv\/wp-json\/wp\/v2\/types\/page"}],"author":[{"embeddable":true,"href":"https:\/\/irenepublishing.com\/sv\/wp-json\/wp\/v2\/users\/3"}],"replies":[{"embeddable":true,"href":"https:\/\/irenepublishing.com\/sv\/wp-json\/wp\/v2\/comments?post=2246"}],"version-history":[{"count":9,"href":"https:\/\/irenepublishing.com\/sv\/wp-json\/wp\/v2\/pages\/2246\/revisions"}],"predecessor-version":[{"id":3895,"href":"https:\/\/irenepublishing.com\/sv\/wp-json\/wp\/v2\/pages\/2246\/revisions\/3895"}],"wp:attachment":[{"href":"https:\/\/irenepublishing.com\/sv\/wp-json\/wp\/v2\/media?parent=2246"}],"curies":[{"name":"wp","href":"https:\/\/api.w.org\/{rel}","templated":true}]}}