{"id":3917,"date":"2025-10-17T09:22:11","date_gmt":"2025-10-17T08:22:11","guid":{"rendered":"https:\/\/irenepublishing.com\/?page_id=3917"},"modified":"2025-10-17T09:28:28","modified_gmt":"2025-10-17T08:28:28","slug":"hitta-hit","status":"publish","type":"page","link":"https:\/\/irenepublishing.com\/sv\/hitta-hit\/","title":{"rendered":"Hitta hit"},"content":{"rendered":"\t\t<div data-elementor-type=\"wp-page\" data-elementor-id=\"3917\" class=\"elementor elementor-3917 elementor-3909\" data-elementor-post-type=\"page\">\n\t\t\t\t<div class=\"elementor-element elementor-element-eef9e99 e-flex e-con-boxed e-con e-parent\" data-id=\"eef9e99\" data-element_type=\"container\">\n\t\t\t\t\t<div class=\"e-con-inner\">\n\t\t<div class=\"elementor-element elementor-element-6093a86 e-grid e-con-full e-con e-child\" data-id=\"6093a86\" data-element_type=\"container\">\n\t\t\t\t<div class=\"elementor-element elementor-element-67af71d elementor-widget elementor-widget-spacer\" data-id=\"67af71d\" data-element_type=\"widget\" data-widget_type=\"spacer.default\">\n\t\t\t\t<div class=\"elementor-widget-container\">\n\t\t\t\t\t\t\t<div class=\"elementor-spacer\">\n\t\t\t<div class=\"elementor-spacer-inner\"><\/div>\n\t\t<\/div>\n\t\t\t\t\t\t<\/div>\n\t\t\t\t<\/div>\n\t\t\t\t<div class=\"elementor-element elementor-element-e20cf7c elementor-widget elementor-widget-heading\" data-id=\"e20cf7c\" data-element_type=\"widget\" data-widget_type=\"heading.default\">\n\t\t\t\t<div class=\"elementor-widget-container\">\n\t\t\t\t\t<h2 class=\"elementor-heading-title elementor-size-default\">Hur man tar sig hit<\/h2>\t\t\t\t<\/div>\n\t\t\t\t<\/div>\n\t\t\t\t<div class=\"elementor-element elementor-element-ec4dbcd elementor-widget elementor-widget-html\" data-id=\"ec4dbcd\" data-element_type=\"widget\" data-widget_type=\"html.default\">\n\t\t\t\t<div class=\"elementor-widget-container\">\n\t\t\t\t\t<iframe src=\"https:\/\/www.google.com\/maps\/embed?pb=!1m18!1m12!1m3!1d17943.339082218517!2d11.851147578444529!3d59.15253494590519!2m3!1f0!2f0!3f0!3m2!1i1024!2i768!4f13.1!3m3!1m2!1s0x46447b7dbb5baabb%3A0x785316f2517585c!2sSparsn%C3%A4s%201010%2C%20668%2091%20Ed!5e1!3m2!1ssv!2sse!4v1758107162903!5m2!1ssv!2sse\" width=\"600\" height=\"450\" style=\"border:0;\" allowfullscreen=\"\" loading=\"lazy\" referrerpolicy=\"no-referrer-when-downgrade\"><\/iframe>\t\t\t\t<\/div>\n\t\t\t\t<\/div>\n\t\t\t\t<div class=\"elementor-element elementor-element-68416ec elementor-widget elementor-widget-text-editor\" data-id=\"68416ec\" data-element_type=\"widget\" data-widget_type=\"text-editor.default\">\n\t\t\t\t<div class=\"elementor-widget-container\">\n\t\t\t\t\t\t\t\t\t<p class=\"p1\">Vi finns i Sparsn\u00e4s, i v\u00e4stra Sverige n\u00e4ra den norska gr\u00e4nsen. Det \u00e4r en mycket lugnt bel\u00e4gen plats mitt i skogen, med f\u00e5 distraktioner, mellan G\u00f6teborg och Oslo, b\u00e5da cirka 2,5 timmar bort med bil.<br \/>Den n\u00e4rmaste byn, N\u00f6ssemark, ligger 4 kilometer bort, och n\u00e4rmaste st\u00e4der \u00e4r Ed och Halden, b\u00e5da cirka 35 kilometer bort.<br \/>Det enklaste s\u00e4ttet att ta sig hit \u00e4r med bil.<br \/>P\u00e5 beg\u00e4ran kan vi ibland h\u00e4mta g\u00e4ster i Ed (Sverige) eller Halden (Norge).<br \/>Om du anl\u00e4nder och reser p\u00e5 vardagar kan du \u00e5ka taxi till busspris genom att f\u00f6lja instruktionerna h\u00e4r: <a href=\"https:\/\/www.vasttrafik.se\/en\/travel-planning\/pre-ordered-traffic\/nartrafik\/dals-ed\/\">vasttrafik.se\/en\/travel-planning\/pre-ordered-traffic\/nartrafik\/dals-ed\/<\/a><\/p><p>Om ni \u00e4r fler \u00e4n ett par personer rekommenderar vi att ni bokar flera dagar i f\u00f6rv\u00e4g, \u00e4ven om hemsidan s\u00e4ger att det r\u00e4cker med en timme.<\/p><p>Du kan ocks\u00e5 hyra bil eller minibuss fr\u00e5n Toyota i Ed.<\/p><p>N\u00e4r du v\u00e4l \u00e4r h\u00e4r kan erfarna f\u00f6rare \u00f6ver 25 \u00e5r l\u00e5na v\u00e5r bil f\u00f6r att ta sig runt i omr\u00e5det eller h\u00e4mta andra g\u00e4ster.<br \/>Bilen \u00e4r inte alltid tillg\u00e4nglig, s\u00e5 boka detta i god tid.<\/p>\t\t\t\t\t\t\t\t<\/div>\n\t\t\t\t<\/div>\n\t\t\t\t<div class=\"elementor-element elementor-element-33af86c elementor-widget elementor-widget-spacer\" data-id=\"33af86c\" data-element_type=\"widget\" data-widget_type=\"spacer.default\">\n\t\t\t\t<div class=\"elementor-widget-container\">\n\t\t\t\t\t\t\t<div class=\"elementor-spacer\">\n\t\t\t<div class=\"elementor-spacer-inner\"><\/div>\n\t\t<\/div>\n\t\t\t\t\t\t<\/div>\n\t\t\t\t<\/div>\n\t\t\t\t<\/div>\n\t\t\t\t\t<\/div>\n\t\t\t\t<\/div>\n\t\t\t\t<\/div>\n\t\t","protected":false},"excerpt":{"rendered":"<p>Hur man tar sig hit Vi finns i Sparsn\u00e4s, i v\u00e4stra Sverige n\u00e4ra den norska gr\u00e4nsen. Det \u00e4r en mycket lugnt bel\u00e4gen plats mitt i skogen, med f\u00e5 distraktioner, mellan G\u00f6teborg och Oslo, b\u00e5da cirka 2,5 timmar bort med bil.Den n\u00e4rmaste byn, N\u00f6ssemark, ligger 4 kilometer bort, och n\u00e4rmaste st\u00e4der \u00e4r Ed och Halden, b\u00e5da [&hellip;]<\/p>\n","protected":false},"author":4,"featured_media":0,"parent":0,"menu_order":0,"comment_status":"closed","ping_status":"closed","template":"","meta":{"site-sidebar-layout":"no-sidebar","site-content-layout":"page-builder","ast-site-content-layout":"full-width-container","site-content-style":"default","site-sidebar-style":"default","ast-global-header-display":"","ast-banner-title-visibility":"","ast-main-header-display":"","ast-hfb-above-header-display":"","ast-hfb-below-header-display":"","ast-hfb-mobile-header-display":"","site-post-title":"","ast-breadcrumbs-content":"","ast-featured-img":"disabled","footer-sml-layout":"","theme-transparent-header-meta":"default","adv-header-id-meta":"","stick-header-meta":"","header-above-stick-meta":"","header-main-stick-meta":"","header-below-stick-meta":"","astra-migrate-meta-layouts":"set","ast-page-background-enabled":"default","ast-page-background-meta":{"desktop":{"background-color":"var(--ast-global-color-4)","background-image":"","background-repeat":"repeat","background-position":"center center","background-size":"auto","background-attachment":"scroll","background-type":"","background-media":"","overlay-type":"","overlay-color":"","overlay-opacity":"","overlay-gradient":""},"tablet":{"background-color":"","background-image":"","background-repeat":"repeat","background-position":"center center","background-size":"auto","background-attachment":"scroll","background-type":"","background-media":"","overlay-type":"","overlay-color":"","overlay-opacity":"","overlay-gradient":""},"mobile":{"background-color":"","background-image":"","background-repeat":"repeat","background-position":"center center","background-size":"auto","background-attachment":"scroll","background-type":"","background-media":"","overlay-type":"","overlay-color":"","overlay-opacity":"","overlay-gradient":""}},"ast-content-background-meta":{"desktop":{"background-color":"var(--ast-global-color-5)","background-image":"","background-repeat":"repeat","background-position":"center center","background-size":"auto","background-attachment":"scroll","background-type":"","background-media":"","overlay-type":"","overlay-color":"","overlay-opacity":"","overlay-gradient":""},"tablet":{"background-color":"var(--ast-global-color-5)","background-image":"","background-repeat":"repeat","background-position":"center center","background-size":"auto","background-attachment":"scroll","background-type":"","background-media":"","overlay-type":"","overlay-color":"","overlay-opacity":"","overlay-gradient":""},"mobile":{"background-color":"var(--ast-global-color-5)","background-image":"","background-repeat":"repeat","background-position":"center center","background-size":"auto","background-attachment":"scroll","background-type":"","background-media":"","overlay-type":"","overlay-color":"","overlay-opacity":"","overlay-gradient":""}},"footnotes":""},"class_list":["post-3917","page","type-page","status-publish","hentry"],"_links":{"self":[{"href":"https:\/\/irenepublishing.com\/sv\/wp-json\/wp\/v2\/pages\/3917","targetHints":{"allow":["GET"]}}],"collection":[{"href":"https:\/\/irenepublishing.com\/sv\/wp-json\/wp\/v2\/pages"}],"about":[{"href":"https:\/\/irenepublishing.com\/sv\/wp-json\/wp\/v2\/types\/page"}],"author":[{"embeddable":true,"href":"https:\/\/irenepublishing.com\/sv\/wp-json\/wp\/v2\/users\/4"}],"replies":[{"embeddable":true,"href":"https:\/\/irenepublishing.com\/sv\/wp-json\/wp\/v2\/comments?post=3917"}],"version-history":[{"count":7,"href":"https:\/\/irenepublishing.com\/sv\/wp-json\/wp\/v2\/pages\/3917\/revisions"}],"predecessor-version":[{"id":3928,"href":"https:\/\/irenepublishing.com\/sv\/wp-json\/wp\/v2\/pages\/3917\/revisions\/3928"}],"wp:attachment":[{"href":"https:\/\/irenepublishing.com\/sv\/wp-json\/wp\/v2\/media?parent=3917"}],"curies":[{"name":"wp","href":"https:\/\/api.w.org\/{rel}","templated":true}]}}