{"id":4235,"date":"2025-11-05T17:40:26","date_gmt":"2025-11-05T16:40:26","guid":{"rendered":"https:\/\/irenepublishing.com\/product\/den-ryska-autokratin\/"},"modified":"2026-04-11T19:39:45","modified_gmt":"2026-04-11T18:39:45","slug":"den-ryska-autokratin","status":"publish","type":"product","link":"https:\/\/irenepublishing.com\/sv\/produkt\/den-ryska-autokratin\/","title":{"rendered":"Den ryska auto\u00adkratins uppg\u00e5ng och fall"},"content":{"rendered":"<p>Den ryska autokratins uppg\u00e5ng och fall: M\u00e4nniskor, h\u00e4ndelser, konflikter och reformer fr\u00e5n medeltiden till revolutionen 1917 \u00e4r en historiesociologisk analys av hur en liten handelsplats vid en kr\u00f6k av Moskvafloden under ett antal \u00e5r hundraden v\u00e4xer fram och blir ett av v\u00e4rldshistoriens st\u00f6rsta rike. Mot bak\u00adgrund av landets\u00a0 geografiska och klimatm\u00e4ssiga f\u00f6ruts\u00e4ttningar ber\u00e4ttas i b\u00f6rjan av boken hur \u00f6stslaviska furstar strider mot varandra och mot andra folkslag. N\u00e4r det stora mongolriket er\u00f6vrat detta \u00f6stslaviska riket b\u00f6rjar fursterna d\u00e4r bygga upp ett nytt rike som kallas Moskvaryssland och som senare blir det moderna Ryssland.<\/p>\n<p>I boken presenteras m\u00e5nga av de m\u00e4nniskor som under seklens g\u00e5ng har skapat detta rike och de viktigaste h\u00e4ndelser under vilket det har skett. Utvecklingen har b\u00e5de lett fram till en m\u00e4ngd konflikter, s\u00e5v\u00e4l inom riket som mellan riket och n\u00e4rliggande makter. Slutligen diskuteras reformer som under \u00e5ren genomf\u00f6rts f\u00f6r att komma till r\u00e4tta med brister och misstag som uppkommit i rikets utveckling. Slutligen analyseras hinder som funnits f\u00f6r att dessa reformer skulle kunna genomf\u00f6ras.<\/p>\n<p>I boken presenteras ett antal ryska tsarer som Ivan den f\u00f6rskr\u00e4cklige, Peter den store och Katarina den stora, men ocks\u00e5 viktiga reformat\u00f6rer som Michail Speranskij, Sergej Witte och Piotr Stolypin liksom upprorsm\u00e4n som Stenka Razin och Jemeljan Pugatjov. Flera av de krig som Ryssland deltar i, som Napoleonkrigen, Krimkriget, kriget mot Japan och f\u00f6rsta v\u00e4rldskriget, f\u00e5r stort utrymme. Dessutom g\u00f6rs genomg\u00e5ende \u00f6versiktliga sammanfattningar om de problem och l\u00f6sningar som landets ledning har m\u00f6tt i sin verksamhet.<\/p>\n<p>Ber\u00e4ttelsens viktigaste budskap \u00e4r att Rysslands utveckling p\u00e5 intet s\u00e4tt har varit eller \u00e4r f\u00f6rutbest\u00e4md utifr\u00e5n n\u00e5gra slags medf\u00f6dda kvaliteter hos vare sig befolkningen, inom den ryska politiken eller kulturen. I likhet med utvecklingen i varje land har den ryska historien skapats i en dialektik mellan m\u00e4nniskornas handlingar och de institutioner som dessa handlingar bygger upp och som i sin tur blir det sociala f\u00e4lt vari de efterkommande m\u00e4nniskor har att agera.<\/p>\n<h1>F\u00f6rfattarintervju<\/h1>\n<p><iframe width=\"560\" height=\"315\" src=\"https:\/\/www.youtube.com\/embed\/7NAKJfFFZuc?si=Ha9BMkUo6olyPhpC\" title=\"YouTube video player\" frameborder=\"0\" allow=\"accelerometer; autoplay; clipboard-write; encrypted-media; gyroscope; picture-in-picture; web-share\" referrerpolicy=\"strict-origin-when-cross-origin\" allowfullscreen><\/iframe><\/p>\n","protected":false},"excerpt":{"rendered":"<p class=\"p1\">F\u00f6rsta upplagan ges ut inbunden, omfattar drygt 520 sidor, drygt 550 f\u00f6rklarande noter, en fyllig litteraturlista och en kortfattad lista med f\u00f6rklaringar av ryska begrepp.<\/p>\n","protected":false},"featured_media":4164,"comment_status":"open","ping_status":"closed","template":"","meta":{"site-sidebar-layout":"default","site-content-layout":"","ast-site-content-layout":"default","site-content-style":"default","site-sidebar-style":"default","ast-global-header-display":"","ast-banner-title-visibility":"","ast-main-header-display":"","ast-hfb-above-header-display":"","ast-hfb-below-header-display":"","ast-hfb-mobile-header-display":"","site-post-title":"","ast-breadcrumbs-content":"","ast-featured-img":"","footer-sml-layout":"","theme-transparent-header-meta":"default","adv-header-id-meta":"","stick-header-meta":"","header-above-stick-meta":"","header-main-stick-meta":"","header-below-stick-meta":"","astra-migrate-meta-layouts":"set","ast-page-background-enabled":"default","ast-page-background-meta":{"desktop":{"background-color":"var(--ast-global-color-4)","background-image":"","background-repeat":"repeat","background-position":"center center","background-size":"auto","background-attachment":"scroll","background-type":"","background-media":"","overlay-type":"","overlay-color":"","overlay-opacity":"","overlay-gradient":""},"tablet":{"background-color":"","background-image":"","background-repeat":"repeat","background-position":"center center","background-size":"auto","background-attachment":"scroll","background-type":"","background-media":"","overlay-type":"","overlay-color":"","overlay-opacity":"","overlay-gradient":""},"mobile":{"background-color":"","background-image":"","background-repeat":"repeat","background-position":"center center","background-size":"auto","background-attachment":"scroll","background-type":"","background-media":"","overlay-type":"","overlay-color":"","overlay-opacity":"","overlay-gradient":""}},"ast-content-background-meta":{"desktop":{"background-color":"var(--ast-global-color-5)","background-image":"","background-repeat":"repeat","background-position":"center center","background-size":"auto","background-attachment":"scroll","background-type":"","background-media":"","overlay-type":"","overlay-color":"","overlay-opacity":"","overlay-gradient":""},"tablet":{"background-color":"var(--ast-global-color-5)","background-image":"","background-repeat":"repeat","background-position":"center center","background-size":"auto","background-attachment":"scroll","background-type":"","background-media":"","overlay-type":"","overlay-color":"","overlay-opacity":"","overlay-gradient":""},"mobile":{"background-color":"var(--ast-global-color-5)","background-image":"","background-repeat":"repeat","background-position":"center center","background-size":"auto","background-attachment":"scroll","background-type":"","background-media":"","overlay-type":"","overlay-color":"","overlay-opacity":"","overlay-gradient":""}}},"product_brand":[],"product_cat":[290],"product_tag":[],"class_list":{"0":"post-4235","1":"product","2":"type-product","3":"status-publish","4":"has-post-thumbnail","6":"product_cat-books","7":"pa_genre-historia","8":"pa_language-svenska","9":"pa_publication-year-291","10":"pa_writer-per-manson-sv","11":"desktop-align-center","12":"tablet-align-left","13":"mobile-align-left","14":"ast-product-gallery-layout-horizontal-slider","15":"ast-product-gallery-with-no-image","16":"ast-product-tabs-layout-distributed","18":"first","19":"instock","20":"shipping-taxable","21":"purchasable","22":"product-type-simple"},"_links":{"self":[{"href":"https:\/\/irenepublishing.com\/sv\/wp-json\/wp\/v2\/product\/4235","targetHints":{"allow":["GET"]}}],"collection":[{"href":"https:\/\/irenepublishing.com\/sv\/wp-json\/wp\/v2\/product"}],"about":[{"href":"https:\/\/irenepublishing.com\/sv\/wp-json\/wp\/v2\/types\/product"}],"replies":[{"embeddable":true,"href":"https:\/\/irenepublishing.com\/sv\/wp-json\/wp\/v2\/comments?post=4235"}],"version-history":[{"count":5,"href":"https:\/\/irenepublishing.com\/sv\/wp-json\/wp\/v2\/product\/4235\/revisions"}],"predecessor-version":[{"id":4577,"href":"https:\/\/irenepublishing.com\/sv\/wp-json\/wp\/v2\/product\/4235\/revisions\/4577"}],"wp:featuredmedia":[{"embeddable":true,"href":"https:\/\/irenepublishing.com\/sv\/wp-json\/wp\/v2\/media\/4164"}],"wp:attachment":[{"href":"https:\/\/irenepublishing.com\/sv\/wp-json\/wp\/v2\/media?parent=4235"}],"wp:term":[{"taxonomy":"product_brand","embeddable":true,"href":"https:\/\/irenepublishing.com\/sv\/wp-json\/wp\/v2\/product_brand?post=4235"},{"taxonomy":"product_cat","embeddable":true,"href":"https:\/\/irenepublishing.com\/sv\/wp-json\/wp\/v2\/product_cat?post=4235"},{"taxonomy":"product_tag","embeddable":true,"href":"https:\/\/irenepublishing.com\/sv\/wp-json\/wp\/v2\/product_tag?post=4235"}],"curies":[{"name":"wp","href":"https:\/\/api.w.org\/{rel}","templated":true}]}}