{"id":4236,"date":"2000-01-11T20:55:09","date_gmt":"2000-01-11T19:55:09","guid":{"rendered":"https:\/\/irenepublishing.com\/product\/sosialt-forsvar-ikkevoldskamp-mot-var-tids-trusler\/"},"modified":"2025-11-20T16:18:14","modified_gmt":"2025-11-20T15:18:14","slug":"sosialt-forsvar-ikkevoldskamp-mot-var-tids-trusler","status":"publish","type":"product","link":"https:\/\/irenepublishing.com\/sv\/produkt\/sosialt-forsvar-ikkevoldskamp-mot-var-tids-trusler\/","title":{"rendered":"Sosialt Forsvar &#8211; Ikkevoldskamp mot v\u00e5r tids trusler"},"content":{"rendered":"<p>Sosialt Forsvar &#8211; Ikkevoldskamp mot v\u00e5r tids trusler<\/p>\n<p>Dette er en bok for de som er interessert i \u00e5 l\u00e6re om hva ikkevoldskamp er og hvordan den fungerer. Boka \u00f8nsker \u00e5 vise at ikkevoldelige aksjoner er vanlig forekommende i alle deler av verden, i ulike samfunnssystemer og har v\u00e6rt brukt til alle tider.<\/p>\n","protected":false},"excerpt":{"rendered":"<p>Dette er en bok for de som er interessert i \u00e5 l\u00e6re om hva ikkevoldskamp er og hvordan den fungerer. Boka \u00f8nsker \u00e5 vise at ikkevoldelige aksjoner er vanlig forekommende i alle deler av verden, i ulike samfunnssystemer og har v\u00e6rt brukt til alle tider.<\/p>\n","protected":false},"featured_media":2044,"comment_status":"open","ping_status":"closed","template":"","meta":{"site-sidebar-layout":"default","site-content-layout":"default","ast-site-content-layout":"default","site-content-style":"default","site-sidebar-style":"default","ast-global-header-display":"","ast-banner-title-visibility":"","ast-main-header-display":"","ast-hfb-above-header-display":"","ast-hfb-below-header-display":"","ast-hfb-mobile-header-display":"","site-post-title":"","ast-breadcrumbs-content":"","ast-featured-img":"","footer-sml-layout":"","theme-transparent-header-meta":"default","adv-header-id-meta":"","stick-header-meta":"","header-above-stick-meta":"","header-main-stick-meta":"","header-below-stick-meta":"","astra-migrate-meta-layouts":"set","ast-page-background-enabled":"default","ast-page-background-meta":{"desktop":{"background-color":"var(--ast-global-color-4)","background-image":"","background-repeat":"repeat","background-position":"center center","background-size":"auto","background-attachment":"scroll","background-type":"","background-media":"","overlay-type":"","overlay-color":"","overlay-opacity":"","overlay-gradient":""},"tablet":{"background-color":"","background-image":"","background-repeat":"repeat","background-position":"center center","background-size":"auto","background-attachment":"scroll","background-type":"","background-media":"","overlay-type":"","overlay-color":"","overlay-opacity":"","overlay-gradient":""},"mobile":{"background-color":"","background-image":"","background-repeat":"repeat","background-position":"center center","background-size":"auto","background-attachment":"scroll","background-type":"","background-media":"","overlay-type":"","overlay-color":"","overlay-opacity":"","overlay-gradient":""}},"ast-content-background-meta":{"desktop":{"background-color":"var(--ast-global-color-5)","background-image":"","background-repeat":"repeat","background-position":"center center","background-size":"auto","background-attachment":"scroll","background-type":"","background-media":"","overlay-type":"","overlay-color":"","overlay-opacity":"","overlay-gradient":""},"tablet":{"background-color":"var(--ast-global-color-5)","background-image":"","background-repeat":"repeat","background-position":"center center","background-size":"auto","background-attachment":"scroll","background-type":"","background-media":"","overlay-type":"","overlay-color":"","overlay-opacity":"","overlay-gradient":""},"mobile":{"background-color":"var(--ast-global-color-5)","background-image":"","background-repeat":"repeat","background-position":"center center","background-size":"auto","background-attachment":"scroll","background-type":"","background-media":"","overlay-type":"","overlay-color":"","overlay-opacity":"","overlay-gradient":""}}},"product_brand":[],"product_cat":[290],"product_tag":[],"class_list":{"0":"post-4236","1":"product","2":"type-product","3":"status-publish","4":"has-post-thumbnail","6":"product_cat-books","7":"pa_format-mjukinbindning","8":"pa_genre-fred","9":"pa_genre-ickevald","10":"pa_genre-politik","11":"pa_genre-sociologi","12":"pa_language-norska","13":"pa_publication-year-2000-sv","14":"pa_writer-jorgen-johansen-sv","15":"desktop-align-center","16":"tablet-align-left","17":"mobile-align-left","18":"ast-product-gallery-layout-horizontal-slider","19":"ast-product-gallery-with-no-image","20":"ast-product-tabs-layout-distributed","22":"first","23":"instock","24":"shipping-taxable","25":"purchasable","26":"product-type-simple"},"_links":{"self":[{"href":"https:\/\/irenepublishing.com\/sv\/wp-json\/wp\/v2\/product\/4236","targetHints":{"allow":["GET"]}}],"collection":[{"href":"https:\/\/irenepublishing.com\/sv\/wp-json\/wp\/v2\/product"}],"about":[{"href":"https:\/\/irenepublishing.com\/sv\/wp-json\/wp\/v2\/types\/product"}],"replies":[{"embeddable":true,"href":"https:\/\/irenepublishing.com\/sv\/wp-json\/wp\/v2\/comments?post=4236"}],"version-history":[{"count":1,"href":"https:\/\/irenepublishing.com\/sv\/wp-json\/wp\/v2\/product\/4236\/revisions"}],"predecessor-version":[{"id":4389,"href":"https:\/\/irenepublishing.com\/sv\/wp-json\/wp\/v2\/product\/4236\/revisions\/4389"}],"wp:featuredmedia":[{"embeddable":true,"href":"https:\/\/irenepublishing.com\/sv\/wp-json\/wp\/v2\/media\/2044"}],"wp:attachment":[{"href":"https:\/\/irenepublishing.com\/sv\/wp-json\/wp\/v2\/media?parent=4236"}],"wp:term":[{"taxonomy":"product_brand","embeddable":true,"href":"https:\/\/irenepublishing.com\/sv\/wp-json\/wp\/v2\/product_brand?post=4236"},{"taxonomy":"product_cat","embeddable":true,"href":"https:\/\/irenepublishing.com\/sv\/wp-json\/wp\/v2\/product_cat?post=4236"},{"taxonomy":"product_tag","embeddable":true,"href":"https:\/\/irenepublishing.com\/sv\/wp-json\/wp\/v2\/product_tag?post=4236"}],"curies":[{"name":"wp","href":"https:\/\/api.w.org\/{rel}","templated":true}]}}