{"id":4239,"date":"2025-02-28T12:04:16","date_gmt":"2025-02-28T11:04:16","guid":{"rendered":"https:\/\/irenepublishing.com\/product\/kampferische-demokratie\/"},"modified":"2025-11-20T16:05:54","modified_gmt":"2025-11-20T15:05:54","slug":"kampferische-demokratie","status":"publish","type":"product","link":"https:\/\/irenepublishing.com\/sv\/produkt\/kampferische-demokratie\/","title":{"rendered":"K\u00e4mpferische Demokratie \u2013 Milit\u00e4rische Besetzung und gewaltlose Befreiung des Ruhrgebiets 1923-1925"},"content":{"rendered":"<p>Deutschland 1923-1925. Gewaltloser Widerstand, konstruktive Arbeit am Konflikt und z\u00e4he Diplomatie machen eine milit\u00e4rische Besetzung r\u00fcckg\u00e4ngig. Seitdem gibt es gegen milit\u00e4rische Aggression einen dritten Weg zwischen Kapitulation und Krieg. Dieses Buch erz\u00e4hlt diese vergessene Geschichte.<\/p>\n","protected":false},"excerpt":{"rendered":"<p>30 % Rabatt beim Kauf von 5 oder mehr B\u00fcchern gibt es beim Verlag IRENE Publishing: Senden Sie eine E-Mail an\u00a0<a href=\"mailto:irene.publishing@gmail.com\">irene.publishing@gmail.com<\/a>\u00a0mit Ihrem Namen, Ihrer Adresse und der Anzahl der B\u00fccher, die Sie bestellen m\u00f6chten, und wir werden Sie kontaktieren.<\/p>\n","protected":false},"featured_media":2816,"comment_status":"open","ping_status":"closed","template":"","meta":{"site-sidebar-layout":"default","site-content-layout":"","ast-site-content-layout":"default","site-content-style":"default","site-sidebar-style":"default","ast-global-header-display":"","ast-banner-title-visibility":"","ast-main-header-display":"","ast-hfb-above-header-display":"","ast-hfb-below-header-display":"","ast-hfb-mobile-header-display":"","site-post-title":"","ast-breadcrumbs-content":"","ast-featured-img":"","footer-sml-layout":"","theme-transparent-header-meta":"default","adv-header-id-meta":"","stick-header-meta":"","header-above-stick-meta":"","header-main-stick-meta":"","header-below-stick-meta":"","astra-migrate-meta-layouts":"set","ast-page-background-enabled":"default","ast-page-background-meta":{"desktop":{"background-color":"var(--ast-global-color-4)","background-image":"","background-repeat":"repeat","background-position":"center center","background-size":"auto","background-attachment":"scroll","background-type":"","background-media":"","overlay-type":"","overlay-color":"","overlay-opacity":"","overlay-gradient":""},"tablet":{"background-color":"","background-image":"","background-repeat":"repeat","background-position":"center center","background-size":"auto","background-attachment":"scroll","background-type":"","background-media":"","overlay-type":"","overlay-color":"","overlay-opacity":"","overlay-gradient":""},"mobile":{"background-color":"","background-image":"","background-repeat":"repeat","background-position":"center center","background-size":"auto","background-attachment":"scroll","background-type":"","background-media":"","overlay-type":"","overlay-color":"","overlay-opacity":"","overlay-gradient":""}},"ast-content-background-meta":{"desktop":{"background-color":"var(--ast-global-color-5)","background-image":"","background-repeat":"repeat","background-position":"center center","background-size":"auto","background-attachment":"scroll","background-type":"","background-media":"","overlay-type":"","overlay-color":"","overlay-opacity":"","overlay-gradient":""},"tablet":{"background-color":"var(--ast-global-color-5)","background-image":"","background-repeat":"repeat","background-position":"center center","background-size":"auto","background-attachment":"scroll","background-type":"","background-media":"","overlay-type":"","overlay-color":"","overlay-opacity":"","overlay-gradient":""},"mobile":{"background-color":"var(--ast-global-color-5)","background-image":"","background-repeat":"repeat","background-position":"center center","background-size":"auto","background-attachment":"scroll","background-type":"","background-media":"","overlay-type":"","overlay-color":"","overlay-opacity":"","overlay-gradient":""}}},"product_brand":[],"product_cat":[290],"product_tag":[],"class_list":{"0":"post-4239","1":"product","2":"type-product","3":"status-publish","4":"has-post-thumbnail","6":"product_cat-books","7":"pa_format-mjukinbindning","8":"pa_genre-historia","9":"pa_genre-ickevald","10":"pa_genre-sociologi","11":"pa_language-tyska","12":"pa_publication-year-291","13":"pa_writer-barbara-muller","14":"desktop-align-center","15":"tablet-align-left","16":"mobile-align-left","17":"ast-product-gallery-layout-horizontal-slider","18":"ast-product-gallery-with-no-image","19":"ast-product-tabs-layout-distributed","21":"first","22":"instock","23":"shipping-taxable","24":"product-type-external"},"_links":{"self":[{"href":"https:\/\/irenepublishing.com\/sv\/wp-json\/wp\/v2\/product\/4239","targetHints":{"allow":["GET"]}}],"collection":[{"href":"https:\/\/irenepublishing.com\/sv\/wp-json\/wp\/v2\/product"}],"about":[{"href":"https:\/\/irenepublishing.com\/sv\/wp-json\/wp\/v2\/types\/product"}],"replies":[{"embeddable":true,"href":"https:\/\/irenepublishing.com\/sv\/wp-json\/wp\/v2\/comments?post=4239"}],"version-history":[{"count":1,"href":"https:\/\/irenepublishing.com\/sv\/wp-json\/wp\/v2\/product\/4239\/revisions"}],"predecessor-version":[{"id":4322,"href":"https:\/\/irenepublishing.com\/sv\/wp-json\/wp\/v2\/product\/4239\/revisions\/4322"}],"wp:featuredmedia":[{"embeddable":true,"href":"https:\/\/irenepublishing.com\/sv\/wp-json\/wp\/v2\/media\/2816"}],"wp:attachment":[{"href":"https:\/\/irenepublishing.com\/sv\/wp-json\/wp\/v2\/media?parent=4239"}],"wp:term":[{"taxonomy":"product_brand","embeddable":true,"href":"https:\/\/irenepublishing.com\/sv\/wp-json\/wp\/v2\/product_brand?post=4239"},{"taxonomy":"product_cat","embeddable":true,"href":"https:\/\/irenepublishing.com\/sv\/wp-json\/wp\/v2\/product_cat?post=4239"},{"taxonomy":"product_tag","embeddable":true,"href":"https:\/\/irenepublishing.com\/sv\/wp-json\/wp\/v2\/product_tag?post=4239"}],"curies":[{"name":"wp","href":"https:\/\/api.w.org\/{rel}","templated":true}]}}