{"id":4241,"date":"2025-02-19T12:48:18","date_gmt":"2025-02-19T11:48:18","guid":{"rendered":"https:\/\/irenepublishing.com\/product\/visselblasande-och-kritik-pa-arbetsplatsen\/"},"modified":"2026-01-20T11:02:39","modified_gmt":"2026-01-20T10:02:39","slug":"visselblasande-och-kritik-pa-arbetsplatsen","status":"publish","type":"product","link":"https:\/\/irenepublishing.com\/sv\/produkt\/visselblasande-och-kritik-pa-arbetsplatsen\/","title":{"rendered":"Visselbl\u00e5sande och kritik p\u00e5 arbetsplatsen. Fr\u00e5n tystnadsklimat till dialog"},"content":{"rendered":"<p>I media n\u00e4mns ofta att det r\u00e5der en tystnadskultur i organisationen, till exempel i polismyndigheten. Visselbl\u00e5sare som har avsl\u00f6jat oegentligheter eller missf\u00f6rh\u00e5llanden av n\u00e5got slag blir ofta betraktade som f\u00f6rr\u00e4dare av chefer och blir bestraffade f\u00f6r att ha slagit larm. Samtidigt finns det arbetsplatser som har \u00f6ppna diskussioner och d\u00e4r kritiska synpunkter efterfr\u00e5gas. Varf\u00f6r \u00e4r det l\u00e5gt i tak p\u00e5 vissa arbetsplatser och h\u00f6gt i tak p\u00e5 andra? Boken handlar om hur organisationen p\u00e5verkar arbetstagares m\u00f6jligheter att framf\u00f6ra sakligt grundad kritik om f\u00f6rh\u00e5llanden p\u00e5 arbetsplatsen. Mer specifikt avhandlas effekter av ledarskap, arbetsplatsklimat, organisations- och styrmodeller. Framst\u00e4llningen baseras p\u00e5 en genomg\u00e5ng av vetenskapliga studier fr\u00e5n forskningsf\u00e4lten visselbl\u00e5sande, inflytande\/protest (voice) och tystnad. N\u00e4r det g\u00e4ller allvarliga missf\u00f6rh\u00e5llanden eller oegentligheter kan arbetstagare v\u00e4lja att sl\u00e5 larm, till exempel i interna visselbl\u00e5sarkanaler, eller externt till myndigheter och till media. Den st\u00f6rsta andelen synpunkter som framf\u00f6rs p\u00e5 arbetsplatser handlar emellertid om sm\u00e4rre problem och brister. Dessa synpunkter framf\u00f6rs i f\u00f6rsta hand till n\u00e4rmaste chef. Hur chefer tar emot synpunkter kan skilja sig mycket \u00e5t fr\u00e5n chef till chef. Chefens ledarstil, samt syns\u00e4tt p\u00e5 kommunikation och lojalitet, har stor inverkan p\u00e5 arbetsplatsklimatet och hur synpunkter bem\u00f6ts. P\u00e5 en del arbetsplatser efterfr\u00e5gas och v\u00e4lkomnas kritiska synpunkter och p\u00e5 andra arbetsplatser uts\u00e4tts arbetstagare f\u00f6r repressalier. I boken f\u00e5ngas dessa f\u00f6reteelser i termer av dialogklimat och tystnadsklimat.<\/p>\n","protected":false},"excerpt":{"rendered":"<p><span style=\"color: #333333;\">P-O B\u00f6rnfelt \u00e4r Fil. dr. i arbetsvetenskap. Han har arbetat som lektor p\u00e5 bland annat H\u00f6gskolan i Halmstad och G\u00f6teborgs universitet.<\/span><\/p>\n","protected":false},"featured_media":2781,"comment_status":"open","ping_status":"closed","template":"","meta":{"site-sidebar-layout":"default","site-content-layout":"","ast-site-content-layout":"default","site-content-style":"default","site-sidebar-style":"default","ast-global-header-display":"","ast-banner-title-visibility":"","ast-main-header-display":"","ast-hfb-above-header-display":"","ast-hfb-below-header-display":"","ast-hfb-mobile-header-display":"","site-post-title":"","ast-breadcrumbs-content":"","ast-featured-img":"","footer-sml-layout":"","theme-transparent-header-meta":"default","adv-header-id-meta":"","stick-header-meta":"","header-above-stick-meta":"","header-main-stick-meta":"","header-below-stick-meta":"","astra-migrate-meta-layouts":"set","ast-page-background-enabled":"default","ast-page-background-meta":{"desktop":{"background-color":"var(--ast-global-color-4)","background-image":"","background-repeat":"repeat","background-position":"center center","background-size":"auto","background-attachment":"scroll","background-type":"","background-media":"","overlay-type":"","overlay-color":"","overlay-opacity":"","overlay-gradient":""},"tablet":{"background-color":"","background-image":"","background-repeat":"repeat","background-position":"center center","background-size":"auto","background-attachment":"scroll","background-type":"","background-media":"","overlay-type":"","overlay-color":"","overlay-opacity":"","overlay-gradient":""},"mobile":{"background-color":"","background-image":"","background-repeat":"repeat","background-position":"center center","background-size":"auto","background-attachment":"scroll","background-type":"","background-media":"","overlay-type":"","overlay-color":"","overlay-opacity":"","overlay-gradient":""}},"ast-content-background-meta":{"desktop":{"background-color":"var(--ast-global-color-5)","background-image":"","background-repeat":"repeat","background-position":"center center","background-size":"auto","background-attachment":"scroll","background-type":"","background-media":"","overlay-type":"","overlay-color":"","overlay-opacity":"","overlay-gradient":""},"tablet":{"background-color":"var(--ast-global-color-5)","background-image":"","background-repeat":"repeat","background-position":"center center","background-size":"auto","background-attachment":"scroll","background-type":"","background-media":"","overlay-type":"","overlay-color":"","overlay-opacity":"","overlay-gradient":""},"mobile":{"background-color":"var(--ast-global-color-5)","background-image":"","background-repeat":"repeat","background-position":"center center","background-size":"auto","background-attachment":"scroll","background-type":"","background-media":"","overlay-type":"","overlay-color":"","overlay-opacity":"","overlay-gradient":""}}},"product_brand":[],"product_cat":[290],"product_tag":[],"class_list":{"0":"post-4241","1":"product","2":"type-product","3":"status-publish","4":"has-post-thumbnail","6":"product_cat-books","7":"pa_format-mjukinbindning","8":"pa_publication-year-291","9":"pa_writer-p-o-bornfelt","10":"desktop-align-center","11":"tablet-align-left","12":"mobile-align-left","13":"ast-product-gallery-layout-horizontal-slider","14":"ast-product-gallery-with-no-image","15":"ast-product-tabs-layout-distributed","17":"first","18":"instock","19":"shipping-taxable","20":"purchasable","21":"product-type-simple"},"_links":{"self":[{"href":"https:\/\/irenepublishing.com\/sv\/wp-json\/wp\/v2\/product\/4241","targetHints":{"allow":["GET"]}}],"collection":[{"href":"https:\/\/irenepublishing.com\/sv\/wp-json\/wp\/v2\/product"}],"about":[{"href":"https:\/\/irenepublishing.com\/sv\/wp-json\/wp\/v2\/types\/product"}],"replies":[{"embeddable":true,"href":"https:\/\/irenepublishing.com\/sv\/wp-json\/wp\/v2\/comments?post=4241"}],"version-history":[{"count":1,"href":"https:\/\/irenepublishing.com\/sv\/wp-json\/wp\/v2\/product\/4241\/revisions"}],"predecessor-version":[{"id":4324,"href":"https:\/\/irenepublishing.com\/sv\/wp-json\/wp\/v2\/product\/4241\/revisions\/4324"}],"wp:featuredmedia":[{"embeddable":true,"href":"https:\/\/irenepublishing.com\/sv\/wp-json\/wp\/v2\/media\/2781"}],"wp:attachment":[{"href":"https:\/\/irenepublishing.com\/sv\/wp-json\/wp\/v2\/media?parent=4241"}],"wp:term":[{"taxonomy":"product_brand","embeddable":true,"href":"https:\/\/irenepublishing.com\/sv\/wp-json\/wp\/v2\/product_brand?post=4241"},{"taxonomy":"product_cat","embeddable":true,"href":"https:\/\/irenepublishing.com\/sv\/wp-json\/wp\/v2\/product_cat?post=4241"},{"taxonomy":"product_tag","embeddable":true,"href":"https:\/\/irenepublishing.com\/sv\/wp-json\/wp\/v2\/product_tag?post=4241"}],"curies":[{"name":"wp","href":"https:\/\/api.w.org\/{rel}","templated":true}]}}