{"id":4242,"date":"2024-11-23T16:17:00","date_gmt":"2024-11-23T15:17:00","guid":{"rendered":"https:\/\/irenepublishing.com\/product\/edellovsskogen-i-tistadalen\/"},"modified":"2025-11-20T16:06:30","modified_gmt":"2025-11-20T15:06:30","slug":"edellovsskogen-i-tistadalen","status":"publish","type":"product","link":"https:\/\/irenepublishing.com\/sv\/produkt\/edellovsskogen-i-tistadalen\/","title":{"rendered":"Edell\u00f8vsskogen i Tistadalen"},"content":{"rendered":"<p>Redakt\u00f8r: J\u00f8rgen Johansen<\/p>\n","protected":false},"excerpt":{"rendered":"<div class=\"tabs__content\">\n<div class=\"product__html-block product__html-block--short-text\">\n<div class=\"product__html-block__text\">Dette er en dokumentasjon de store natur- og kulturverdier i b\u00f8keskogen og de andre delene av den fantastiske Edell\u00f8vskogen i Tistadalen i Halden. Kombinasjonen av mange gode kommenterende tekster, politiske analyser og fantastiske naturbilder og illustrasjoner i farger gj\u00f8r boken unik. Naturfotograf J\u00f8rn B\u00f8hmer Olsen og flere andre gir oss innsikt i omr\u00e5dets historie og naturmangfold. Boka utgis med st\u00f8tte av Naturvernforbundet i Halden og lokallaget til Birdlife Norge.<\/div>\n<\/div>\n<\/div>\n","protected":false},"featured_media":2566,"comment_status":"open","ping_status":"closed","template":"","meta":{"site-sidebar-layout":"default","site-content-layout":"","ast-site-content-layout":"default","site-content-style":"default","site-sidebar-style":"default","ast-global-header-display":"","ast-banner-title-visibility":"","ast-main-header-display":"","ast-hfb-above-header-display":"","ast-hfb-below-header-display":"","ast-hfb-mobile-header-display":"","site-post-title":"","ast-breadcrumbs-content":"","ast-featured-img":"","footer-sml-layout":"","theme-transparent-header-meta":"default","adv-header-id-meta":"","stick-header-meta":"","header-above-stick-meta":"","header-main-stick-meta":"","header-below-stick-meta":"","astra-migrate-meta-layouts":"set","ast-page-background-enabled":"default","ast-page-background-meta":{"desktop":{"background-color":"var(--ast-global-color-4)","background-image":"","background-repeat":"repeat","background-position":"center center","background-size":"auto","background-attachment":"scroll","background-type":"","background-media":"","overlay-type":"","overlay-color":"","overlay-opacity":"","overlay-gradient":""},"tablet":{"background-color":"","background-image":"","background-repeat":"repeat","background-position":"center center","background-size":"auto","background-attachment":"scroll","background-type":"","background-media":"","overlay-type":"","overlay-color":"","overlay-opacity":"","overlay-gradient":""},"mobile":{"background-color":"","background-image":"","background-repeat":"repeat","background-position":"center center","background-size":"auto","background-attachment":"scroll","background-type":"","background-media":"","overlay-type":"","overlay-color":"","overlay-opacity":"","overlay-gradient":""}},"ast-content-background-meta":{"desktop":{"background-color":"var(--ast-global-color-5)","background-image":"","background-repeat":"repeat","background-position":"center center","background-size":"auto","background-attachment":"scroll","background-type":"","background-media":"","overlay-type":"","overlay-color":"","overlay-opacity":"","overlay-gradient":""},"tablet":{"background-color":"var(--ast-global-color-5)","background-image":"","background-repeat":"repeat","background-position":"center center","background-size":"auto","background-attachment":"scroll","background-type":"","background-media":"","overlay-type":"","overlay-color":"","overlay-opacity":"","overlay-gradient":""},"mobile":{"background-color":"var(--ast-global-color-5)","background-image":"","background-repeat":"repeat","background-position":"center center","background-size":"auto","background-attachment":"scroll","background-type":"","background-media":"","overlay-type":"","overlay-color":"","overlay-opacity":"","overlay-gradient":""}}},"product_brand":[],"product_cat":[290],"product_tag":[],"class_list":{"0":"post-4242","1":"product","2":"type-product","3":"status-publish","4":"has-post-thumbnail","6":"product_cat-books","7":"pa_format-inbunden","8":"pa_genre-miljofragor","9":"pa_genre-politik","10":"pa_language-norska","11":"pa_publication-year-2024-sv","12":"pa_writer-eva-weme","13":"pa_writer-geir-hardeng","14":"pa_writer-jorgen-johansen-sv","15":"pa_writer-jorn-bohmer-olsen-sv","16":"pa_writer-marit-eriksen","17":"pa_writer-morten-paulsen-sv","18":"desktop-align-center","19":"tablet-align-left","20":"mobile-align-left","21":"ast-product-gallery-layout-horizontal-slider","22":"ast-product-gallery-with-no-image","23":"ast-product-tabs-layout-distributed","25":"first","26":"instock","27":"shipping-taxable","28":"purchasable","29":"product-type-simple"},"_links":{"self":[{"href":"https:\/\/irenepublishing.com\/sv\/wp-json\/wp\/v2\/product\/4242","targetHints":{"allow":["GET"]}}],"collection":[{"href":"https:\/\/irenepublishing.com\/sv\/wp-json\/wp\/v2\/product"}],"about":[{"href":"https:\/\/irenepublishing.com\/sv\/wp-json\/wp\/v2\/types\/product"}],"replies":[{"embeddable":true,"href":"https:\/\/irenepublishing.com\/sv\/wp-json\/wp\/v2\/comments?post=4242"}],"version-history":[{"count":1,"href":"https:\/\/irenepublishing.com\/sv\/wp-json\/wp\/v2\/product\/4242\/revisions"}],"predecessor-version":[{"id":4326,"href":"https:\/\/irenepublishing.com\/sv\/wp-json\/wp\/v2\/product\/4242\/revisions\/4326"}],"wp:featuredmedia":[{"embeddable":true,"href":"https:\/\/irenepublishing.com\/sv\/wp-json\/wp\/v2\/media\/2566"}],"wp:attachment":[{"href":"https:\/\/irenepublishing.com\/sv\/wp-json\/wp\/v2\/media?parent=4242"}],"wp:term":[{"taxonomy":"product_brand","embeddable":true,"href":"https:\/\/irenepublishing.com\/sv\/wp-json\/wp\/v2\/product_brand?post=4242"},{"taxonomy":"product_cat","embeddable":true,"href":"https:\/\/irenepublishing.com\/sv\/wp-json\/wp\/v2\/product_cat?post=4242"},{"taxonomy":"product_tag","embeddable":true,"href":"https:\/\/irenepublishing.com\/sv\/wp-json\/wp\/v2\/product_tag?post=4242"}],"curies":[{"name":"wp","href":"https:\/\/api.w.org\/{rel}","templated":true}]}}