{"id":4245,"date":"2025-01-02T13:35:53","date_gmt":"2025-01-02T12:35:53","guid":{"rendered":"https:\/\/irenepublishing.com\/product\/vad-ar-sanning\/"},"modified":"2026-01-07T11:02:17","modified_gmt":"2026-01-07T10:02:17","slug":"vad-ar-sanning","status":"publish","type":"product","link":"https:\/\/irenepublishing.com\/sv\/produkt\/vad-ar-sanning\/","title":{"rendered":"Vad \u00e4r sanning?"},"content":{"rendered":"<p>N\u00e5gra tips om sammanhang och referenser till samtida krigs- och fredsfr\u00e5gor<\/p>\n","protected":false},"excerpt":{"rendered":"<p>Den traditionella svenska bindningen till USA och den gamla v\u00e4rldsmakten England p\u00e5 kulturens, ekonomins och s\u00e4kerhetst\u00e4nkandets omr\u00e5den har gjort oss alla mottagliga f\u00f6r myter om \u00f6verl\u00e4gsenhet och demoniseringskampanjer f\u00f6r ingripanden i andra l\u00e4nder. F\u00f6rst\u00e5elsen av de aktuella konflikterna kring Ukraina och Palestina styrs n\u00e4stan helt av USAs bilder av verkligheten. Intr\u00e4det i Nato m\u00f6jliggjordes av den godtrogenhet som inympats i Sveriges politiska och milit\u00e4ra ledarskikt. Allt \u00e5terspeglas i medias f\u00f6ljsamhet. Extremt f\u00e5 avvikande verklighetsbeskrivningar till\u00e5ts. Fredsr\u00f6relsen motarbetas med bl a indragna bidrag och h\u00e5nfulla tillm\u00e4len och ins\u00e4ndare, d\u00e4r svaren censureras.<\/p>\n<p>Ovanst\u00e5ende \u00e4r utg\u00e5ngspunkten f\u00f6r denna skrift, som vill visa att fredsr\u00f6relsens motarbetade id\u00e9er och beskrivningar st\u00f6ds av objektiva auktoriteter vilka s\u00e4llan eller aldrig tillfr\u00e5gas av uppdragsstyrda myndigheter och media.<\/p>\n<p>I all \u00f6dmjukhet inf\u00f6r egna begr\u00e4nsningar h\u00e4vdar jag att n\u00e5gon trots allt m\u00e5ste forts\u00e4tta driva det n\u00f6dv\u00e4ndiga sakupplysande motst\u00e5nd som kr\u00e4vs f\u00f6r att \u00e5teruppliva det demokratiska samtalet.<\/p>\n<p>Stocken i november 2024<br \/>\nOla Friholt<\/p>\n","protected":false},"featured_media":2621,"comment_status":"open","ping_status":"closed","template":"","meta":{"site-sidebar-layout":"default","site-content-layout":"","ast-site-content-layout":"default","site-content-style":"default","site-sidebar-style":"default","ast-global-header-display":"","ast-banner-title-visibility":"","ast-main-header-display":"","ast-hfb-above-header-display":"","ast-hfb-below-header-display":"","ast-hfb-mobile-header-display":"","site-post-title":"","ast-breadcrumbs-content":"","ast-featured-img":"","footer-sml-layout":"","theme-transparent-header-meta":"default","adv-header-id-meta":"","stick-header-meta":"","header-above-stick-meta":"","header-main-stick-meta":"","header-below-stick-meta":"","astra-migrate-meta-layouts":"set","ast-page-background-enabled":"default","ast-page-background-meta":{"desktop":{"background-color":"var(--ast-global-color-4)","background-image":"","background-repeat":"repeat","background-position":"center center","background-size":"auto","background-attachment":"scroll","background-type":"","background-media":"","overlay-type":"","overlay-color":"","overlay-opacity":"","overlay-gradient":""},"tablet":{"background-color":"","background-image":"","background-repeat":"repeat","background-position":"center center","background-size":"auto","background-attachment":"scroll","background-type":"","background-media":"","overlay-type":"","overlay-color":"","overlay-opacity":"","overlay-gradient":""},"mobile":{"background-color":"","background-image":"","background-repeat":"repeat","background-position":"center center","background-size":"auto","background-attachment":"scroll","background-type":"","background-media":"","overlay-type":"","overlay-color":"","overlay-opacity":"","overlay-gradient":""}},"ast-content-background-meta":{"desktop":{"background-color":"var(--ast-global-color-5)","background-image":"","background-repeat":"repeat","background-position":"center center","background-size":"auto","background-attachment":"scroll","background-type":"","background-media":"","overlay-type":"","overlay-color":"","overlay-opacity":"","overlay-gradient":""},"tablet":{"background-color":"var(--ast-global-color-5)","background-image":"","background-repeat":"repeat","background-position":"center center","background-size":"auto","background-attachment":"scroll","background-type":"","background-media":"","overlay-type":"","overlay-color":"","overlay-opacity":"","overlay-gradient":""},"mobile":{"background-color":"var(--ast-global-color-5)","background-image":"","background-repeat":"repeat","background-position":"center center","background-size":"auto","background-attachment":"scroll","background-type":"","background-media":"","overlay-type":"","overlay-color":"","overlay-opacity":"","overlay-gradient":""}}},"product_brand":[],"product_cat":[290],"product_tag":[],"class_list":{"0":"post-4245","1":"product","2":"type-product","3":"status-publish","4":"has-post-thumbnail","6":"product_cat-books","7":"desktop-align-center","8":"tablet-align-left","9":"mobile-align-left","10":"ast-product-gallery-layout-horizontal-slider","11":"ast-product-gallery-with-no-image","12":"ast-product-tabs-layout-distributed","14":"first","15":"instock","16":"shipping-taxable","17":"purchasable","18":"product-type-simple"},"_links":{"self":[{"href":"https:\/\/irenepublishing.com\/sv\/wp-json\/wp\/v2\/product\/4245","targetHints":{"allow":["GET"]}}],"collection":[{"href":"https:\/\/irenepublishing.com\/sv\/wp-json\/wp\/v2\/product"}],"about":[{"href":"https:\/\/irenepublishing.com\/sv\/wp-json\/wp\/v2\/types\/product"}],"replies":[{"embeddable":true,"href":"https:\/\/irenepublishing.com\/sv\/wp-json\/wp\/v2\/comments?post=4245"}],"version-history":[{"count":1,"href":"https:\/\/irenepublishing.com\/sv\/wp-json\/wp\/v2\/product\/4245\/revisions"}],"predecessor-version":[{"id":4329,"href":"https:\/\/irenepublishing.com\/sv\/wp-json\/wp\/v2\/product\/4245\/revisions\/4329"}],"wp:featuredmedia":[{"embeddable":true,"href":"https:\/\/irenepublishing.com\/sv\/wp-json\/wp\/v2\/media\/2621"}],"wp:attachment":[{"href":"https:\/\/irenepublishing.com\/sv\/wp-json\/wp\/v2\/media?parent=4245"}],"wp:term":[{"taxonomy":"product_brand","embeddable":true,"href":"https:\/\/irenepublishing.com\/sv\/wp-json\/wp\/v2\/product_brand?post=4245"},{"taxonomy":"product_cat","embeddable":true,"href":"https:\/\/irenepublishing.com\/sv\/wp-json\/wp\/v2\/product_cat?post=4245"},{"taxonomy":"product_tag","embeddable":true,"href":"https:\/\/irenepublishing.com\/sv\/wp-json\/wp\/v2\/product_tag?post=4245"}],"curies":[{"name":"wp","href":"https:\/\/api.w.org\/{rel}","templated":true}]}}