{"id":4246,"date":"2024-04-19T19:20:27","date_gmt":"2024-04-19T18:20:27","guid":{"rendered":"https:\/\/irenepublishing.com\/product\/goteborg-under-krigshot-i-skuggan-av-andra-varldkriget\/"},"modified":"2026-04-10T10:02:46","modified_gmt":"2026-04-10T09:02:46","slug":"goteborg-under-krigshot-i-skuggan-av-andra-varldkriget","status":"publish","type":"product","link":"https:\/\/irenepublishing.com\/sv\/produkt\/goteborg-under-krigshot-i-skuggan-av-andra-varldkriget\/","title":{"rendered":"G\u00f6teborg under krigshot \u2013 i skuggan av andra v\u00e4rldkriget"},"content":{"rendered":"<p>Boken skildrar hur krigsh\u00e4ndelserna l\u00e4ngs v\u00e4stkusten och hotet om krig kom att p\u00e5verka staden G\u00f6teborg och dess inv\u00e5nare. Hur tog man emot soldater, spioner och flyktingar och fanns det en vilja hos befolkningen att st\u00e4lla upp och g\u00f6ra en insats f\u00f6r dem som beh\u00f6vde hj\u00e4lp? G\u00f6teborg var genom sitt l\u00e4ge och sin historia starkt p\u00e5verkat av USA och Storbritannien b\u00e5de vad g\u00e4llde livsstil och v\u00e4rderingar. Fanns det kanske en mots\u00e4ttning mellan hur regeringen agerade och hur f\u00f6retr\u00e4darna f\u00f6r G\u00f6teborgs n\u00e4ringsliv, organisationer och myndigheter s\u00e5g p\u00e5 situationen? Hur agerade i s\u00e5 fall statsmakten f\u00f6r att f\u00e5 r\u00e4ttning i ledet? Studien \u00e4r indelad i tolv avsnitt som ger olika perspektiv p\u00e5 G\u00f6teborg under kriget. Avsnitten ett och tv\u00e5 tar upp det milit\u00e4ra och civila f\u00f6rsvaret samt de frivilliga insatserna. I avsnitt tre beskrivs f\u00f6ljderna av Skageracksp\u00e4rren medan det fj\u00e4rde tar upp tryckfrihetens begr\u00e4nsningar under krigs\u00e5ren. Det femte beskriver hur underr\u00e4ttelsetj\u00e4nsten och s\u00e4kerhetspolisen agerade i G\u00f6teborgsomr\u00e5det. Avsnitten sex till nio redovisar den spionageverksamhet som stormakterna riktade mot hamnen, varven, SKF och permittentt\u00e5gtrafiken. Det tionde avsnittet beskriver de m\u00e5nga hj\u00e4lpkommitt\u00e9er som bildades i staden och det elfte tar upp utv\u00e4xlingen i G\u00f6teborg av krigsf\u00e5ngar fr\u00e5n de stridande l\u00e4nderna. Det sista avsnittet belyser de stora publika arrangemangen i staden. Boken avslutas med ett resonemang kring vikten av att se ett lands historia \u00e4ven ur ett lokalt perspektiv. Utanf\u00f6r huvudstaden ser ofta verkligheten annorlunda ut. Studien bygger p\u00e5 arkivmaterial, tidningsartiklar, forskningslitteratur samt memoarer som alla bidrar med olika aspekter p\u00e5 staden.<\/p>\n","protected":false},"excerpt":{"rendered":"<p>&nbsp;<\/p>\n<p>Vi erbjuder dig m\u00e4ngdrabatt f\u00f6r st\u00f6rre ink\u00f6p av denna bok. Vid best\u00e4llningar av fem eller fler b\u00f6cker dras 20% automatiskt av priset i din kundkorg.<\/p>\n","protected":false},"featured_media":2220,"comment_status":"open","ping_status":"closed","template":"","meta":{"site-sidebar-layout":"default","site-content-layout":"","ast-site-content-layout":"default","site-content-style":"default","site-sidebar-style":"default","ast-global-header-display":"","ast-banner-title-visibility":"","ast-main-header-display":"","ast-hfb-above-header-display":"","ast-hfb-below-header-display":"","ast-hfb-mobile-header-display":"","site-post-title":"","ast-breadcrumbs-content":"","ast-featured-img":"","footer-sml-layout":"","theme-transparent-header-meta":"default","adv-header-id-meta":"","stick-header-meta":"","header-above-stick-meta":"","header-main-stick-meta":"","header-below-stick-meta":"","astra-migrate-meta-layouts":"set","ast-page-background-enabled":"default","ast-page-background-meta":{"desktop":{"background-color":"var(--ast-global-color-4)","background-image":"","background-repeat":"repeat","background-position":"center center","background-size":"auto","background-attachment":"scroll","background-type":"","background-media":"","overlay-type":"","overlay-color":"","overlay-opacity":"","overlay-gradient":""},"tablet":{"background-color":"","background-image":"","background-repeat":"repeat","background-position":"center center","background-size":"auto","background-attachment":"scroll","background-type":"","background-media":"","overlay-type":"","overlay-color":"","overlay-opacity":"","overlay-gradient":""},"mobile":{"background-color":"","background-image":"","background-repeat":"repeat","background-position":"center center","background-size":"auto","background-attachment":"scroll","background-type":"","background-media":"","overlay-type":"","overlay-color":"","overlay-opacity":"","overlay-gradient":""}},"ast-content-background-meta":{"desktop":{"background-color":"var(--ast-global-color-5)","background-image":"","background-repeat":"repeat","background-position":"center center","background-size":"auto","background-attachment":"scroll","background-type":"","background-media":"","overlay-type":"","overlay-color":"","overlay-opacity":"","overlay-gradient":""},"tablet":{"background-color":"var(--ast-global-color-5)","background-image":"","background-repeat":"repeat","background-position":"center center","background-size":"auto","background-attachment":"scroll","background-type":"","background-media":"","overlay-type":"","overlay-color":"","overlay-opacity":"","overlay-gradient":""},"mobile":{"background-color":"var(--ast-global-color-5)","background-image":"","background-repeat":"repeat","background-position":"center center","background-size":"auto","background-attachment":"scroll","background-type":"","background-media":"","overlay-type":"","overlay-color":"","overlay-opacity":"","overlay-gradient":""}}},"product_brand":[],"product_cat":[290],"product_tag":[],"class_list":{"0":"post-4246","1":"product","2":"type-product","3":"status-publish","4":"has-post-thumbnail","6":"product_cat-books","7":"pa_format-inbunden","8":"pa_genre-historia","9":"pa_language-svenska","10":"pa_publication-year-2024-sv","11":"pa_writer-lars-hansson-sv","12":"desktop-align-center","13":"tablet-align-left","14":"mobile-align-left","15":"ast-product-gallery-layout-horizontal-slider","16":"ast-product-gallery-with-no-image","17":"ast-product-tabs-layout-distributed","19":"first","20":"instock","21":"shipping-taxable","22":"purchasable","23":"product-type-simple"},"_links":{"self":[{"href":"https:\/\/irenepublishing.com\/sv\/wp-json\/wp\/v2\/product\/4246","targetHints":{"allow":["GET"]}}],"collection":[{"href":"https:\/\/irenepublishing.com\/sv\/wp-json\/wp\/v2\/product"}],"about":[{"href":"https:\/\/irenepublishing.com\/sv\/wp-json\/wp\/v2\/types\/product"}],"replies":[{"embeddable":true,"href":"https:\/\/irenepublishing.com\/sv\/wp-json\/wp\/v2\/comments?post=4246"}],"version-history":[{"count":1,"href":"https:\/\/irenepublishing.com\/sv\/wp-json\/wp\/v2\/product\/4246\/revisions"}],"predecessor-version":[{"id":4330,"href":"https:\/\/irenepublishing.com\/sv\/wp-json\/wp\/v2\/product\/4246\/revisions\/4330"}],"wp:featuredmedia":[{"embeddable":true,"href":"https:\/\/irenepublishing.com\/sv\/wp-json\/wp\/v2\/media\/2220"}],"wp:attachment":[{"href":"https:\/\/irenepublishing.com\/sv\/wp-json\/wp\/v2\/media?parent=4246"}],"wp:term":[{"taxonomy":"product_brand","embeddable":true,"href":"https:\/\/irenepublishing.com\/sv\/wp-json\/wp\/v2\/product_brand?post=4246"},{"taxonomy":"product_cat","embeddable":true,"href":"https:\/\/irenepublishing.com\/sv\/wp-json\/wp\/v2\/product_cat?post=4246"},{"taxonomy":"product_tag","embeddable":true,"href":"https:\/\/irenepublishing.com\/sv\/wp-json\/wp\/v2\/product_tag?post=4246"}],"curies":[{"name":"wp","href":"https:\/\/api.w.org\/{rel}","templated":true}]}}