{"id":4252,"date":"2022-09-20T11:16:23","date_gmt":"2022-09-20T10:16:23","guid":{"rendered":"https:\/\/irenepublishing.com\/product\/med-ikkevold-for-en-bedre-verden\/"},"modified":"2025-11-20T16:10:08","modified_gmt":"2025-11-20T15:10:08","slug":"med-ikkevold-for-en-bedre-verden","status":"publish","type":"product","link":"https:\/\/irenepublishing.com\/sv\/produkt\/med-ikkevold-for-en-bedre-verden\/","title":{"rendered":"Med ikkevold for en bedre verden"},"content":{"rendered":"<p>De sosiale bevegelser som har fokusert p\u00e5 fred, kvinners situasjon, arbeidernes vilk\u00e5r, milj\u00f8et, rasisme og andre problemer i v\u00e5rt samfunn har i alle tider kjempet med ikkevoldsmetoder for \u00e5 bygge et bedre samfunn. Kampen for et holdbart, rettferdig og godt samfunn har vunnet mange seiere, men det gjenst\u00e5r mye. Denne boken beskriver flere av de kampanjer og metoder som har bidratt til framganger. Boken gir ogs\u00e5 leseren analyseverkt\u00f8y til \u00e5 forst\u00e5 konflikter og presenterer ulike aksjonsformer som aktivister fra hele verden har brukt. En viktig kamp st\u00e5r i dag om \u00e5 redde jordkloden s\u00e5 den blir levelig ogs\u00e5 for kommende generasjoner. Global oppvarming og atomkrig er to av flere eksistensielle trusler. Profitten til bedrifter som er en del av problemene veier tydeligvis tyngre enn hensynet til en beboelig klode. Mitt h\u00e5p er at denne boken kan bidra til at flere vil engasjere seg i \u00e5 hantere konflikter p\u00e5 en klok, fredelig og konstruktiv m\u00e5te.<\/p>\n","protected":false},"excerpt":{"rendered":"<p>De sosiale bevegelser som har fokusert p\u00e5 fred, kvinners situasjon, arbeidernes vilk\u00e5r, milj\u00f8et, rasisme og andre problemer i v\u00e5rt samfunn har i alle tider kjempet med ikkevoldsmetoder for \u00e5 bygge et bedre samfunn. Kampen for et holdbart, rettferdig og godt samfunn har vunnet mange seiere, men det gjenst\u00e5r mye. Denne boken beskriver flere av de [&hellip;]<\/p>\n","protected":false},"featured_media":2098,"comment_status":"open","ping_status":"closed","template":"","meta":{"site-sidebar-layout":"default","site-content-layout":"default","ast-site-content-layout":"default","site-content-style":"default","site-sidebar-style":"default","ast-global-header-display":"","ast-banner-title-visibility":"","ast-main-header-display":"","ast-hfb-above-header-display":"","ast-hfb-below-header-display":"","ast-hfb-mobile-header-display":"","site-post-title":"","ast-breadcrumbs-content":"","ast-featured-img":"","footer-sml-layout":"","theme-transparent-header-meta":"default","adv-header-id-meta":"","stick-header-meta":"","header-above-stick-meta":"","header-main-stick-meta":"","header-below-stick-meta":"","astra-migrate-meta-layouts":"set","ast-page-background-enabled":"default","ast-page-background-meta":{"desktop":{"background-color":"var(--ast-global-color-4)","background-image":"","background-repeat":"repeat","background-position":"center center","background-size":"auto","background-attachment":"scroll","background-type":"","background-media":"","overlay-type":"","overlay-color":"","overlay-opacity":"","overlay-gradient":""},"tablet":{"background-color":"","background-image":"","background-repeat":"repeat","background-position":"center center","background-size":"auto","background-attachment":"scroll","background-type":"","background-media":"","overlay-type":"","overlay-color":"","overlay-opacity":"","overlay-gradient":""},"mobile":{"background-color":"","background-image":"","background-repeat":"repeat","background-position":"center center","background-size":"auto","background-attachment":"scroll","background-type":"","background-media":"","overlay-type":"","overlay-color":"","overlay-opacity":"","overlay-gradient":""}},"ast-content-background-meta":{"desktop":{"background-color":"var(--ast-global-color-5)","background-image":"","background-repeat":"repeat","background-position":"center center","background-size":"auto","background-attachment":"scroll","background-type":"","background-media":"","overlay-type":"","overlay-color":"","overlay-opacity":"","overlay-gradient":""},"tablet":{"background-color":"var(--ast-global-color-5)","background-image":"","background-repeat":"repeat","background-position":"center center","background-size":"auto","background-attachment":"scroll","background-type":"","background-media":"","overlay-type":"","overlay-color":"","overlay-opacity":"","overlay-gradient":""},"mobile":{"background-color":"var(--ast-global-color-5)","background-image":"","background-repeat":"repeat","background-position":"center center","background-size":"auto","background-attachment":"scroll","background-type":"","background-media":"","overlay-type":"","overlay-color":"","overlay-opacity":"","overlay-gradient":""}}},"product_brand":[],"product_cat":[290],"product_tag":[],"class_list":{"0":"post-4252","1":"product","2":"type-product","3":"status-publish","4":"has-post-thumbnail","6":"product_cat-books","7":"pa_format-mjukinbindning","8":"pa_genre-fred","9":"pa_genre-ickevald","10":"pa_genre-politik","11":"pa_language-norska","12":"pa_publication-year-2022-sv","13":"pa_writer-jorgen-johansen-sv","14":"desktop-align-center","15":"tablet-align-left","16":"mobile-align-left","17":"ast-product-gallery-layout-horizontal-slider","18":"ast-product-gallery-with-no-image","19":"ast-product-tabs-layout-distributed","21":"first","22":"instock","23":"shipping-taxable","24":"purchasable","25":"product-type-simple"},"_links":{"self":[{"href":"https:\/\/irenepublishing.com\/sv\/wp-json\/wp\/v2\/product\/4252","targetHints":{"allow":["GET"]}}],"collection":[{"href":"https:\/\/irenepublishing.com\/sv\/wp-json\/wp\/v2\/product"}],"about":[{"href":"https:\/\/irenepublishing.com\/sv\/wp-json\/wp\/v2\/types\/product"}],"replies":[{"embeddable":true,"href":"https:\/\/irenepublishing.com\/sv\/wp-json\/wp\/v2\/comments?post=4252"}],"version-history":[{"count":1,"href":"https:\/\/irenepublishing.com\/sv\/wp-json\/wp\/v2\/product\/4252\/revisions"}],"predecessor-version":[{"id":4335,"href":"https:\/\/irenepublishing.com\/sv\/wp-json\/wp\/v2\/product\/4252\/revisions\/4335"}],"wp:featuredmedia":[{"embeddable":true,"href":"https:\/\/irenepublishing.com\/sv\/wp-json\/wp\/v2\/media\/2098"}],"wp:attachment":[{"href":"https:\/\/irenepublishing.com\/sv\/wp-json\/wp\/v2\/media?parent=4252"}],"wp:term":[{"taxonomy":"product_brand","embeddable":true,"href":"https:\/\/irenepublishing.com\/sv\/wp-json\/wp\/v2\/product_brand?post=4252"},{"taxonomy":"product_cat","embeddable":true,"href":"https:\/\/irenepublishing.com\/sv\/wp-json\/wp\/v2\/product_cat?post=4252"},{"taxonomy":"product_tag","embeddable":true,"href":"https:\/\/irenepublishing.com\/sv\/wp-json\/wp\/v2\/product_tag?post=4252"}],"curies":[{"name":"wp","href":"https:\/\/api.w.org\/{rel}","templated":true}]}}