{"id":4254,"date":"2022-08-27T07:58:40","date_gmt":"2022-08-27T06:58:40","guid":{"rendered":"https:\/\/irenepublishing.com\/product\/levande-och-tankande\/"},"modified":"2025-11-20T16:10:24","modified_gmt":"2025-11-20T15:10:24","slug":"levande-och-tankande","status":"publish","type":"product","link":"https:\/\/irenepublishing.com\/sv\/produkt\/levande-och-tankande\/","title":{"rendered":"Levande och T\u00e4nkande"},"content":{"rendered":"<div class=\"tabs__contents\">\n<div class=\"tabs__content\">\n<div class=\"product__html-block\">\n<div class=\"collapsible product__html-block__collapsible\">\n<div class=\"collapsible__content product__html-block__collapsible__content collapsible__content--expanded product__html-block__collapsible__content--expanded\" data-collapsed=\"false\">\n<div class=\"product__html-block__text\">\n<p>Sedan fem \u00e5r sitter Hilda Migueles i f\u00e4ngelse i Argentina. Det \u00e4r 1980.\u00a0Den nystartade Amnestygruppens uppgift \u00e4r att f\u00e5 henne fri fr\u00e5n milit\u00e4rjuntans\u00a0terrorv\u00e4lde. Hur ska det g\u00e5 till? Av en lycklig slump f\u00e5r gruppen\u00a0kontakt med Hildas tidigare medf\u00e5nge Marta Quiroga, som hamnat i\u00a0Sverige.<\/p>\n<p>Boken ger en unik inblick i tv\u00e5 kvinnors kamp f\u00f6r liv och \u00f6verlevnad.\u00a0Milit\u00e4rjuntan styrde och 30 000 m\u00e4nniskor f\u00f6rsvann sp\u00e5rl\u00f6st i Argentina.\u00a0Skildringen av grymhet och nedbrytande av allt m\u00e4nskligt, som f\u00e4ngelset\u00a0och vakterna utsatte f\u00e5ngarna f\u00f6r, \u00e4r skakande. Stark \u00e4r ocks\u00e5 ber\u00e4ttelsen\u00a0om hur f\u00e5ngarna h\u00f6ll samman och hj\u00e4lpte varandra i en milj\u00f6 sv\u00e5r att uth\u00e4rda.\u00a0Hur skulle de annars kommit ut ur f\u00e4ngelset levande och t\u00e4nkande ?<\/p>\n<p>Gott om autentiska bilder i boken bidrar till inlevelsen. Det \u00e4r k\u00e4nt att om\u00e4nsklig behandling under n\u00e5gra \u00e5r kan ge men f\u00f6r livet, men ocks\u00e5 hur medm\u00e4nskligt engagemang kan ge mening i livet. Den h\u00e4r boken bestyrker detta och visar hur n\u00e5gra m\u00e4nniskor i Ljungskile, en flykting i G\u00f6teborg och en kvinna i Buenos Aires kom att betyda s\u00e5 mycket f\u00f6r varandra.<\/p>\n<\/div>\n<\/div>\n<\/div>\n<\/div>\n<\/div>\n<\/div>\n","protected":false},"excerpt":{"rendered":"<p>Sedan fem \u00e5r sitter Hilda Migueles i f\u00e4ngelse i Argentina. Det \u00e4r 1980.\u00a0Den nystartade Amnestygruppens uppgift \u00e4r att f\u00e5 henne fri fr\u00e5n milit\u00e4rjuntans\u00a0terrorv\u00e4lde. Hur ska det g\u00e5 till? Av en lycklig slump f\u00e5r gruppen\u00a0kontakt med Hildas tidigare medf\u00e5nge Marta Quiroga, som hamnat i\u00a0Sverige. Boken ger en unik inblick i tv\u00e5 kvinnors kamp f\u00f6r liv och [&hellip;]<\/p>\n","protected":false},"featured_media":2094,"comment_status":"open","ping_status":"closed","template":"","meta":{"site-sidebar-layout":"default","site-content-layout":"","ast-site-content-layout":"default","site-content-style":"default","site-sidebar-style":"default","ast-global-header-display":"","ast-banner-title-visibility":"","ast-main-header-display":"","ast-hfb-above-header-display":"","ast-hfb-below-header-display":"","ast-hfb-mobile-header-display":"","site-post-title":"","ast-breadcrumbs-content":"","ast-featured-img":"","footer-sml-layout":"","theme-transparent-header-meta":"default","adv-header-id-meta":"","stick-header-meta":"","header-above-stick-meta":"","header-main-stick-meta":"","header-below-stick-meta":"","astra-migrate-meta-layouts":"set","ast-page-background-enabled":"default","ast-page-background-meta":{"desktop":{"background-color":"var(--ast-global-color-4)","background-image":"","background-repeat":"repeat","background-position":"center center","background-size":"auto","background-attachment":"scroll","background-type":"","background-media":"","overlay-type":"","overlay-color":"","overlay-opacity":"","overlay-gradient":""},"tablet":{"background-color":"","background-image":"","background-repeat":"repeat","background-position":"center center","background-size":"auto","background-attachment":"scroll","background-type":"","background-media":"","overlay-type":"","overlay-color":"","overlay-opacity":"","overlay-gradient":""},"mobile":{"background-color":"","background-image":"","background-repeat":"repeat","background-position":"center center","background-size":"auto","background-attachment":"scroll","background-type":"","background-media":"","overlay-type":"","overlay-color":"","overlay-opacity":"","overlay-gradient":""}},"ast-content-background-meta":{"desktop":{"background-color":"var(--ast-global-color-5)","background-image":"","background-repeat":"repeat","background-position":"center center","background-size":"auto","background-attachment":"scroll","background-type":"","background-media":"","overlay-type":"","overlay-color":"","overlay-opacity":"","overlay-gradient":""},"tablet":{"background-color":"var(--ast-global-color-5)","background-image":"","background-repeat":"repeat","background-position":"center center","background-size":"auto","background-attachment":"scroll","background-type":"","background-media":"","overlay-type":"","overlay-color":"","overlay-opacity":"","overlay-gradient":""},"mobile":{"background-color":"var(--ast-global-color-5)","background-image":"","background-repeat":"repeat","background-position":"center center","background-size":"auto","background-attachment":"scroll","background-type":"","background-media":"","overlay-type":"","overlay-color":"","overlay-opacity":"","overlay-gradient":""}}},"product_brand":[],"product_cat":[290],"product_tag":[],"class_list":{"0":"post-4254","1":"product","2":"type-product","3":"status-publish","4":"has-post-thumbnail","6":"product_cat-books","7":"pa_format-mjukinbindning","8":"pa_genre-biografi","9":"pa_genre-historia","10":"pa_genre-politik","11":"pa_language-svenska","12":"pa_publication-year-2022-sv","13":"pa_writer-inger-dejke-sv","14":"desktop-align-center","15":"tablet-align-left","16":"mobile-align-left","17":"ast-product-gallery-layout-horizontal-slider","18":"ast-product-gallery-with-no-image","19":"ast-product-tabs-layout-distributed","21":"first","22":"instock","23":"shipping-taxable","24":"purchasable","25":"product-type-simple"},"_links":{"self":[{"href":"https:\/\/irenepublishing.com\/sv\/wp-json\/wp\/v2\/product\/4254","targetHints":{"allow":["GET"]}}],"collection":[{"href":"https:\/\/irenepublishing.com\/sv\/wp-json\/wp\/v2\/product"}],"about":[{"href":"https:\/\/irenepublishing.com\/sv\/wp-json\/wp\/v2\/types\/product"}],"replies":[{"embeddable":true,"href":"https:\/\/irenepublishing.com\/sv\/wp-json\/wp\/v2\/comments?post=4254"}],"version-history":[{"count":1,"href":"https:\/\/irenepublishing.com\/sv\/wp-json\/wp\/v2\/product\/4254\/revisions"}],"predecessor-version":[{"id":4338,"href":"https:\/\/irenepublishing.com\/sv\/wp-json\/wp\/v2\/product\/4254\/revisions\/4338"}],"wp:featuredmedia":[{"embeddable":true,"href":"https:\/\/irenepublishing.com\/sv\/wp-json\/wp\/v2\/media\/2094"}],"wp:attachment":[{"href":"https:\/\/irenepublishing.com\/sv\/wp-json\/wp\/v2\/media?parent=4254"}],"wp:term":[{"taxonomy":"product_brand","embeddable":true,"href":"https:\/\/irenepublishing.com\/sv\/wp-json\/wp\/v2\/product_brand?post=4254"},{"taxonomy":"product_cat","embeddable":true,"href":"https:\/\/irenepublishing.com\/sv\/wp-json\/wp\/v2\/product_cat?post=4254"},{"taxonomy":"product_tag","embeddable":true,"href":"https:\/\/irenepublishing.com\/sv\/wp-json\/wp\/v2\/product_tag?post=4254"}],"curies":[{"name":"wp","href":"https:\/\/api.w.org\/{rel}","templated":true}]}}