{"id":4255,"date":"2022-06-14T18:21:24","date_gmt":"2022-06-14T17:21:24","guid":{"rendered":"https:\/\/irenepublishing.com\/product\/flykten-i-norr-flyktingstrommarna-fran-finland-och-nordnorge-1944-45\/"},"modified":"2025-12-08T11:02:14","modified_gmt":"2025-12-08T10:02:14","slug":"flykten-i-norr-flyktingstrommarna-fran-finland-och-nordnorge-1944-45","status":"publish","type":"product","link":"https:\/\/irenepublishing.com\/sv\/produkt\/flykten-i-norr-flyktingstrommarna-fran-finland-och-nordnorge-1944-45\/","title":{"rendered":"Flykten i norr : flyktingstr\u00f6mmarna fr\u00e5n Finland och Nordnorge 1944-45"},"content":{"rendered":"<div class=\"tabs__contents\">\n<div class=\"tabs__content\">\n<div class=\"product__html-block\">\n<div class=\"collapsible product__html-block__collapsible\">\n<div class=\"collapsible__content product__html-block__collapsible__content collapsible__content--expanded product__html-block__collapsible__content--expanded\" data-collapsed=\"false\">\n<div class=\"product__html-block__text\">\n<p>Svensk flyktingpolitik genomgick stora f\u00f6r\u00e4ndringar under andra v\u00e4rldskriget. Under de f\u00f6rsta krigs\u00e5ren var h\u00e5llningen starkt restriktiv. F\u00f6ljden blev ett stort antal avslag p\u00e5 asylans\u00f6kningar, fr\u00e4mst fr\u00e5n judar, men \u00e4ven fr\u00e5n norska motst\u00e5ndsm\u00e4n och tyska desert\u00f6rer. Fr\u00e5n och med 1942 upph\u00f6rde avvisningarna och flyktingpolitiken kom nu att handla om hur flyktingar skulle omh\u00e4ndertas, samtidigt som Sverige tog initiativ till en rad r\u00e4ddningsaktioner.<\/p>\n<p>I denna bok sammanfl\u00e4tas enskilda m\u00e4nnisko\u00f6den med de storpolitiska skeendena. Flyktingber\u00e4ttelserna fr\u00e5n Finland handlar om en brokig skara m\u00e4nniskor, alltifr\u00e5n finska desert\u00f6rer som deltagit i angreppskriget mot Sovjetunionen 1941 till finska SS-frivilliga, finska kommendanter f\u00f6r koncentrationsl\u00e4ger i \u00d6stkarelen och sovjetmedborgare, som anslutit sig till den finska arm\u00e9n. N\u00e4r det g\u00e4ller Nordnorge handlar det fr\u00e4mst om m\u00e4nniskor p\u00e5 flykt undan den retirerande tyska arm\u00e9ns systematiska f\u00f6rst\u00f6relse av bebyggelse och f\u00f6rs\u00f6rjningsm\u00f6jligheter. Det \u00e4r inga \u00f6verord att s\u00e4ga, att detta \u00e4r en forskarbragd, som p\u00e5 en flyh\u00e4nt skriven prosa ger ny kunskap om svensk flyktingpolitik under ett m\u00f6rkt kapitel i Europas historia.<\/p>\n<\/div>\n<\/div>\n<\/div>\n<\/div>\n<\/div>\n<\/div>\n<div id=\"gtx-trans\" style=\"position: absolute; left: 840px; top: 372.734px;\">\n<div class=\"gtx-trans-icon\"><\/div>\n<\/div>\n","protected":false},"excerpt":{"rendered":"<p>&nbsp;<\/p>\n<p>Vi erbjuder dig m\u00e4ngdrabatt f\u00f6r st\u00f6rre ink\u00f6p av denna bok. Vid best\u00e4llningar av fem eller fler b\u00f6cker dras 20% automatiskt av priset i din kundkorg.<\/p>\n<p>&nbsp;<\/p>\n","protected":false},"featured_media":2092,"comment_status":"open","ping_status":"closed","template":"","meta":{"site-sidebar-layout":"default","site-content-layout":"","ast-site-content-layout":"default","site-content-style":"default","site-sidebar-style":"default","ast-global-header-display":"","ast-banner-title-visibility":"","ast-main-header-display":"","ast-hfb-above-header-display":"","ast-hfb-below-header-display":"","ast-hfb-mobile-header-display":"","site-post-title":"","ast-breadcrumbs-content":"","ast-featured-img":"","footer-sml-layout":"","theme-transparent-header-meta":"default","adv-header-id-meta":"","stick-header-meta":"","header-above-stick-meta":"","header-main-stick-meta":"","header-below-stick-meta":"","astra-migrate-meta-layouts":"set","ast-page-background-enabled":"default","ast-page-background-meta":{"desktop":{"background-color":"var(--ast-global-color-4)","background-image":"","background-repeat":"repeat","background-position":"center center","background-size":"auto","background-attachment":"scroll","background-type":"","background-media":"","overlay-type":"","overlay-color":"","overlay-opacity":"","overlay-gradient":""},"tablet":{"background-color":"","background-image":"","background-repeat":"repeat","background-position":"center center","background-size":"auto","background-attachment":"scroll","background-type":"","background-media":"","overlay-type":"","overlay-color":"","overlay-opacity":"","overlay-gradient":""},"mobile":{"background-color":"","background-image":"","background-repeat":"repeat","background-position":"center center","background-size":"auto","background-attachment":"scroll","background-type":"","background-media":"","overlay-type":"","overlay-color":"","overlay-opacity":"","overlay-gradient":""}},"ast-content-background-meta":{"desktop":{"background-color":"var(--ast-global-color-5)","background-image":"","background-repeat":"repeat","background-position":"center center","background-size":"auto","background-attachment":"scroll","background-type":"","background-media":"","overlay-type":"","overlay-color":"","overlay-opacity":"","overlay-gradient":""},"tablet":{"background-color":"var(--ast-global-color-5)","background-image":"","background-repeat":"repeat","background-position":"center center","background-size":"auto","background-attachment":"scroll","background-type":"","background-media":"","overlay-type":"","overlay-color":"","overlay-opacity":"","overlay-gradient":""},"mobile":{"background-color":"var(--ast-global-color-5)","background-image":"","background-repeat":"repeat","background-position":"center center","background-size":"auto","background-attachment":"scroll","background-type":"","background-media":"","overlay-type":"","overlay-color":"","overlay-opacity":"","overlay-gradient":""}}},"product_brand":[],"product_cat":[290],"product_tag":[],"class_list":{"0":"post-4255","1":"product","2":"type-product","3":"status-publish","4":"has-post-thumbnail","6":"product_cat-books","7":"pa_format-mjukinbindning","8":"pa_genre-historia","9":"pa_genre-politik","10":"pa_language-svenska","11":"pa_publication-year-2022-sv","12":"pa_writer-lars-hansson-sv","13":"desktop-align-center","14":"tablet-align-left","15":"mobile-align-left","16":"ast-product-gallery-layout-horizontal-slider","17":"ast-product-gallery-with-no-image","18":"ast-product-tabs-layout-distributed","20":"first","21":"instock","22":"shipping-taxable","23":"purchasable","24":"product-type-simple"},"_links":{"self":[{"href":"https:\/\/irenepublishing.com\/sv\/wp-json\/wp\/v2\/product\/4255","targetHints":{"allow":["GET"]}}],"collection":[{"href":"https:\/\/irenepublishing.com\/sv\/wp-json\/wp\/v2\/product"}],"about":[{"href":"https:\/\/irenepublishing.com\/sv\/wp-json\/wp\/v2\/types\/product"}],"replies":[{"embeddable":true,"href":"https:\/\/irenepublishing.com\/sv\/wp-json\/wp\/v2\/comments?post=4255"}],"version-history":[{"count":1,"href":"https:\/\/irenepublishing.com\/sv\/wp-json\/wp\/v2\/product\/4255\/revisions"}],"predecessor-version":[{"id":4337,"href":"https:\/\/irenepublishing.com\/sv\/wp-json\/wp\/v2\/product\/4255\/revisions\/4337"}],"wp:featuredmedia":[{"embeddable":true,"href":"https:\/\/irenepublishing.com\/sv\/wp-json\/wp\/v2\/media\/2092"}],"wp:attachment":[{"href":"https:\/\/irenepublishing.com\/sv\/wp-json\/wp\/v2\/media?parent=4255"}],"wp:term":[{"taxonomy":"product_brand","embeddable":true,"href":"https:\/\/irenepublishing.com\/sv\/wp-json\/wp\/v2\/product_brand?post=4255"},{"taxonomy":"product_cat","embeddable":true,"href":"https:\/\/irenepublishing.com\/sv\/wp-json\/wp\/v2\/product_cat?post=4255"},{"taxonomy":"product_tag","embeddable":true,"href":"https:\/\/irenepublishing.com\/sv\/wp-json\/wp\/v2\/product_tag?post=4255"}],"curies":[{"name":"wp","href":"https:\/\/api.w.org\/{rel}","templated":true}]}}