{"id":4260,"date":"2020-12-19T08:55:58","date_gmt":"2020-12-19T07:55:58","guid":{"rendered":"https:\/\/irenepublishing.com\/product\/flykten-till-sverige-1940-1945\/"},"modified":"2026-03-24T11:02:26","modified_gmt":"2026-03-24T10:02:26","slug":"flykten-till-sverige-1940-1945","status":"publish","type":"product","link":"https:\/\/irenepublishing.com\/sv\/produkt\/flykten-till-sverige-1940-1945\/","title":{"rendered":"Flykten till Sverige 1940-1945"},"content":{"rendered":"<div class=\"tabs__contents\">\n<div class=\"tabs__content\">\n<div class=\"product__html-block\">\n<div class=\"collapsible product__html-block__collapsible\">\n<div class=\"collapsible__content product__html-block__collapsible__content collapsible__content--expanded product__html-block__collapsible__content--expanded\" data-collapsed=\"false\">\n<div class=\"product__html-block__text\"><span style=\"font-size: 16px;\">&#8221;Lars Hanssons bok Flykten till Sverige skildrar med ett unikt material en bristf\u00e4lligt belyst aspektvav Sverige under andra v\u00e4rldskriget: flyktingproblematiken vid gr\u00e4nsen till Norge. Vi f\u00e5r ta del av ett stort antal mycket dramatiska skildringar av situationen vid gr\u00e4nsen under krigs\u00e5ren. Vi m\u00f6ter s\u00e5v\u00e4l de som flydde fr\u00e5n Nazistyret i Norge, som de som tog emot flyktingarna p\u00e5 den svenska sidan. P\u00e5 b\u00e5da sidor av gr\u00e4nsen fanns personer som tog stora risker och visade stort civilkurage. Men det fanns \u00e4ven de som uppvisade motsatsen, som t.ex. den nazianstuckne landsfiskal som skickade tillbaks personer som ingick i norska motst\u00e5ndsr\u00f6relsen. Vissa av dem greps vid \u00e5terkomsten till Norge, vilket innebar f\u00f6rh\u00f6r och tortyr hos Gestapo och i n\u00e5gra fall \u00e4ven arkebusering. Hansson har med sin l\u00e4sv\u00e4rda bok fyllt en lucka i svensk historieforskning.&#8221;<\/span><\/div>\n<\/div>\n<\/div>\n<\/div>\n<div class=\"product__html-block\">\n<div><strong><em>Janne Flyghed, professor i Kriminologi<\/em><\/strong><\/div>\n<div><\/div>\n<p>&nbsp;<\/p>\n<p><span style=\"font-size: 16px;\">&#8221;Genom Lars Hanssons bok Flykten till Sverige blir det uppenbart hur l\u00e4tt den enskilda m\u00e4nniskan p\u00e5 flykt v\u00e4ger i j\u00e4mf\u00f6relse med storpolitiska positioneringar. Samtidigt visar Hansson ocks\u00e5 hur m\u00e4nniskor kunde r\u00e4ddas genom enskilda m\u00e4nniskors och organisationers modiga beslut i komplexa situationer. Vi f\u00e5r i n\u00e5gra fall ber\u00e4ttelser om hur mottagandet framg\u00e5ngsrikt organiserades av civilsamh\u00e4llet och vilken betydelse det fick f\u00f6r flyktingarnas fortsatta liv. Boken blir p\u00e5 detta s\u00e4tt en inspirationsk\u00e4lla f\u00f6r den kamp som st\u00e4ndigt m\u00e5ste f\u00f6ras f\u00f6r individens r\u00e4tt och f\u00f6r en human flykting och integrationspolitik.&#8221;<\/span><\/p>\n<\/div>\n<div class=\"product__html-block\">\n<div><em><strong>Henrik Frykberg, Stiftsadjunkt f\u00f6r integration och interreligi\u00f6s dialog, G\u00f6teborgs stift, Svenska Kyrkan<\/strong><\/em><\/div>\n<\/div>\n<\/div>\n<\/div>\n<div class=\"tabs__contents__border-left\"><\/div>\n","protected":false},"excerpt":{"rendered":"<p>&nbsp;<\/p>\n<p>Vi erbjuder dig m\u00e4ngdrabatt f\u00f6r st\u00f6rre ink\u00f6p av denna bok. Vid best\u00e4llningar av fem eller fler b\u00f6cker dras 20% automatiskt av priset i din kundkorg.<\/p>\n<hr \/>\n<p>Lars Hanssons bok Flykten till Sverige skildrar med ett unikt material en bristf\u00e4lligt belyst aspekt av Sverige under andra v\u00e4rldskriget: flyktingproblematiken vid gr\u00e4nsen till Norge. Vi f\u00e5r ta del av ett stort antal mycket dramatiska skildringar av situationen vid gr\u00e4nsen under krigs\u00e5ren. Vi m\u00f6ter s\u00e5v\u00e4l de som flydde fr\u00e5n Nazistyret i Norge, som de som tog emot flyktingarna p\u00e5 den svenska sidan. P\u00e5 b\u00e5da sidor av gr\u00e4nsen fanns personer som tog stora risker och visade stort civilkurage. Men det fanns \u00e4ven de som uppvisade motsatsen, som t.ex. den nazianstuckne landsfiskal som skickade tillbaks personer som ingick i norska motst\u00e5ndsr\u00f6relsen. Vissa av dem greps vid \u00e5terkomsten till Norge, vilket innebar f\u00f6rh\u00f6r och tortyr hos Gestapo och i n\u00e5gra fall \u00e4ven arkebusering. Hansson har med sin l\u00e4sv\u00e4rda bok fyllt en lucka i svensk historieforskning med fokus p\u00e5 Bohusl\u00e4n, Dalsland och V\u00e4rmland<\/p>\n","protected":false},"featured_media":2803,"comment_status":"open","ping_status":"closed","template":"","meta":{"site-sidebar-layout":"default","site-content-layout":"default","ast-site-content-layout":"default","site-content-style":"default","site-sidebar-style":"default","ast-global-header-display":"","ast-banner-title-visibility":"","ast-main-header-display":"","ast-hfb-above-header-display":"","ast-hfb-below-header-display":"","ast-hfb-mobile-header-display":"","site-post-title":"","ast-breadcrumbs-content":"","ast-featured-img":"","footer-sml-layout":"","theme-transparent-header-meta":"default","adv-header-id-meta":"","stick-header-meta":"","header-above-stick-meta":"","header-main-stick-meta":"","header-below-stick-meta":"","astra-migrate-meta-layouts":"set","ast-page-background-enabled":"default","ast-page-background-meta":{"desktop":{"background-color":"var(--ast-global-color-4)","background-image":"","background-repeat":"repeat","background-position":"center center","background-size":"auto","background-attachment":"scroll","background-type":"","background-media":"","overlay-type":"","overlay-color":"","overlay-opacity":"","overlay-gradient":""},"tablet":{"background-color":"","background-image":"","background-repeat":"repeat","background-position":"center center","background-size":"auto","background-attachment":"scroll","background-type":"","background-media":"","overlay-type":"","overlay-color":"","overlay-opacity":"","overlay-gradient":""},"mobile":{"background-color":"","background-image":"","background-repeat":"repeat","background-position":"center center","background-size":"auto","background-attachment":"scroll","background-type":"","background-media":"","overlay-type":"","overlay-color":"","overlay-opacity":"","overlay-gradient":""}},"ast-content-background-meta":{"desktop":{"background-color":"var(--ast-global-color-5)","background-image":"","background-repeat":"repeat","background-position":"center center","background-size":"auto","background-attachment":"scroll","background-type":"","background-media":"","overlay-type":"","overlay-color":"","overlay-opacity":"","overlay-gradient":""},"tablet":{"background-color":"var(--ast-global-color-5)","background-image":"","background-repeat":"repeat","background-position":"center center","background-size":"auto","background-attachment":"scroll","background-type":"","background-media":"","overlay-type":"","overlay-color":"","overlay-opacity":"","overlay-gradient":""},"mobile":{"background-color":"var(--ast-global-color-5)","background-image":"","background-repeat":"repeat","background-position":"center center","background-size":"auto","background-attachment":"scroll","background-type":"","background-media":"","overlay-type":"","overlay-color":"","overlay-opacity":"","overlay-gradient":""}}},"product_brand":[],"product_cat":[290],"product_tag":[],"class_list":{"0":"post-4260","1":"product","2":"type-product","3":"status-publish","4":"has-post-thumbnail","6":"product_cat-books","7":"pa_format-mjukinbindning","8":"pa_genre-historia","9":"pa_genre-politik","10":"pa_language-svenska","11":"pa_publication-year-2020-sv","12":"pa_writer-lars-hansson-sv","13":"desktop-align-center","14":"tablet-align-left","15":"mobile-align-left","16":"ast-product-gallery-layout-horizontal-slider","17":"ast-product-gallery-with-no-image","18":"ast-product-tabs-layout-distributed","20":"first","21":"instock","22":"shipping-taxable","23":"purchasable","24":"product-type-simple"},"_links":{"self":[{"href":"https:\/\/irenepublishing.com\/sv\/wp-json\/wp\/v2\/product\/4260","targetHints":{"allow":["GET"]}}],"collection":[{"href":"https:\/\/irenepublishing.com\/sv\/wp-json\/wp\/v2\/product"}],"about":[{"href":"https:\/\/irenepublishing.com\/sv\/wp-json\/wp\/v2\/types\/product"}],"replies":[{"embeddable":true,"href":"https:\/\/irenepublishing.com\/sv\/wp-json\/wp\/v2\/comments?post=4260"}],"version-history":[{"count":1,"href":"https:\/\/irenepublishing.com\/sv\/wp-json\/wp\/v2\/product\/4260\/revisions"}],"predecessor-version":[{"id":4343,"href":"https:\/\/irenepublishing.com\/sv\/wp-json\/wp\/v2\/product\/4260\/revisions\/4343"}],"wp:featuredmedia":[{"embeddable":true,"href":"https:\/\/irenepublishing.com\/sv\/wp-json\/wp\/v2\/media\/2803"}],"wp:attachment":[{"href":"https:\/\/irenepublishing.com\/sv\/wp-json\/wp\/v2\/media?parent=4260"}],"wp:term":[{"taxonomy":"product_brand","embeddable":true,"href":"https:\/\/irenepublishing.com\/sv\/wp-json\/wp\/v2\/product_brand?post=4260"},{"taxonomy":"product_cat","embeddable":true,"href":"https:\/\/irenepublishing.com\/sv\/wp-json\/wp\/v2\/product_cat?post=4260"},{"taxonomy":"product_tag","embeddable":true,"href":"https:\/\/irenepublishing.com\/sv\/wp-json\/wp\/v2\/product_tag?post=4260"}],"curies":[{"name":"wp","href":"https:\/\/api.w.org\/{rel}","templated":true}]}}