{"id":4263,"date":"2019-09-11T14:35:01","date_gmt":"2019-09-11T13:35:01","guid":{"rendered":"https:\/\/irenepublishing.com\/product\/gandhi-als-organisator-wie-er-eine-landesweite-rebellion-gestaltete-indien-1915-1922\/"},"modified":"2025-11-20T16:11:16","modified_gmt":"2025-11-20T15:11:16","slug":"gandhi-als-organisator-wie-er-eine-landesweite-rebellion-gestaltete-indien-1915-1922","status":"publish","type":"product","link":"https:\/\/irenepublishing.com\/sv\/produkt\/gandhi-als-organisator-wie-er-eine-landesweite-rebellion-gestaltete-indien-1915-1922\/","title":{"rendered":"Gandhi als Organisator: Wie er eine landesweite Rebellion gestaltete: Indien 1915-1922"},"content":{"rendered":"<p>Dieses Buch ist in zweifacher Hinsicht einzigartig: Zuerst einmal wird hier in den Mittelpunkt gestellt, was beim indischen antikolonialistischen Freiheitskampf bisher zu wenig gewu\u0308rdigt wurde und was Gandhi selbst u\u0308beraus wichtig war: die konstruktive Programmarbeit. Dazu geh\u00f6ren der Aufbau von Regierungsformen und ihren Institutionen und die Entwicklung von F\u00e4higkeiten zur Selbstbestimmung. Zweitens enth\u00e4lt der Band eine genaue Beschreibung der wichtigsten Kampagnen des Freiheitskampfes: Gandhi verband die langfristig angelegte Aufbauarbeit mit dem aktiven Widerstand. Auf anregende, pr\u00e4gnante und gut lesbare Weise zeigt Bob Overy M\u00f6glichkeiten auf, wie wir Gandhis Erbe in der heutigen Zeit umsetzen k\u00f6nnen, insbesondere die Vernetzung von Programmarbeit und Satyagraha.<\/p>\n","protected":false},"excerpt":{"rendered":"<p>Dieses Buch ist in zweifacher Hinsicht einzigartig: Zuerst einmal wird hier in den Mittelpunkt gestellt, was beim indischen antikolonialistischen Freiheitskampf bisher zu wenig gewu\u0308rdigt wurde und was Gandhi selbst u\u0308beraus wichtig war: die konstruktive Programmarbeit. Dazu geh\u00f6ren der Aufbau von Regierungsformen und ihren Institutionen und die Entwicklung von F\u00e4higkeiten zur Selbstbestimmung. Zweitens enth\u00e4lt der Band eine genaue Beschreibung der wichtigsten Kampagnen des Freiheitskampfes: Gandhi verband die langfristig angelegte Aufbauarbeit mit dem aktiven Widerstand. Auf anregende, pr\u00e4gnante und gut lesbare Weise zeigt Bob Overy M\u00f6glichkeiten auf, wie wir Gandhis Erbe in der heutigen Zeit umsetzen k\u00f6nnen, insbesondere die Vernetzung von Programmarbeit und Satyagraha.<\/p>\n","protected":false},"featured_media":2110,"comment_status":"open","ping_status":"closed","template":"","meta":{"site-sidebar-layout":"default","site-content-layout":"","ast-site-content-layout":"default","site-content-style":"default","site-sidebar-style":"default","ast-global-header-display":"","ast-banner-title-visibility":"","ast-main-header-display":"","ast-hfb-above-header-display":"","ast-hfb-below-header-display":"","ast-hfb-mobile-header-display":"","site-post-title":"","ast-breadcrumbs-content":"","ast-featured-img":"","footer-sml-layout":"","theme-transparent-header-meta":"default","adv-header-id-meta":"","stick-header-meta":"","header-above-stick-meta":"","header-main-stick-meta":"","header-below-stick-meta":"","astra-migrate-meta-layouts":"set","ast-page-background-enabled":"default","ast-page-background-meta":{"desktop":{"background-color":"var(--ast-global-color-4)","background-image":"","background-repeat":"repeat","background-position":"center center","background-size":"auto","background-attachment":"scroll","background-type":"","background-media":"","overlay-type":"","overlay-color":"","overlay-opacity":"","overlay-gradient":""},"tablet":{"background-color":"","background-image":"","background-repeat":"repeat","background-position":"center center","background-size":"auto","background-attachment":"scroll","background-type":"","background-media":"","overlay-type":"","overlay-color":"","overlay-opacity":"","overlay-gradient":""},"mobile":{"background-color":"","background-image":"","background-repeat":"repeat","background-position":"center center","background-size":"auto","background-attachment":"scroll","background-type":"","background-media":"","overlay-type":"","overlay-color":"","overlay-opacity":"","overlay-gradient":""}},"ast-content-background-meta":{"desktop":{"background-color":"var(--ast-global-color-5)","background-image":"","background-repeat":"repeat","background-position":"center center","background-size":"auto","background-attachment":"scroll","background-type":"","background-media":"","overlay-type":"","overlay-color":"","overlay-opacity":"","overlay-gradient":""},"tablet":{"background-color":"var(--ast-global-color-5)","background-image":"","background-repeat":"repeat","background-position":"center center","background-size":"auto","background-attachment":"scroll","background-type":"","background-media":"","overlay-type":"","overlay-color":"","overlay-opacity":"","overlay-gradient":""},"mobile":{"background-color":"var(--ast-global-color-5)","background-image":"","background-repeat":"repeat","background-position":"center center","background-size":"auto","background-attachment":"scroll","background-type":"","background-media":"","overlay-type":"","overlay-color":"","overlay-opacity":"","overlay-gradient":""}}},"product_brand":[],"product_cat":[290],"product_tag":[],"class_list":{"0":"post-4263","1":"product","2":"type-product","3":"status-publish","4":"has-post-thumbnail","6":"product_cat-books","7":"pa_format-mjukinbindning","8":"pa_genre-fred","9":"pa_genre-ickevald","10":"pa_genre-politik","11":"pa_language-tyska","12":"pa_publication-year-2019-sv","13":"pa_writer-bob-overy-sv","14":"desktop-align-center","15":"tablet-align-left","16":"mobile-align-left","17":"ast-product-gallery-layout-horizontal-slider","18":"ast-product-gallery-with-no-image","19":"ast-product-tabs-layout-distributed","21":"first","22":"instock","23":"shipping-taxable","24":"product-type-external"},"_links":{"self":[{"href":"https:\/\/irenepublishing.com\/sv\/wp-json\/wp\/v2\/product\/4263","targetHints":{"allow":["GET"]}}],"collection":[{"href":"https:\/\/irenepublishing.com\/sv\/wp-json\/wp\/v2\/product"}],"about":[{"href":"https:\/\/irenepublishing.com\/sv\/wp-json\/wp\/v2\/types\/product"}],"replies":[{"embeddable":true,"href":"https:\/\/irenepublishing.com\/sv\/wp-json\/wp\/v2\/comments?post=4263"}],"version-history":[{"count":1,"href":"https:\/\/irenepublishing.com\/sv\/wp-json\/wp\/v2\/product\/4263\/revisions"}],"predecessor-version":[{"id":4347,"href":"https:\/\/irenepublishing.com\/sv\/wp-json\/wp\/v2\/product\/4263\/revisions\/4347"}],"wp:featuredmedia":[{"embeddable":true,"href":"https:\/\/irenepublishing.com\/sv\/wp-json\/wp\/v2\/media\/2110"}],"wp:attachment":[{"href":"https:\/\/irenepublishing.com\/sv\/wp-json\/wp\/v2\/media?parent=4263"}],"wp:term":[{"taxonomy":"product_brand","embeddable":true,"href":"https:\/\/irenepublishing.com\/sv\/wp-json\/wp\/v2\/product_brand?post=4263"},{"taxonomy":"product_cat","embeddable":true,"href":"https:\/\/irenepublishing.com\/sv\/wp-json\/wp\/v2\/product_cat?post=4263"},{"taxonomy":"product_tag","embeddable":true,"href":"https:\/\/irenepublishing.com\/sv\/wp-json\/wp\/v2\/product_tag?post=4263"}],"curies":[{"name":"wp","href":"https:\/\/api.w.org\/{rel}","templated":true}]}}