{"id":4282,"date":"2016-08-11T19:53:25","date_gmt":"2016-08-11T18:53:25","guid":{"rendered":"https:\/\/irenepublishing.com\/product\/motstandetssociologi\/"},"modified":"2025-11-21T11:02:13","modified_gmt":"2025-11-21T10:02:13","slug":"motstandetssociologi","status":"publish","type":"product","link":"https:\/\/irenepublishing.com\/sv\/produkt\/motstandetssociologi\/","title":{"rendered":"MOTST\u00c5NDETS  SOCIOLOGI: Kampen mot f\u00f6rtryck med fredliga och frihetliga medel"},"content":{"rendered":"<p>Ny bok av Stellan Vinthagen fr\u00e5n Irene Publishing<\/p>\n<p>I denna banbrytande bok erbjuder Stellan Vinthagen en systematiskt teori om ickev\u00e5ldslig aktivism. Vinthagen hanterar avg\u00f6rande teoretiska fr\u00e5gor som r\u00f6r ickev\u00e5ldsaktioner p\u00e5 ett innovativt och genomtr\u00e4ngande s\u00e4tt. Han visar p\u00e5 en repertoar av ickev\u00e5ld som kombinerar motst\u00e5nd och uppbyggande av politiska alternativ. Resonemangen illustreras med hj\u00e4lp av en omfattande genomg\u00e5ng av historiska och samtida sociala r\u00f6relser fr\u00e5n olika delar av v\u00e4rlden &#8211; fr\u00e5n med- borgarr\u00e4ttsr\u00f6relsen i USA till antiapartheid demonstranter i Sydafrika, liksom den brasilianska lantarbetarr\u00f6relsen MST. Detta \u00e4r en bok f\u00f6r alla som intresserar sig f\u00f6r hur fred och r\u00e4ttvisa med fredliga och frihetliga medel \u00e4r m\u00f6jligt, \u00e4ven i v\u00e5ldsamma, repressiva och konfliktfyllda sammanhang.<\/p>\n<blockquote><p><em>Denna fantastiska studie kommer att bli den centrala boken f\u00f6r denna generationen.<\/em><\/p><\/blockquote>\n<p><strong><em>Johan Galtung, professor of peace studies, dr hc mul<\/em><\/strong><em>t <\/em><\/p>\n<blockquote><p><em>Jag f\u00f6rsl\u00e5r att du s\u00e4tter denna bok \u00f6verst p\u00e5 din lista \u00f6ver b\u00f6cker som skall l\u00e4sas. Den kommer att bli en klassiker. Att k\u00e4nna till Vinhagens fyra dimensioner av ickev\u00e5ld blir like viktigt som k\u00e4nna till Gene Sharps kategorier av ickev\u00e5ldsaktioner.<\/em><\/p><\/blockquote>\n<p><strong><em>Brian Martin, Wollongong University<\/em><\/strong><\/p>\n<blockquote><p><em>En viktig bok f\u00f6r varje forskare, aktivist och m\u00e4nniskor\u00e4ttsf\u00f6rsvarare som intresserar sig f\u00f6r motst\u00e5ndets sociologi och ickev\u00e5ldets m\u00f6jligheter och begr\u00e4nsningar som aktiv handlingsmetod f\u00f6r m\u00e4nniskans frig\u00f6relse.<\/em><\/p><\/blockquote>\n<p><strong><em>Mattias Gardell, professor vid Uppsala Universitet <\/em><\/strong><\/p>\n<blockquote><p><em>I en tid d\u00e5 v\u00e4pnade konflikterna \u00e4r flera \u00e4n n\u00e5gonsin f\u00f6rklarar Stellan Vinthagen varf\u00f6r den fredliga befrielsekampen \u00e4r att f\u00f6redra, varf\u00f6r den haft sensationella framg\u00e5ngar, men ocks\u00e5 varf\u00f6r den kan avf\u00e4rdas som bl\u00e5\u00f6gd i samh\u00e4llen som v\u00e5ra, d\u00e4r normal maktut\u00f6vning vilar p\u00e5 v\u00e5ld eller hot om v\u00e5ld. Vinthagen visar att ickev\u00e5ldet ska f\u00f6rst\u00e5s som ingenting mindre \u00e4n en motst\u00e5ndets sociologi.<\/em><\/p><\/blockquote>\n<p><strong><em>Stefan Jonsson, professor vid Link\u00f6<\/em><\/strong><strong><em>ping Universitet<\/em><\/strong><\/p>\n","protected":false},"excerpt":{"rendered":"<p>I denna banbrytande bok erbjuder Stellan Vinthagen en systematiskt teori om ickev\u00e5ldslig aktivism. Vinthagen hanterar avg\u00f6rande teoretiska fr\u00e5gor som r\u00f6r ickev\u00e5ldsaktioner p\u00e5 ett innovativt och genomtr\u00e4ngande s\u00e4tt. Han visar p\u00e5 en repertoar av ickev\u00e5ld som kombinerar motst\u00e5nd och uppbyggande av politiska alternativ. Resonemangen illustreras med hj\u00e4lp av en omfattande genomg\u00e5ng av historiska och samtida sociala r\u00f6relser fr\u00e5n olika delar av v\u00e4rlden &#8211; fr\u00e5n med- borgarr\u00e4ttsr\u00f6relsen i USA till antiapartheid demonstranter i Sydafrika, liksom den brasilianska lantarbetarr\u00f6relsen MST. Detta \u00e4r en bok f\u00f6r alla som intresserar sig f\u00f6r hur fred och r\u00e4ttvisa med fredliga och frihetliga medel \u00e4r m\u00f6jligt, \u00e4ven i v\u00e5ldsamma, repressiva och konfliktfyllda sammanhang.<\/p>\n","protected":false},"featured_media":2182,"comment_status":"open","ping_status":"closed","template":"","meta":{"site-sidebar-layout":"default","site-content-layout":"default","ast-site-content-layout":"default","site-content-style":"default","site-sidebar-style":"default","ast-global-header-display":"","ast-banner-title-visibility":"","ast-main-header-display":"","ast-hfb-above-header-display":"","ast-hfb-below-header-display":"","ast-hfb-mobile-header-display":"","site-post-title":"","ast-breadcrumbs-content":"","ast-featured-img":"","footer-sml-layout":"","theme-transparent-header-meta":"default","adv-header-id-meta":"","stick-header-meta":"","header-above-stick-meta":"","header-main-stick-meta":"","header-below-stick-meta":"","astra-migrate-meta-layouts":"set","ast-page-background-enabled":"default","ast-page-background-meta":{"desktop":{"background-color":"var(--ast-global-color-4)","background-image":"","background-repeat":"repeat","background-position":"center center","background-size":"auto","background-attachment":"scroll","background-type":"","background-media":"","overlay-type":"","overlay-color":"","overlay-opacity":"","overlay-gradient":""},"tablet":{"background-color":"","background-image":"","background-repeat":"repeat","background-position":"center center","background-size":"auto","background-attachment":"scroll","background-type":"","background-media":"","overlay-type":"","overlay-color":"","overlay-opacity":"","overlay-gradient":""},"mobile":{"background-color":"","background-image":"","background-repeat":"repeat","background-position":"center center","background-size":"auto","background-attachment":"scroll","background-type":"","background-media":"","overlay-type":"","overlay-color":"","overlay-opacity":"","overlay-gradient":""}},"ast-content-background-meta":{"desktop":{"background-color":"var(--ast-global-color-5)","background-image":"","background-repeat":"repeat","background-position":"center center","background-size":"auto","background-attachment":"scroll","background-type":"","background-media":"","overlay-type":"","overlay-color":"","overlay-opacity":"","overlay-gradient":""},"tablet":{"background-color":"var(--ast-global-color-5)","background-image":"","background-repeat":"repeat","background-position":"center center","background-size":"auto","background-attachment":"scroll","background-type":"","background-media":"","overlay-type":"","overlay-color":"","overlay-opacity":"","overlay-gradient":""},"mobile":{"background-color":"var(--ast-global-color-5)","background-image":"","background-repeat":"repeat","background-position":"center center","background-size":"auto","background-attachment":"scroll","background-type":"","background-media":"","overlay-type":"","overlay-color":"","overlay-opacity":"","overlay-gradient":""}}},"product_brand":[],"product_cat":[290],"product_tag":[],"class_list":{"0":"post-4282","1":"product","2":"type-product","3":"status-publish","4":"has-post-thumbnail","6":"product_cat-books","7":"pa_format-mjukinbindning","8":"pa_genre-historia","9":"pa_genre-ickevald","10":"pa_genre-politik","11":"pa_genre-sociologi","12":"pa_language-svenska","13":"pa_publication-year-2016-sv","14":"pa_writer-stellan-vinthagen-sv","15":"desktop-align-center","16":"tablet-align-left","17":"mobile-align-left","18":"ast-product-gallery-layout-horizontal-slider","19":"ast-product-gallery-with-no-image","20":"ast-product-tabs-layout-distributed","22":"first","23":"instock","24":"shipping-taxable","25":"purchasable","26":"product-type-simple"},"_links":{"self":[{"href":"https:\/\/irenepublishing.com\/sv\/wp-json\/wp\/v2\/product\/4282","targetHints":{"allow":["GET"]}}],"collection":[{"href":"https:\/\/irenepublishing.com\/sv\/wp-json\/wp\/v2\/product"}],"about":[{"href":"https:\/\/irenepublishing.com\/sv\/wp-json\/wp\/v2\/types\/product"}],"replies":[{"embeddable":true,"href":"https:\/\/irenepublishing.com\/sv\/wp-json\/wp\/v2\/comments?post=4282"}],"version-history":[{"count":1,"href":"https:\/\/irenepublishing.com\/sv\/wp-json\/wp\/v2\/product\/4282\/revisions"}],"predecessor-version":[{"id":4365,"href":"https:\/\/irenepublishing.com\/sv\/wp-json\/wp\/v2\/product\/4282\/revisions\/4365"}],"wp:featuredmedia":[{"embeddable":true,"href":"https:\/\/irenepublishing.com\/sv\/wp-json\/wp\/v2\/media\/2182"}],"wp:attachment":[{"href":"https:\/\/irenepublishing.com\/sv\/wp-json\/wp\/v2\/media?parent=4282"}],"wp:term":[{"taxonomy":"product_brand","embeddable":true,"href":"https:\/\/irenepublishing.com\/sv\/wp-json\/wp\/v2\/product_brand?post=4282"},{"taxonomy":"product_cat","embeddable":true,"href":"https:\/\/irenepublishing.com\/sv\/wp-json\/wp\/v2\/product_cat?post=4282"},{"taxonomy":"product_tag","embeddable":true,"href":"https:\/\/irenepublishing.com\/sv\/wp-json\/wp\/v2\/product_tag?post=4282"}],"curies":[{"name":"wp","href":"https:\/\/api.w.org\/{rel}","templated":true}]}}