{"id":4285,"date":"2015-10-11T20:07:13","date_gmt":"2015-10-11T19:07:13","guid":{"rendered":"https:\/\/irenepublishing.com\/product\/livet-alskar-att-gestalta-sej\/"},"modified":"2025-11-20T16:13:30","modified_gmt":"2025-11-20T15:13:30","slug":"livet-alskar-att-gestalta-sej","status":"publish","type":"product","link":"https:\/\/irenepublishing.com\/sv\/produkt\/livet-alskar-att-gestalta-sej\/","title":{"rendered":"Livet \u00e4lskar att gestalta sej"},"content":{"rendered":"<p>Diktsamling om livet. F\u00f6rfattare Bengt Berg skrev om boken: &#8221;<em>Livet \u00e4lskar att gestalta sig<\/em> heter Adam Taels bok, men kunde lika g\u00e4rna hetat <em>Jag \u00e4lskar att gestalta\u00a0 livet<\/em> f\u00f6r det \u00e4r det poeten g\u00f6r. Det \u00e4r en ganska vildvuxen samling dikter som pr\u00e4glas av stor energi n\u00e4r get g\u00e4ller att ta sig an livets b\u00e5de m\u00f6rka och ljusa sidor. Det handlar om hur det \u00e4r att vara m\u00e4nniska och f\u00f6rh\u00e5lla sig till den omgivande sociala kulissen, var sig denna utg\u00f6rs av personliga relationer eller samh\u00e4llet runtom. Med ena foten i Dan Anderssons finnskog och den andra innanf\u00f6r det natt\u00f6ppna bibliotekets d\u00f6rrar, d\u00e4r det ocks\u00e5 finns plats f\u00f6r ett persongalleri utan akademiska ambitioner, bjuder Tael in l\u00e4saren till sin egen litter\u00e4ra salong.&#8221;<\/p>\n","protected":false},"excerpt":{"rendered":"<p>Diktsamling om livet. F\u00f6rfattare Bengt Berg skrev om boken: &#8221;<em>Livet \u00e4lskar att gestalta sig<\/em> heter Adam Taels bok, men kunde lika g\u00e4rna hetat <em>Jag \u00e4lskar att gestalta\u00a0 livet<\/em> f\u00f6r det \u00e4r det poeten g\u00f6r. Det \u00e4r en ganska vildvuxen samling dikter som pr\u00e4glas av stor energi n\u00e4r get g\u00e4ller att ta sig an livets b\u00e5de m\u00f6rka och ljusa sidor. Det handlar om hur det \u00e4r att vara m\u00e4nniska och f\u00f6rh\u00e5lla sig till den omgivande sociala kulissen, var sig denna utg\u00f6rs av personliga relationer eller samh\u00e4llet runtom. Med ena foten i Dan Anderssons finnskog och den andra innanf\u00f6r det natt\u00f6ppna bibliotekets d\u00f6rrar, d\u00e4r det ocks\u00e5 finns plats f\u00f6r ett persongalleri utan akademiska ambitioner, bjuder Tael in l\u00e4saren till sin egen litter\u00e4ra salong.&#8221;<\/p>\n","protected":false},"featured_media":2021,"comment_status":"open","ping_status":"closed","template":"","meta":{"site-sidebar-layout":"default","site-content-layout":"default","ast-site-content-layout":"default","site-content-style":"default","site-sidebar-style":"default","ast-global-header-display":"","ast-banner-title-visibility":"","ast-main-header-display":"","ast-hfb-above-header-display":"","ast-hfb-below-header-display":"","ast-hfb-mobile-header-display":"","site-post-title":"","ast-breadcrumbs-content":"","ast-featured-img":"","footer-sml-layout":"","theme-transparent-header-meta":"default","adv-header-id-meta":"","stick-header-meta":"","header-above-stick-meta":"","header-main-stick-meta":"","header-below-stick-meta":"","astra-migrate-meta-layouts":"set","ast-page-background-enabled":"default","ast-page-background-meta":{"desktop":{"background-color":"var(--ast-global-color-4)","background-image":"","background-repeat":"repeat","background-position":"center center","background-size":"auto","background-attachment":"scroll","background-type":"","background-media":"","overlay-type":"","overlay-color":"","overlay-opacity":"","overlay-gradient":""},"tablet":{"background-color":"","background-image":"","background-repeat":"repeat","background-position":"center center","background-size":"auto","background-attachment":"scroll","background-type":"","background-media":"","overlay-type":"","overlay-color":"","overlay-opacity":"","overlay-gradient":""},"mobile":{"background-color":"","background-image":"","background-repeat":"repeat","background-position":"center center","background-size":"auto","background-attachment":"scroll","background-type":"","background-media":"","overlay-type":"","overlay-color":"","overlay-opacity":"","overlay-gradient":""}},"ast-content-background-meta":{"desktop":{"background-color":"var(--ast-global-color-5)","background-image":"","background-repeat":"repeat","background-position":"center center","background-size":"auto","background-attachment":"scroll","background-type":"","background-media":"","overlay-type":"","overlay-color":"","overlay-opacity":"","overlay-gradient":""},"tablet":{"background-color":"var(--ast-global-color-5)","background-image":"","background-repeat":"repeat","background-position":"center center","background-size":"auto","background-attachment":"scroll","background-type":"","background-media":"","overlay-type":"","overlay-color":"","overlay-opacity":"","overlay-gradient":""},"mobile":{"background-color":"var(--ast-global-color-5)","background-image":"","background-repeat":"repeat","background-position":"center center","background-size":"auto","background-attachment":"scroll","background-type":"","background-media":"","overlay-type":"","overlay-color":"","overlay-opacity":"","overlay-gradient":""}}},"product_brand":[],"product_cat":[290],"product_tag":[],"class_list":{"0":"post-4285","1":"product","2":"type-product","3":"status-publish","4":"has-post-thumbnail","6":"product_cat-books","7":"pa_format-mjukinbindning","8":"pa_genre-poesi","9":"pa_language-svenska","10":"pa_publication-year-2015-sv","11":"pa_writer-adam-tael-sv","12":"desktop-align-center","13":"tablet-align-left","14":"mobile-align-left","15":"ast-product-gallery-layout-horizontal-slider","16":"ast-product-gallery-with-no-image","17":"ast-product-tabs-layout-distributed","19":"first","20":"instock","21":"shipping-taxable","22":"purchasable","23":"product-type-simple"},"_links":{"self":[{"href":"https:\/\/irenepublishing.com\/sv\/wp-json\/wp\/v2\/product\/4285","targetHints":{"allow":["GET"]}}],"collection":[{"href":"https:\/\/irenepublishing.com\/sv\/wp-json\/wp\/v2\/product"}],"about":[{"href":"https:\/\/irenepublishing.com\/sv\/wp-json\/wp\/v2\/types\/product"}],"replies":[{"embeddable":true,"href":"https:\/\/irenepublishing.com\/sv\/wp-json\/wp\/v2\/comments?post=4285"}],"version-history":[{"count":1,"href":"https:\/\/irenepublishing.com\/sv\/wp-json\/wp\/v2\/product\/4285\/revisions"}],"predecessor-version":[{"id":4367,"href":"https:\/\/irenepublishing.com\/sv\/wp-json\/wp\/v2\/product\/4285\/revisions\/4367"}],"wp:featuredmedia":[{"embeddable":true,"href":"https:\/\/irenepublishing.com\/sv\/wp-json\/wp\/v2\/media\/2021"}],"wp:attachment":[{"href":"https:\/\/irenepublishing.com\/sv\/wp-json\/wp\/v2\/media?parent=4285"}],"wp:term":[{"taxonomy":"product_brand","embeddable":true,"href":"https:\/\/irenepublishing.com\/sv\/wp-json\/wp\/v2\/product_brand?post=4285"},{"taxonomy":"product_cat","embeddable":true,"href":"https:\/\/irenepublishing.com\/sv\/wp-json\/wp\/v2\/product_cat?post=4285"},{"taxonomy":"product_tag","embeddable":true,"href":"https:\/\/irenepublishing.com\/sv\/wp-json\/wp\/v2\/product_tag?post=4285"}],"curies":[{"name":"wp","href":"https:\/\/api.w.org\/{rel}","templated":true}]}}