{"id":4291,"date":"2015-01-11T20:39:04","date_gmt":"2015-01-11T19:39:04","guid":{"rendered":"https:\/\/irenepublishing.com\/product\/inburad-svenska-fredsaktivister-skriver-fran-fangelse\/"},"modified":"2025-11-20T16:14:09","modified_gmt":"2025-11-20T15:14:09","slug":"inburad-svenska-fredsaktivister-skriver-fran-fangelse","status":"publish","type":"product","link":"https:\/\/irenepublishing.com\/sv\/produkt\/inburad-svenska-fredsaktivister-skriver-fran-fangelse\/","title":{"rendered":"Inburad : Svenska fredsaktivister skriver fr\u00e5n f\u00e4ngelse"},"content":{"rendered":"<div>\n<p>Det h\u00e4r \u00e4r en bok f\u00f6r alla som \u00e4r nyfikna p\u00e5 vad som f\u00e5r vanliga medborgare att riskera f\u00e4ngelsestraff, och hur det \u00e4r att vara inl\u00e5st som politisk aktivist.<\/p>\n<\/div>\n<div>\n<p>Hur \u00e4r det att som ickev\u00e5ldsf\u00f6retr\u00e4dare umg\u00e5s med bankr\u00e5nare och narkotikahandlare? Vilka \u00e4r vakternas attityder till f\u00e4ngslade aktivister? Vad \u00e4r s\u00e4rskilt jobbigt bakom galler? Vilka gl\u00e4dje\u00e4mnen finns d\u00e4r? Vad inneb\u00e4r det att sitta isolerad i ett svenskt h\u00e4kte? Hur ser dagen ut pa\u030a en \u00f6ppen anstalt?<\/p>\n<\/div>\n<div>F\u00f6rfattarna \u00e4r fredsaktivister med l\u00e5ng erfarenhet av civil olydnad och ickev\u00e5ldsaktioner.<\/div>\n<p>&nbsp;<\/p>\n","protected":false},"excerpt":{"rendered":"<p>Hur \u00e4r det att som ickev\u00e5ldsf\u00f6retr\u00e4dare umg\u00e5s med bankr\u00e5nare och narkotikahandlare? Vilka \u00e4r vakternas attityder till f\u00e4ngslade aktivister? Vad \u00e4r s\u00e4rskilt jobbigt bakom galler? Vilka gl\u00e4dje\u00e4mnen finns d\u00e4r? Vad inneb\u00e4r det att sitta isolerad i ett svenskt h\u00e4kte? Hur ser dagen ut pa\u030a en \u00f6ppen anstalt?<\/p>\n","protected":false},"featured_media":2170,"comment_status":"open","ping_status":"closed","template":"","meta":{"site-sidebar-layout":"default","site-content-layout":"default","ast-site-content-layout":"default","site-content-style":"default","site-sidebar-style":"default","ast-global-header-display":"","ast-banner-title-visibility":"","ast-main-header-display":"","ast-hfb-above-header-display":"","ast-hfb-below-header-display":"","ast-hfb-mobile-header-display":"","site-post-title":"","ast-breadcrumbs-content":"","ast-featured-img":"","footer-sml-layout":"","theme-transparent-header-meta":"default","adv-header-id-meta":"","stick-header-meta":"","header-above-stick-meta":"","header-main-stick-meta":"","header-below-stick-meta":"","astra-migrate-meta-layouts":"set","ast-page-background-enabled":"default","ast-page-background-meta":{"desktop":{"background-color":"var(--ast-global-color-4)","background-image":"","background-repeat":"repeat","background-position":"center center","background-size":"auto","background-attachment":"scroll","background-type":"","background-media":"","overlay-type":"","overlay-color":"","overlay-opacity":"","overlay-gradient":""},"tablet":{"background-color":"","background-image":"","background-repeat":"repeat","background-position":"center center","background-size":"auto","background-attachment":"scroll","background-type":"","background-media":"","overlay-type":"","overlay-color":"","overlay-opacity":"","overlay-gradient":""},"mobile":{"background-color":"","background-image":"","background-repeat":"repeat","background-position":"center center","background-size":"auto","background-attachment":"scroll","background-type":"","background-media":"","overlay-type":"","overlay-color":"","overlay-opacity":"","overlay-gradient":""}},"ast-content-background-meta":{"desktop":{"background-color":"var(--ast-global-color-5)","background-image":"","background-repeat":"repeat","background-position":"center center","background-size":"auto","background-attachment":"scroll","background-type":"","background-media":"","overlay-type":"","overlay-color":"","overlay-opacity":"","overlay-gradient":""},"tablet":{"background-color":"var(--ast-global-color-5)","background-image":"","background-repeat":"repeat","background-position":"center center","background-size":"auto","background-attachment":"scroll","background-type":"","background-media":"","overlay-type":"","overlay-color":"","overlay-opacity":"","overlay-gradient":""},"mobile":{"background-color":"var(--ast-global-color-5)","background-image":"","background-repeat":"repeat","background-position":"center center","background-size":"auto","background-attachment":"scroll","background-type":"","background-media":"","overlay-type":"","overlay-color":"","overlay-opacity":"","overlay-gradient":""}}},"product_brand":[],"product_cat":[290],"product_tag":[],"class_list":{"0":"post-4291","1":"product","2":"type-product","3":"status-publish","4":"has-post-thumbnail","6":"product_cat-books","7":"pa_format-mjukinbindning","8":"pa_genre-biografi","9":"pa_genre-ickevald","10":"pa_genre-politik","11":"pa_language-svenska","12":"pa_publication-year-2015-sv","13":"pa_writer-anna-sternfeldt-sv","14":"pa_writer-annika-spalde-sv","15":"pa_writer-martin-smedjeback-sv","16":"pa_writer-pelle-strindlund-sv","17":"pa_writer-stellan-vinthagen-sv","18":"desktop-align-center","19":"tablet-align-left","20":"mobile-align-left","21":"ast-product-gallery-layout-horizontal-slider","22":"ast-product-gallery-with-no-image","23":"ast-product-tabs-layout-distributed","25":"first","26":"instock","27":"shipping-taxable","28":"purchasable","29":"product-type-simple"},"_links":{"self":[{"href":"https:\/\/irenepublishing.com\/sv\/wp-json\/wp\/v2\/product\/4291","targetHints":{"allow":["GET"]}}],"collection":[{"href":"https:\/\/irenepublishing.com\/sv\/wp-json\/wp\/v2\/product"}],"about":[{"href":"https:\/\/irenepublishing.com\/sv\/wp-json\/wp\/v2\/types\/product"}],"replies":[{"embeddable":true,"href":"https:\/\/irenepublishing.com\/sv\/wp-json\/wp\/v2\/comments?post=4291"}],"version-history":[{"count":1,"href":"https:\/\/irenepublishing.com\/sv\/wp-json\/wp\/v2\/product\/4291\/revisions"}],"predecessor-version":[{"id":4377,"href":"https:\/\/irenepublishing.com\/sv\/wp-json\/wp\/v2\/product\/4291\/revisions\/4377"}],"wp:featuredmedia":[{"embeddable":true,"href":"https:\/\/irenepublishing.com\/sv\/wp-json\/wp\/v2\/media\/2170"}],"wp:attachment":[{"href":"https:\/\/irenepublishing.com\/sv\/wp-json\/wp\/v2\/media?parent=4291"}],"wp:term":[{"taxonomy":"product_brand","embeddable":true,"href":"https:\/\/irenepublishing.com\/sv\/wp-json\/wp\/v2\/product_brand?post=4291"},{"taxonomy":"product_cat","embeddable":true,"href":"https:\/\/irenepublishing.com\/sv\/wp-json\/wp\/v2\/product_cat?post=4291"},{"taxonomy":"product_tag","embeddable":true,"href":"https:\/\/irenepublishing.com\/sv\/wp-json\/wp\/v2\/product_tag?post=4291"}],"curies":[{"name":"wp","href":"https:\/\/api.w.org\/{rel}","templated":true}]}}