{"id":4292,"date":"2014-08-11T20:33:43","date_gmt":"2014-08-11T19:33:43","guid":{"rendered":"https:\/\/irenepublishing.com\/product\/ogsa-krig-er-terror\/"},"modified":"2025-11-20T16:14:06","modified_gmt":"2025-11-20T15:14:06","slug":"ogsa-krig-er-terror","status":"publish","type":"product","link":"https:\/\/irenepublishing.com\/sv\/produkt\/ogsa-krig-er-terror\/","title":{"rendered":"Ogs\u00e5 Krig er terror"},"content":{"rendered":"<p>Den gang Gunnar Garbo protesterte mot bombingen i Vietnam, rapporterte den amerikanske ambassaden til Washington at Garbo var &#8221;potentially very dangerous&#8221;. Da var han formann i det Venstre vi den gang hadde.<\/p>\n<p>N\u00e5 har Gunnar Garbo engasjert seg i en ny motstandskamp. Han har skrevet denne boka som en av de sentrale personer i Nei til nye NATO. I boka gjennomg\u00e5r han kritisk utviklingen av milit\u00e6ralliansen fra forsvarspakt til angrepsmakt. Et etterord i denne utgaven gir en flengende kritikk av Bush-kampanjen mot Irak.<\/p>\n<p>Boka argumenterer for en norsk og internasjonal politikk som skaper fred og overvinner kriminalitet med fredelige midler, i samsvar med folkeretten. Den er en innfallsport for enhver som s\u00f8ker \u00e5 forst\u00e5 drivkreftene bak den globale militariseringen.<\/p>\n","protected":false},"excerpt":{"rendered":"<p>Den gang Gunnar Garbo protesterte mot bombingen i Vietnam, rapporterte den amerikanske ambassaden til Washington at Garbo var &#8221;potentially very dangerous&#8221;. Da var han formann i det Venstre vi den gang hadde.<\/p>\n<p>N\u00e5 har Gunnar Garbo engasjert seg i en ny motstandskamp. Han har skrevet denne boka som en av de sentrale personer i Nei til nye NATO. I boka gjennomg\u00e5r han kritisk utviklingen av milit\u00e6ralliansen fra forsvarspakt til angrepsmakt. Et etterord i denne utgaven gir en flengende kritikk av Bush-kampanjen mot Irak.<\/p>\n<p>Boka argumenterer for en norsk og internasjonal politikk som skaper fred og overvinner kriminalitet med fredelige midler, i samsvar med folkeretten. Den er en innfallsport for enhver som s\u00f8ker \u00e5 forst\u00e5 drivkreftene bak den globale militariseringen.<\/p>\n","protected":false},"featured_media":1993,"comment_status":"open","ping_status":"closed","template":"","meta":{"site-sidebar-layout":"default","site-content-layout":"default","ast-site-content-layout":"default","site-content-style":"default","site-sidebar-style":"default","ast-global-header-display":"","ast-banner-title-visibility":"","ast-main-header-display":"","ast-hfb-above-header-display":"","ast-hfb-below-header-display":"","ast-hfb-mobile-header-display":"","site-post-title":"","ast-breadcrumbs-content":"","ast-featured-img":"","footer-sml-layout":"","theme-transparent-header-meta":"default","adv-header-id-meta":"","stick-header-meta":"","header-above-stick-meta":"","header-main-stick-meta":"","header-below-stick-meta":"","astra-migrate-meta-layouts":"set","ast-page-background-enabled":"default","ast-page-background-meta":{"desktop":{"background-color":"var(--ast-global-color-4)","background-image":"","background-repeat":"repeat","background-position":"center center","background-size":"auto","background-attachment":"scroll","background-type":"","background-media":"","overlay-type":"","overlay-color":"","overlay-opacity":"","overlay-gradient":""},"tablet":{"background-color":"","background-image":"","background-repeat":"repeat","background-position":"center center","background-size":"auto","background-attachment":"scroll","background-type":"","background-media":"","overlay-type":"","overlay-color":"","overlay-opacity":"","overlay-gradient":""},"mobile":{"background-color":"","background-image":"","background-repeat":"repeat","background-position":"center center","background-size":"auto","background-attachment":"scroll","background-type":"","background-media":"","overlay-type":"","overlay-color":"","overlay-opacity":"","overlay-gradient":""}},"ast-content-background-meta":{"desktop":{"background-color":"var(--ast-global-color-5)","background-image":"","background-repeat":"repeat","background-position":"center center","background-size":"auto","background-attachment":"scroll","background-type":"","background-media":"","overlay-type":"","overlay-color":"","overlay-opacity":"","overlay-gradient":""},"tablet":{"background-color":"var(--ast-global-color-5)","background-image":"","background-repeat":"repeat","background-position":"center center","background-size":"auto","background-attachment":"scroll","background-type":"","background-media":"","overlay-type":"","overlay-color":"","overlay-opacity":"","overlay-gradient":""},"mobile":{"background-color":"var(--ast-global-color-5)","background-image":"","background-repeat":"repeat","background-position":"center center","background-size":"auto","background-attachment":"scroll","background-type":"","background-media":"","overlay-type":"","overlay-color":"","overlay-opacity":"","overlay-gradient":""}}},"product_brand":[],"product_cat":[290],"product_tag":[],"class_list":{"0":"post-4292","1":"product","2":"type-product","3":"status-publish","4":"has-post-thumbnail","6":"product_cat-books","7":"pa_format-mjukinbindning","8":"pa_genre-fred","9":"pa_genre-politik","10":"pa_genre-sociologi","11":"pa_language-norska","12":"pa_publication-year-2014-sv","13":"pa_writer-gunnar-garbo-sv","14":"desktop-align-center","15":"tablet-align-left","16":"mobile-align-left","17":"ast-product-gallery-layout-horizontal-slider","18":"ast-product-gallery-with-no-image","19":"ast-product-tabs-layout-distributed","21":"first","22":"instock","23":"shipping-taxable","24":"purchasable","25":"product-type-simple"},"_links":{"self":[{"href":"https:\/\/irenepublishing.com\/sv\/wp-json\/wp\/v2\/product\/4292","targetHints":{"allow":["GET"]}}],"collection":[{"href":"https:\/\/irenepublishing.com\/sv\/wp-json\/wp\/v2\/product"}],"about":[{"href":"https:\/\/irenepublishing.com\/sv\/wp-json\/wp\/v2\/types\/product"}],"replies":[{"embeddable":true,"href":"https:\/\/irenepublishing.com\/sv\/wp-json\/wp\/v2\/comments?post=4292"}],"version-history":[{"count":1,"href":"https:\/\/irenepublishing.com\/sv\/wp-json\/wp\/v2\/product\/4292\/revisions"}],"predecessor-version":[{"id":4376,"href":"https:\/\/irenepublishing.com\/sv\/wp-json\/wp\/v2\/product\/4292\/revisions\/4376"}],"wp:featuredmedia":[{"embeddable":true,"href":"https:\/\/irenepublishing.com\/sv\/wp-json\/wp\/v2\/media\/1993"}],"wp:attachment":[{"href":"https:\/\/irenepublishing.com\/sv\/wp-json\/wp\/v2\/media?parent=4292"}],"wp:term":[{"taxonomy":"product_brand","embeddable":true,"href":"https:\/\/irenepublishing.com\/sv\/wp-json\/wp\/v2\/product_brand?post=4292"},{"taxonomy":"product_cat","embeddable":true,"href":"https:\/\/irenepublishing.com\/sv\/wp-json\/wp\/v2\/product_cat?post=4292"},{"taxonomy":"product_tag","embeddable":true,"href":"https:\/\/irenepublishing.com\/sv\/wp-json\/wp\/v2\/product_tag?post=4292"}],"curies":[{"name":"wp","href":"https:\/\/api.w.org\/{rel}","templated":true}]}}