{"id":4303,"date":"1990-02-11T21:00:39","date_gmt":"1990-02-11T20:00:39","guid":{"rendered":"https:\/\/irenepublishing.com\/product\/socialt-forsvar-en-ickevaldsrevolution\/"},"modified":"2026-03-05T11:02:06","modified_gmt":"2026-03-05T10:02:06","slug":"socialt-forsvar-en-ickevaldsrevolution","status":"publish","type":"product","link":"https:\/\/irenepublishing.com\/sv\/produkt\/socialt-forsvar-en-ickevaldsrevolution\/","title":{"rendered":"Socialt F\u00f6rsvar &#8211; en ickev\u00e5ldsrevolution"},"content":{"rendered":"<p>Ett socialt f\u00f6rsvar \u00e4r en motmakt f\u00f6r den som inte har en fet pl\u00e5nbok, f\u00f6r den som vill f\u00f6rsvara sig utan att anv\u00e4nda v\u00e5ld. Den som l\u00e4rt sig grunderna kan, som i \u00d6steuropa 89 och Tunisien och Egypten 2011, aktivt vara med och st\u00f6rta milit\u00e4rdiktaturer lika v\u00e4l som att f\u00f6rsvara dagis eller demokratin.<\/p>\n","protected":false},"excerpt":{"rendered":"<p>Ett socialt f\u00f6rsvar \u00e4r en motmakt f\u00f6r den som inte har en fet pl\u00e5nbok, f\u00f6r den som vill f\u00f6rsvara sig utan att anv\u00e4nda v\u00e5ld. Den som l\u00e4rt sig grunderna kan, som i \u00d6steuropa 89 och Tunisien och Egypten 2011, aktivt vara med och st\u00f6rta milit\u00e4rdiktaturer lika v\u00e4l som att f\u00f6rsvara dagis eller demokratin.<\/p>\n","protected":false},"featured_media":2050,"comment_status":"open","ping_status":"closed","template":"","meta":{"site-sidebar-layout":"default","site-content-layout":"default","ast-site-content-layout":"default","site-content-style":"default","site-sidebar-style":"default","ast-global-header-display":"","ast-banner-title-visibility":"","ast-main-header-display":"","ast-hfb-above-header-display":"","ast-hfb-below-header-display":"","ast-hfb-mobile-header-display":"","site-post-title":"","ast-breadcrumbs-content":"","ast-featured-img":"","footer-sml-layout":"","theme-transparent-header-meta":"default","adv-header-id-meta":"","stick-header-meta":"","header-above-stick-meta":"","header-main-stick-meta":"","header-below-stick-meta":"","astra-migrate-meta-layouts":"set","ast-page-background-enabled":"default","ast-page-background-meta":{"desktop":{"background-color":"var(--ast-global-color-4)","background-image":"","background-repeat":"repeat","background-position":"center center","background-size":"auto","background-attachment":"scroll","background-type":"","background-media":"","overlay-type":"","overlay-color":"","overlay-opacity":"","overlay-gradient":""},"tablet":{"background-color":"","background-image":"","background-repeat":"repeat","background-position":"center center","background-size":"auto","background-attachment":"scroll","background-type":"","background-media":"","overlay-type":"","overlay-color":"","overlay-opacity":"","overlay-gradient":""},"mobile":{"background-color":"","background-image":"","background-repeat":"repeat","background-position":"center center","background-size":"auto","background-attachment":"scroll","background-type":"","background-media":"","overlay-type":"","overlay-color":"","overlay-opacity":"","overlay-gradient":""}},"ast-content-background-meta":{"desktop":{"background-color":"var(--ast-global-color-5)","background-image":"","background-repeat":"repeat","background-position":"center center","background-size":"auto","background-attachment":"scroll","background-type":"","background-media":"","overlay-type":"","overlay-color":"","overlay-opacity":"","overlay-gradient":""},"tablet":{"background-color":"var(--ast-global-color-5)","background-image":"","background-repeat":"repeat","background-position":"center center","background-size":"auto","background-attachment":"scroll","background-type":"","background-media":"","overlay-type":"","overlay-color":"","overlay-opacity":"","overlay-gradient":""},"mobile":{"background-color":"var(--ast-global-color-5)","background-image":"","background-repeat":"repeat","background-position":"center center","background-size":"auto","background-attachment":"scroll","background-type":"","background-media":"","overlay-type":"","overlay-color":"","overlay-opacity":"","overlay-gradient":""}}},"product_brand":[],"product_cat":[290],"product_tag":[],"class_list":{"0":"post-4303","1":"product","2":"type-product","3":"status-publish","4":"has-post-thumbnail","6":"product_cat-books","7":"pa_format-mjukinbindning","8":"pa_genre-fred","9":"pa_genre-ickevald","10":"pa_genre-politik","11":"pa_genre-sociologi","12":"pa_language-svenska","13":"pa_publication-year-1990-sv","14":"pa_writer-jorgen-johansen-sv","15":"desktop-align-center","16":"tablet-align-left","17":"mobile-align-left","18":"ast-product-gallery-layout-horizontal-slider","19":"ast-product-gallery-with-no-image","20":"ast-product-tabs-layout-distributed","22":"first","23":"instock","24":"shipping-taxable","25":"purchasable","26":"product-type-simple"},"_links":{"self":[{"href":"https:\/\/irenepublishing.com\/sv\/wp-json\/wp\/v2\/product\/4303","targetHints":{"allow":["GET"]}}],"collection":[{"href":"https:\/\/irenepublishing.com\/sv\/wp-json\/wp\/v2\/product"}],"about":[{"href":"https:\/\/irenepublishing.com\/sv\/wp-json\/wp\/v2\/types\/product"}],"replies":[{"embeddable":true,"href":"https:\/\/irenepublishing.com\/sv\/wp-json\/wp\/v2\/comments?post=4303"}],"version-history":[{"count":1,"href":"https:\/\/irenepublishing.com\/sv\/wp-json\/wp\/v2\/product\/4303\/revisions"}],"predecessor-version":[{"id":4387,"href":"https:\/\/irenepublishing.com\/sv\/wp-json\/wp\/v2\/product\/4303\/revisions\/4387"}],"wp:featuredmedia":[{"embeddable":true,"href":"https:\/\/irenepublishing.com\/sv\/wp-json\/wp\/v2\/media\/2050"}],"wp:attachment":[{"href":"https:\/\/irenepublishing.com\/sv\/wp-json\/wp\/v2\/media?parent=4303"}],"wp:term":[{"taxonomy":"product_brand","embeddable":true,"href":"https:\/\/irenepublishing.com\/sv\/wp-json\/wp\/v2\/product_brand?post=4303"},{"taxonomy":"product_cat","embeddable":true,"href":"https:\/\/irenepublishing.com\/sv\/wp-json\/wp\/v2\/product_cat?post=4303"},{"taxonomy":"product_tag","embeddable":true,"href":"https:\/\/irenepublishing.com\/sv\/wp-json\/wp\/v2\/product_tag?post=4303"}],"curies":[{"name":"wp","href":"https:\/\/api.w.org\/{rel}","templated":true}]}}