{"id":4305,"date":"2025-06-22T11:41:27","date_gmt":"2025-06-22T10:41:27","guid":{"rendered":"https:\/\/irenepublishing.com\/product\/kritisk-realism-om-social-struktur-och-manskligt-handlande\/"},"modified":"2026-02-12T11:02:49","modified_gmt":"2026-02-12T10:02:49","slug":"kritisk-realism-om-social-struktur-och-manskligt-handlande","status":"publish","type":"product","link":"https:\/\/irenepublishing.com\/sv\/produkt\/kritisk-realism-om-social-struktur-och-manskligt-handlande\/","title":{"rendered":"Kritisk realism &#8211; om social struktur och m\u00e4nskligt handlande"},"content":{"rendered":"<p>Att f\u00f6rklara och f\u00f6rst\u00e5 relationen mellan samh\u00e4lle och individ \u00e4r en av samh\u00e4llsvetenskapens mest centrala uppgifter. \u00c4r individen styrd av de samh\u00e4lleliga f\u00f6rh\u00e5llanden som r\u00e5der eller \u00e4r det individen som styr sina egna livsvillkor? De flesta skulle f\u00f6rmodligen svara att detta i grunden \u00e4r en fr\u00e5ga om \u00f6msesidig p\u00e2verkan. Hur denna \u00f6msesidiga p\u00e5verkan mer konkret ser ut och fungerar \u00e4r emellertid en komplicerad fr\u00e5ga. Den h\u00e4r boken \u00e4r en introduktion till den kritiska realismens ontologiska, kunskapsteoretiska och metodologiska perspektiv p\u00e5 detta.<\/p>\n<p>I <strong>Kritisk realism &#8211; om social struktur och m\u00e4nskligt handlande<\/strong> visas hur den sociala v\u00e4rlden kan f\u00f6rst\u00e5s, f\u00f6rklaras och unders\u00f6kas utifr\u00e5n ett kritiskt realistiskt perspektiv och hur detta perspektiv kan oms\u00e4ttas i konkret forskning.<\/p>\n<p>Boken inleds med ett f\u00f6rord av professor Berth Danermark och avslutas med en text av professor Margaret S. Archer, som \u00e4r av central internationell betydelse f\u00f6r utvecklingen av t\u00e4nkandet inom den kritiska realismen.<\/p>\n","protected":false},"excerpt":{"rendered":"<p>Att f\u00f6rklara och f\u00f6rst\u00e5 relationen mellan samh\u00e4lle och individ \u00e4r en av samh\u00e4llsvetenskapens mest centrala uppgifter. \u00c4r individen styrd av de samh\u00e4lleliga f\u00f6rh\u00e5llanden som r\u00e5der eller \u00e4r det individen som styr sina egna livsvillkor? De flesta skulle f\u00f6rmodligen svara att detta i grunden \u00e4r en fr\u00e5ga om \u00f6msesidig p\u00e2verkan. Hur denna \u00f6msesidiga p\u00e5verkan mer konkret [&hellip;]<\/p>\n","protected":false},"featured_media":3012,"comment_status":"open","ping_status":"closed","template":"","meta":{"site-sidebar-layout":"default","site-content-layout":"","ast-site-content-layout":"default","site-content-style":"default","site-sidebar-style":"default","ast-global-header-display":"","ast-banner-title-visibility":"","ast-main-header-display":"","ast-hfb-above-header-display":"","ast-hfb-below-header-display":"","ast-hfb-mobile-header-display":"","site-post-title":"","ast-breadcrumbs-content":"","ast-featured-img":"","footer-sml-layout":"","theme-transparent-header-meta":"default","adv-header-id-meta":"","stick-header-meta":"","header-above-stick-meta":"","header-main-stick-meta":"","header-below-stick-meta":"","astra-migrate-meta-layouts":"set","ast-page-background-enabled":"default","ast-page-background-meta":{"desktop":{"background-color":"var(--ast-global-color-4)","background-image":"","background-repeat":"repeat","background-position":"center center","background-size":"auto","background-attachment":"scroll","background-type":"","background-media":"","overlay-type":"","overlay-color":"","overlay-opacity":"","overlay-gradient":""},"tablet":{"background-color":"","background-image":"","background-repeat":"repeat","background-position":"center center","background-size":"auto","background-attachment":"scroll","background-type":"","background-media":"","overlay-type":"","overlay-color":"","overlay-opacity":"","overlay-gradient":""},"mobile":{"background-color":"","background-image":"","background-repeat":"repeat","background-position":"center center","background-size":"auto","background-attachment":"scroll","background-type":"","background-media":"","overlay-type":"","overlay-color":"","overlay-opacity":"","overlay-gradient":""}},"ast-content-background-meta":{"desktop":{"background-color":"var(--ast-global-color-5)","background-image":"","background-repeat":"repeat","background-position":"center center","background-size":"auto","background-attachment":"scroll","background-type":"","background-media":"","overlay-type":"","overlay-color":"","overlay-opacity":"","overlay-gradient":""},"tablet":{"background-color":"var(--ast-global-color-5)","background-image":"","background-repeat":"repeat","background-position":"center center","background-size":"auto","background-attachment":"scroll","background-type":"","background-media":"","overlay-type":"","overlay-color":"","overlay-opacity":"","overlay-gradient":""},"mobile":{"background-color":"var(--ast-global-color-5)","background-image":"","background-repeat":"repeat","background-position":"center center","background-size":"auto","background-attachment":"scroll","background-type":"","background-media":"","overlay-type":"","overlay-color":"","overlay-opacity":"","overlay-gradient":""}}},"product_brand":[],"product_cat":[290],"product_tag":[],"class_list":{"0":"post-4305","1":"product","2":"type-product","3":"status-publish","4":"has-post-thumbnail","6":"product_cat-books","7":"pa_format-mjukinbindning","8":"pa_genre-politik","9":"pa_genre-sociologi","10":"pa_language-svenska","11":"pa_publication-year-291","12":"pa_writer-daniel-selden","13":"pa_writer-gunnar-gillberg","14":"pa_writer-sofia-persson","15":"pa_writer-ulla-britt-wennerstrom","16":"desktop-align-center","17":"tablet-align-left","18":"mobile-align-left","19":"ast-product-gallery-layout-horizontal-slider","20":"ast-product-gallery-with-no-image","21":"ast-product-tabs-layout-distributed","23":"first","24":"instock","25":"shipping-taxable","26":"purchasable","27":"product-type-simple"},"_links":{"self":[{"href":"https:\/\/irenepublishing.com\/sv\/wp-json\/wp\/v2\/product\/4305","targetHints":{"allow":["GET"]}}],"collection":[{"href":"https:\/\/irenepublishing.com\/sv\/wp-json\/wp\/v2\/product"}],"about":[{"href":"https:\/\/irenepublishing.com\/sv\/wp-json\/wp\/v2\/types\/product"}],"replies":[{"embeddable":true,"href":"https:\/\/irenepublishing.com\/sv\/wp-json\/wp\/v2\/comments?post=4305"}],"version-history":[{"count":2,"href":"https:\/\/irenepublishing.com\/sv\/wp-json\/wp\/v2\/product\/4305\/revisions"}],"predecessor-version":[{"id":4323,"href":"https:\/\/irenepublishing.com\/sv\/wp-json\/wp\/v2\/product\/4305\/revisions\/4323"}],"wp:featuredmedia":[{"embeddable":true,"href":"https:\/\/irenepublishing.com\/sv\/wp-json\/wp\/v2\/media\/3012"}],"wp:attachment":[{"href":"https:\/\/irenepublishing.com\/sv\/wp-json\/wp\/v2\/media?parent=4305"}],"wp:term":[{"taxonomy":"product_brand","embeddable":true,"href":"https:\/\/irenepublishing.com\/sv\/wp-json\/wp\/v2\/product_brand?post=4305"},{"taxonomy":"product_cat","embeddable":true,"href":"https:\/\/irenepublishing.com\/sv\/wp-json\/wp\/v2\/product_cat?post=4305"},{"taxonomy":"product_tag","embeddable":true,"href":"https:\/\/irenepublishing.com\/sv\/wp-json\/wp\/v2\/product_tag?post=4305"}],"curies":[{"name":"wp","href":"https:\/\/api.w.org\/{rel}","templated":true}]}}