{"id":4395,"date":"2021-11-08T10:43:20","date_gmt":"2021-11-08T09:43:20","guid":{"rendered":"https:\/\/irenepublishing.com\/product\/tyranniet-kunne-ikkje-knusa-dei-om-den-norske-ikkjevaldelege-laeraraksjonen-under-2-verdskrigen\/"},"modified":"2025-11-20T16:24:46","modified_gmt":"2025-11-20T15:24:46","slug":"tyranniet-kunne-ikkje-knusa-dei-om-den-norske-ikkjevaldelege-laeraraksjonen-under-2-verdskrigen","status":"publish","type":"product","link":"https:\/\/irenepublishing.com\/sv\/produkt\/tyranniet-kunne-ikkje-knusa-dei-om-den-norske-ikkjevaldelege-laeraraksjonen-under-2-verdskrigen\/","title":{"rendered":"Tyranniet kunne ikkje knusa dei! : om den norske ikkjevaldelege l\u00e6raraksjonen under 2. verdskrigen"},"content":{"rendered":"<p>Motstanden hos dei norske l\u00e6rarane er eit av dei mest kjende innslaga i kampen mot den nazistiske okkupasjonen av Noreg under 2. verdskrigen. Denne motstanden var s\u00e6rs prega av kjensler, ikkje fordi kampen viste fram s\u00e5 mykje heroisme eller var av spesiell dramatisk karakter, men fordi den syner kva som skjer n\u00e5r ei gruppe vanlege borgarar reagerer i m\u00f8tet med brutal terror. Det g\u00e5r ogs\u00e5 fram at denne motstandskampen var s\u00e6rs kjensleladd som eit resultat av at desse borgarane ikkje var budde p\u00e5 at ein okkupasjonssituasjon skulle oppst\u00e5.<\/p>\n<p>Dei som synte veikskap under denne kampen, vil sannsynlegvis aldri koma over det. Dei andre som fann uventa styrke i hjarta sine, vil kanskje alltid f\u00f8la seg sterke.<\/p>\n<p>Reisa til leiren i Kirkenes og det som hendte f\u00f8r det, er d\u00f8me p\u00e5 pr\u00f8ver vi alle kanskje kan bli utsett for. Det vi hovudsakleg kan l\u00e6ra er at menneska er i stand til verkeleg \u00e5 st\u00e5 for det dei trur p\u00e5 og at dei peikar ut sine leiarar utan omsyn til korleis den milit\u00e6re situasjonen utviklar seg. Det er av stor verdi at Gene Sharp, som den eksperten i studiar av ikkjevaldeleg kamp han er, har via interesse for Kirkenes-ferda. S\u00e5 mykje meir fordi han er utlending. Studia hans avsl\u00f8rer grundige kjennskapar til emnet og ei evne til \u00e5 f\u00e5 fram dei viktigaste poenga som har tydnad for folk som sp\u00f8r seg kva verdi ikkjevaldelege motstandskampar kan ha for liknande situasjonar i framtida.<\/p>\n","protected":false},"excerpt":{"rendered":"<p>Motstanden hos dei norske l\u00e6rarane er eit av dei mest kjende innslaga i kampen mot den nazistiske okkupasjonen av Noreg under 2. verdskrigen. Denne motstanden var s\u00e6rs prega av kjensler, ikkje fordi kampen viste fram s\u00e5 mykje heroisme eller var av spesiell dramatisk karakter, men fordi den syner kva som skjer n\u00e5r ei gruppe vanlege [&hellip;]<\/p>\n","protected":false},"featured_media":2195,"comment_status":"open","ping_status":"closed","template":"","meta":{"site-sidebar-layout":"default","site-content-layout":"","ast-site-content-layout":"default","site-content-style":"default","site-sidebar-style":"default","ast-global-header-display":"","ast-banner-title-visibility":"","ast-main-header-display":"","ast-hfb-above-header-display":"","ast-hfb-below-header-display":"","ast-hfb-mobile-header-display":"","site-post-title":"","ast-breadcrumbs-content":"","ast-featured-img":"","footer-sml-layout":"","theme-transparent-header-meta":"default","adv-header-id-meta":"","stick-header-meta":"","header-above-stick-meta":"","header-main-stick-meta":"","header-below-stick-meta":"","astra-migrate-meta-layouts":"set","ast-page-background-enabled":"default","ast-page-background-meta":{"desktop":{"background-color":"var(--ast-global-color-4)","background-image":"","background-repeat":"repeat","background-position":"center center","background-size":"auto","background-attachment":"scroll","background-type":"","background-media":"","overlay-type":"","overlay-color":"","overlay-opacity":"","overlay-gradient":""},"tablet":{"background-color":"","background-image":"","background-repeat":"repeat","background-position":"center center","background-size":"auto","background-attachment":"scroll","background-type":"","background-media":"","overlay-type":"","overlay-color":"","overlay-opacity":"","overlay-gradient":""},"mobile":{"background-color":"","background-image":"","background-repeat":"repeat","background-position":"center center","background-size":"auto","background-attachment":"scroll","background-type":"","background-media":"","overlay-type":"","overlay-color":"","overlay-opacity":"","overlay-gradient":""}},"ast-content-background-meta":{"desktop":{"background-color":"var(--ast-global-color-5)","background-image":"","background-repeat":"repeat","background-position":"center center","background-size":"auto","background-attachment":"scroll","background-type":"","background-media":"","overlay-type":"","overlay-color":"","overlay-opacity":"","overlay-gradient":""},"tablet":{"background-color":"var(--ast-global-color-5)","background-image":"","background-repeat":"repeat","background-position":"center center","background-size":"auto","background-attachment":"scroll","background-type":"","background-media":"","overlay-type":"","overlay-color":"","overlay-opacity":"","overlay-gradient":""},"mobile":{"background-color":"var(--ast-global-color-5)","background-image":"","background-repeat":"repeat","background-position":"center center","background-size":"auto","background-attachment":"scroll","background-type":"","background-media":"","overlay-type":"","overlay-color":"","overlay-opacity":"","overlay-gradient":""}}},"product_brand":[],"product_cat":[290],"product_tag":[],"class_list":{"0":"post-4395","1":"product","2":"type-product","3":"status-publish","4":"has-post-thumbnail","6":"product_cat-books","7":"pa_format-mjukinbindning","8":"pa_genre-historia","9":"pa_genre-ickevald","10":"pa_genre-politik","11":"pa_language-norska","12":"pa_publication-year-2021-sv","13":"pa_writer-arne-naess-sv","14":"pa_writer-gene-sharp-sv","15":"pa_writer-jorgen-johansen-sv","16":"desktop-align-center","17":"tablet-align-left","18":"mobile-align-left","19":"ast-product-gallery-layout-horizontal-slider","20":"ast-product-gallery-with-no-image","21":"ast-product-tabs-layout-distributed","23":"first","24":"instock","25":"shipping-taxable","26":"purchasable","27":"product-type-simple"},"_links":{"self":[{"href":"https:\/\/irenepublishing.com\/sv\/wp-json\/wp\/v2\/product\/4395","targetHints":{"allow":["GET"]}}],"collection":[{"href":"https:\/\/irenepublishing.com\/sv\/wp-json\/wp\/v2\/product"}],"about":[{"href":"https:\/\/irenepublishing.com\/sv\/wp-json\/wp\/v2\/types\/product"}],"replies":[{"embeddable":true,"href":"https:\/\/irenepublishing.com\/sv\/wp-json\/wp\/v2\/comments?post=4395"}],"version-history":[{"count":1,"href":"https:\/\/irenepublishing.com\/sv\/wp-json\/wp\/v2\/product\/4395\/revisions"}],"predecessor-version":[{"id":4401,"href":"https:\/\/irenepublishing.com\/sv\/wp-json\/wp\/v2\/product\/4395\/revisions\/4401"}],"wp:featuredmedia":[{"embeddable":true,"href":"https:\/\/irenepublishing.com\/sv\/wp-json\/wp\/v2\/media\/2195"}],"wp:attachment":[{"href":"https:\/\/irenepublishing.com\/sv\/wp-json\/wp\/v2\/media?parent=4395"}],"wp:term":[{"taxonomy":"product_brand","embeddable":true,"href":"https:\/\/irenepublishing.com\/sv\/wp-json\/wp\/v2\/product_brand?post=4395"},{"taxonomy":"product_cat","embeddable":true,"href":"https:\/\/irenepublishing.com\/sv\/wp-json\/wp\/v2\/product_cat?post=4395"},{"taxonomy":"product_tag","embeddable":true,"href":"https:\/\/irenepublishing.com\/sv\/wp-json\/wp\/v2\/product_tag?post=4395"}],"curies":[{"name":"wp","href":"https:\/\/api.w.org\/{rel}","templated":true}]}}