{"id":4411,"date":"2025-11-25T15:23:34","date_gmt":"2025-11-25T14:23:34","guid":{"rendered":"https:\/\/irenepublishing.com\/?post_type=product&#038;p=4411"},"modified":"2025-11-25T16:41:51","modified_gmt":"2025-11-25T15:41:51","slug":"pacifism-idag-print","status":"publish","type":"product","link":"https:\/\/irenepublishing.com\/sv\/produkt\/pacifism-idag-print\/","title":{"rendered":"Pacifism idag \u2013 En dialog om alternativ till krig i Ukraina (print)"},"content":{"rendered":"<p data-path-to-node=\"1\">Hur kan man vara pacifist i en tid som denna, fr\u00e5gar Skeptikern, med den ryska invasionen av Ukraina i f\u00e4rskt minne. Majken Jul S\u00f8rensens svar \u00e4r att v\u00e4nda p\u00e5 fr\u00e5gan, hur kan man inte vara pacifist i en tid som denna? Med allt vi vet om konsekvenserna av modern krigf\u00f6ring, varf\u00f6r har vi inte alla alternativ till krig p\u00e5 bordet?<\/p>\n<p data-path-to-node=\"2\">I\u00a0<b>Pacifism idag<\/b>\u00a0\u00e5sk\u00e5dligg\u00f6r Majken med m\u00e5nga exempel sin f\u00f6rst\u00e5else av pacifism och sitt engagemang f\u00f6r ickev\u00e5ldsaktioner och obev\u00e4pnat motst\u00e5nd mot krig. I denna personliga reflektion \u00f6ver varf\u00f6r hon blev pacifist, f\u00f6rklarar hur hennes engagemang f\u00f6r pacifism ocks\u00e5 har f\u00f6rdjupats med \u00f6kande kunskap om m\u00e4nniskors f\u00f6rm\u00e5ga att hantera konflikter med ickev\u00e5ldsmetoder.<\/p>\n<p data-path-to-node=\"3\">Utmanad av Skeptikern beskriver hon hur m\u00e4nniskor kan v\u00e4gra socialt och ekonomiskt samarbete med en ockupationsmakt, till exempel genom att bojkotta skolor och riggade val. I sina svar p\u00e5 Skeptikerns tvivel avsl\u00f6jar hon ickev\u00e5ldskampens unika dynamik. Hon pekar p\u00e5 hur militarismen i l\u00e4ngden g\u00f6r mer skada \u00e4n nytta och unders\u00f6ker under vilka omst\u00e4ndigheter det ryska folket skulle kunna st\u00f6rta Putin fr\u00e5n makten.<\/p>\n","protected":false},"excerpt":{"rendered":"<p>Detta \u00e4r v\u00e5r egna tryckta version av Pacifism Today, tillg\u00e4ngligt p\u00e5 n\u00e5gra f\u00e5 spr\u00e5k.<\/p>\n<ul>\n<li>Danska<\/li>\n<li>Norska<\/li>\n<li>Svenska<\/li>\n<li>Tyska<\/li>\n<\/ul>\n<p>Om du f\u00f6redrar boken p\u00e5 Engelska eller annat spr\u00e5k rekommenderar vi att ladda ned v\u00e5r gratis E-boksversion eller PDF.<\/p>\n","protected":false},"featured_media":2106,"comment_status":"open","ping_status":"closed","template":"","meta":{"site-sidebar-layout":"default","site-content-layout":"","ast-site-content-layout":"default","site-content-style":"default","site-sidebar-style":"default","ast-global-header-display":"","ast-banner-title-visibility":"","ast-main-header-display":"","ast-hfb-above-header-display":"","ast-hfb-below-header-display":"","ast-hfb-mobile-header-display":"","site-post-title":"","ast-breadcrumbs-content":"","ast-featured-img":"","footer-sml-layout":"","theme-transparent-header-meta":"default","adv-header-id-meta":"","stick-header-meta":"","header-above-stick-meta":"","header-main-stick-meta":"","header-below-stick-meta":"","astra-migrate-meta-layouts":"set","ast-page-background-enabled":"default","ast-page-background-meta":{"desktop":{"background-color":"var(--ast-global-color-4)","background-image":"","background-repeat":"repeat","background-position":"center center","background-size":"auto","background-attachment":"scroll","background-type":"","background-media":"","overlay-type":"","overlay-color":"","overlay-opacity":"","overlay-gradient":""},"tablet":{"background-color":"","background-image":"","background-repeat":"repeat","background-position":"center center","background-size":"auto","background-attachment":"scroll","background-type":"","background-media":"","overlay-type":"","overlay-color":"","overlay-opacity":"","overlay-gradient":""},"mobile":{"background-color":"","background-image":"","background-repeat":"repeat","background-position":"center center","background-size":"auto","background-attachment":"scroll","background-type":"","background-media":"","overlay-type":"","overlay-color":"","overlay-opacity":"","overlay-gradient":""}},"ast-content-background-meta":{"desktop":{"background-color":"var(--ast-global-color-5)","background-image":"","background-repeat":"repeat","background-position":"center center","background-size":"auto","background-attachment":"scroll","background-type":"","background-media":"","overlay-type":"","overlay-color":"","overlay-opacity":"","overlay-gradient":""},"tablet":{"background-color":"var(--ast-global-color-5)","background-image":"","background-repeat":"repeat","background-position":"center center","background-size":"auto","background-attachment":"scroll","background-type":"","background-media":"","overlay-type":"","overlay-color":"","overlay-opacity":"","overlay-gradient":""},"mobile":{"background-color":"var(--ast-global-color-5)","background-image":"","background-repeat":"repeat","background-position":"center center","background-size":"auto","background-attachment":"scroll","background-type":"","background-media":"","overlay-type":"","overlay-color":"","overlay-opacity":"","overlay-gradient":""}}},"product_brand":[],"product_cat":[290],"product_tag":[],"class_list":{"0":"post-4411","1":"product","2":"type-product","3":"status-publish","4":"has-post-thumbnail","6":"product_cat-books","7":"pa_format-mjukinbindning","8":"pa_genre-fred","9":"pa_genre-ickevald","10":"pa_genre-politik","11":"pa_genre-sociologi","12":"pa_language-danska","13":"pa_language-norska","14":"pa_language-svenska","15":"pa_language-tyska","16":"pa_publication-year-2024-sv","17":"pa_writer-majken-jul-sorensen-sv","18":"desktop-align-center","19":"tablet-align-left","20":"mobile-align-left","21":"ast-product-gallery-layout-horizontal-slider","22":"ast-product-gallery-with-no-image","23":"ast-product-single-variable","24":"ast-product-tabs-layout-distributed","26":"first","27":"instock","28":"shipping-taxable","29":"purchasable","30":"product-type-variable"},"_links":{"self":[{"href":"https:\/\/irenepublishing.com\/sv\/wp-json\/wp\/v2\/product\/4411","targetHints":{"allow":["GET"]}}],"collection":[{"href":"https:\/\/irenepublishing.com\/sv\/wp-json\/wp\/v2\/product"}],"about":[{"href":"https:\/\/irenepublishing.com\/sv\/wp-json\/wp\/v2\/types\/product"}],"replies":[{"embeddable":true,"href":"https:\/\/irenepublishing.com\/sv\/wp-json\/wp\/v2\/comments?post=4411"}],"version-history":[{"count":5,"href":"https:\/\/irenepublishing.com\/sv\/wp-json\/wp\/v2\/product\/4411\/revisions"}],"predecessor-version":[{"id":4435,"href":"https:\/\/irenepublishing.com\/sv\/wp-json\/wp\/v2\/product\/4411\/revisions\/4435"}],"wp:featuredmedia":[{"embeddable":true,"href":"https:\/\/irenepublishing.com\/sv\/wp-json\/wp\/v2\/media\/2106"}],"wp:attachment":[{"href":"https:\/\/irenepublishing.com\/sv\/wp-json\/wp\/v2\/media?parent=4411"}],"wp:term":[{"taxonomy":"product_brand","embeddable":true,"href":"https:\/\/irenepublishing.com\/sv\/wp-json\/wp\/v2\/product_brand?post=4411"},{"taxonomy":"product_cat","embeddable":true,"href":"https:\/\/irenepublishing.com\/sv\/wp-json\/wp\/v2\/product_cat?post=4411"},{"taxonomy":"product_tag","embeddable":true,"href":"https:\/\/irenepublishing.com\/sv\/wp-json\/wp\/v2\/product_tag?post=4411"}],"curies":[{"name":"wp","href":"https:\/\/api.w.org\/{rel}","templated":true}]}}