{"id":4442,"date":"2025-12-02T17:54:31","date_gmt":"2025-12-02T16:54:31","guid":{"rendered":"https:\/\/irenepublishing.com\/?post_type=product&#038;p=4442"},"modified":"2025-12-02T17:54:31","modified_gmt":"2025-12-02T16:54:31","slug":"det-omistliga","status":"publish","type":"product","link":"https:\/\/irenepublishing.com\/sv\/produkt\/det-omistliga\/","title":{"rendered":"Det omistliga"},"content":{"rendered":"<h3>Om f\u00f6rlusten av m\u00e5ngfald i natur och kultur \u2013 och hur den kan \u00e5terskapas<\/h3>\n<p><strong>Det \u00e4r allvar nu. Det \u00e4r v\u00e5r framtid som st\u00e5r p\u00e5 spel. S\u00e5v\u00e4l kulturell som biologisk m\u00e5ngfald hotas i den globaliserade v\u00e4rld som nu l\u00f6per amok.<\/strong><\/p>\n<p>Det pris vi betalar f\u00f6r m\u00e4nsklighetens framsteg \u00e4r standardisering. Vi har utrotat sjukdomar och hungersn\u00f6d, men \u00e4ven arter och s\u00e4regna kulturer. Urskog och vildmark har omvandlats till plantager och betong\u00f6knar, sm\u00e5 spr\u00e5k f\u00f6rsvinner och lokal kunskap gl\u00f6ms bort. Vi har alla \u2013 fr\u00e5n Sverige till Seychellerna, fr\u00e5n Amazonas till Australien \u2013 utvecklats till konsumenter av samma sort. Resultatet \u00e4r allt st\u00f6rre likriktning.<\/p>\n<p>Men allt \u00e4r faktiskt inte hoppl\u00f6st. Denna bok visar b\u00e5de p\u00e5 motkrafter och f\u00f6rs\u00f6k att \u00e5terskapa m\u00e5ngfald. Det \u00e4r viktigare \u00e4n n\u00e5gonsin att visa p\u00e5 de alternativ som finns. Variationsrikedom \u00e4r livsviktig.<\/p>\n<p>S\u00e5 kan man sammanfatta k\u00e4rnan i det intellektuella arv som den norske antropologen Thomas Hylland Eriksen l\u00e4mnar efter sig. Det \u00e4r raka motsatsen till att hylla renhet eller s\u00e4tta upp st\u00e4ngsel och staket. Det handlar om de nyskapande blandformer som uppst\u00e5r d\u00e4r m\u00e4nniskor och kulturer m\u00f6ts.<\/p>\n<p>N\u00e4r Thomas Hylland Eriksen gick bort, h\u00f6sten 2024, hade han just f\u00e4rdigst\u00e4llt\u00a0<em>Det omistliga<\/em>. Denna bok blev hans sista stora projekt och sammanfattar hans livsg\u00e4rning som forskare, f\u00f6rfattare och kunskapsf\u00f6rmedlare.<\/p>\n","protected":false},"excerpt":{"rendered":"<p>Boken ges ut i samarbete med Bokf\u00f6rlaget Korpen och s\u00e4ljes via <a href=\"https:\/\/www.bokforlagetkorpen.se\/bocker\/det-omistliga\/\">bokforlagetkorpen.se\/bocker\/det-omistliga<\/a>.<\/p>\n","protected":false},"featured_media":4441,"comment_status":"open","ping_status":"closed","template":"","meta":{"site-sidebar-layout":"default","site-content-layout":"","ast-site-content-layout":"default","site-content-style":"default","site-sidebar-style":"default","ast-global-header-display":"","ast-banner-title-visibility":"","ast-main-header-display":"","ast-hfb-above-header-display":"","ast-hfb-below-header-display":"","ast-hfb-mobile-header-display":"","site-post-title":"","ast-breadcrumbs-content":"","ast-featured-img":"","footer-sml-layout":"","theme-transparent-header-meta":"default","adv-header-id-meta":"","stick-header-meta":"","header-above-stick-meta":"","header-main-stick-meta":"","header-below-stick-meta":"","astra-migrate-meta-layouts":"set","ast-page-background-enabled":"default","ast-page-background-meta":{"desktop":{"background-color":"var(--ast-global-color-4)","background-image":"","background-repeat":"repeat","background-position":"center center","background-size":"auto","background-attachment":"scroll","background-type":"","background-media":"","overlay-type":"","overlay-color":"","overlay-opacity":"","overlay-gradient":""},"tablet":{"background-color":"","background-image":"","background-repeat":"repeat","background-position":"center center","background-size":"auto","background-attachment":"scroll","background-type":"","background-media":"","overlay-type":"","overlay-color":"","overlay-opacity":"","overlay-gradient":""},"mobile":{"background-color":"","background-image":"","background-repeat":"repeat","background-position":"center center","background-size":"auto","background-attachment":"scroll","background-type":"","background-media":"","overlay-type":"","overlay-color":"","overlay-opacity":"","overlay-gradient":""}},"ast-content-background-meta":{"desktop":{"background-color":"var(--ast-global-color-5)","background-image":"","background-repeat":"repeat","background-position":"center center","background-size":"auto","background-attachment":"scroll","background-type":"","background-media":"","overlay-type":"","overlay-color":"","overlay-opacity":"","overlay-gradient":""},"tablet":{"background-color":"var(--ast-global-color-5)","background-image":"","background-repeat":"repeat","background-position":"center center","background-size":"auto","background-attachment":"scroll","background-type":"","background-media":"","overlay-type":"","overlay-color":"","overlay-opacity":"","overlay-gradient":""},"mobile":{"background-color":"var(--ast-global-color-5)","background-image":"","background-repeat":"repeat","background-position":"center center","background-size":"auto","background-attachment":"scroll","background-type":"","background-media":"","overlay-type":"","overlay-color":"","overlay-opacity":"","overlay-gradient":""}}},"product_brand":[],"product_cat":[290],"product_tag":[],"class_list":{"0":"post-4442","1":"product","2":"type-product","3":"status-publish","4":"has-post-thumbnail","6":"product_cat-books","7":"pa_format-mjukinbindning","8":"pa_language-svenska","9":"pa_publication-year-291","10":"pa_writer-thomas-hylland-eriksen","11":"desktop-align-center","12":"tablet-align-left","13":"mobile-align-left","14":"ast-product-gallery-layout-horizontal-slider","15":"ast-product-gallery-with-no-image","16":"ast-product-tabs-layout-distributed","18":"first","19":"instock","20":"shipping-taxable","21":"product-type-external"},"_links":{"self":[{"href":"https:\/\/irenepublishing.com\/sv\/wp-json\/wp\/v2\/product\/4442","targetHints":{"allow":["GET"]}}],"collection":[{"href":"https:\/\/irenepublishing.com\/sv\/wp-json\/wp\/v2\/product"}],"about":[{"href":"https:\/\/irenepublishing.com\/sv\/wp-json\/wp\/v2\/types\/product"}],"replies":[{"embeddable":true,"href":"https:\/\/irenepublishing.com\/sv\/wp-json\/wp\/v2\/comments?post=4442"}],"version-history":[{"count":3,"href":"https:\/\/irenepublishing.com\/sv\/wp-json\/wp\/v2\/product\/4442\/revisions"}],"predecessor-version":[{"id":4445,"href":"https:\/\/irenepublishing.com\/sv\/wp-json\/wp\/v2\/product\/4442\/revisions\/4445"}],"wp:featuredmedia":[{"embeddable":true,"href":"https:\/\/irenepublishing.com\/sv\/wp-json\/wp\/v2\/media\/4441"}],"wp:attachment":[{"href":"https:\/\/irenepublishing.com\/sv\/wp-json\/wp\/v2\/media?parent=4442"}],"wp:term":[{"taxonomy":"product_brand","embeddable":true,"href":"https:\/\/irenepublishing.com\/sv\/wp-json\/wp\/v2\/product_brand?post=4442"},{"taxonomy":"product_cat","embeddable":true,"href":"https:\/\/irenepublishing.com\/sv\/wp-json\/wp\/v2\/product_cat?post=4442"},{"taxonomy":"product_tag","embeddable":true,"href":"https:\/\/irenepublishing.com\/sv\/wp-json\/wp\/v2\/product_tag?post=4442"}],"curies":[{"name":"wp","href":"https:\/\/api.w.org\/{rel}","templated":true}]}}